{"id":62299,"date":"2023-06-26T11:21:42","date_gmt":"2023-06-26T11:21:42","guid":{"rendered":"https:\/\/www.ehthele.com\/essential-stud-earrings\/"},"modified":"2023-09-25T11:41:53","modified_gmt":"2023-09-25T11:41:53","slug":"essential-stud-earrings","status":"publish","type":"product","link":"https:\/\/www.ehthele.com\/fr\/essential-stud-earrings\/","title":{"rendered":"Essential Stud Earrings"},"content":{"rendered":"<p>Tombez sous le charme des sublimes boucles d&rsquo;oreilles Essential Stud Earrings de la collection Essential. Fabriqu\u00e9es \u00e0 la main avec pr\u00e9cision en or blanc 18 k, ces boucles d&rsquo;oreilles sont le summum de l&rsquo;\u00e9l\u00e9gance et de la f\u00e9minit\u00e9. Chaque boucle est sertie d&rsquo;une pierre centrale de 2 diamants taill\u00e9s en brillant, qui flatte d\u00e9licatement le teint. Ces boucles d&rsquo;oreilles en diamant se marient gracieusement avec le pendentif Essential Stud Pendant, cr\u00e9ant un ensemble captivant qui \u00e9l\u00e8ve votre style avec une simplicit\u00e9 rayonnante. En tant que bijou en diamant essentiel, ces boucles d&rsquo;oreilles sont incontournables dans toute bo\u00eete \u00e0 bijoux, parfaites pour tous les jours et les occasions sp\u00e9ciales.<\/p>\n","protected":false},"excerpt":{"rendered":"<p><span style=\"font-weight: 400;\">R\u00e9f\u00e9rence : Essential Stud Earrings boucles d&rsquo;oreilles pour femme et homme EH-E008-30WG<\/span><\/p>\n<p><span style=\"font-weight: 400;\">Collection : Essential<\/span><\/p>\n<p><span style=\"font-weight: 400;\">Type de bijoux: Boucles d&rsquo;oreilles<\/span><\/p>\n<p><span style=\"font-weight: 400;\">M\u00e9tal: Or blanc<\/span><\/p>\n<p><span style=\"font-weight: 400;\">Pierres: Diamant<\/span><\/p>\n<p><span style=\"font-weight: 400;\">Poids total du diamant: De 0,67 carats \u00e0 1,025 carats <\/span><\/p>\n<p><span style=\"font-weight: 400;\">Cat\u00e9gorie: Boucles d&rsquo;oreilles pour femmes et hommes<\/span><\/p>\n<p>&nbsp;<\/p>\n<p><span style=\"font-weight: 400;\">Toutes les pi\u00e8ces de la collection Ehthele Jewelry sont uniques. Le poids, la taille et le poids en carats de chaque pi\u00e8ce peuvent varier l\u00e9g\u00e8rement d&rsquo;une cr\u00e9ation \u00e0 l&rsquo;autre.<\/span><\/p>\n","protected":false},"featured_media":23636,"template":"","meta":[],"product_cat":[446],"product_tag":[454],"class_list":{"0":"post-62299","1":"product","2":"type-product","3":"status-publish","4":"has-post-thumbnail","6":"product_cat-boucles-doreilles","7":"product_tag-collection-diamants-essential","9":"first","10":"instock","11":"shipping-taxable","12":"purchasable","13":"product-type-variable","14":"has-default-attributes"},"acf":[],"_links":{"self":[{"href":"https:\/\/www.ehthele.com\/fr\/wp-json\/wp\/v2\/product\/62299","targetHints":{"allow":["GET"]}}],"collection":[{"href":"https:\/\/www.ehthele.com\/fr\/wp-json\/wp\/v2\/product"}],"about":[{"href":"https:\/\/www.ehthele.com\/fr\/wp-json\/wp\/v2\/types\/product"}],"wp:featuredmedia":[{"embeddable":true,"href":"https:\/\/www.ehthele.com\/fr\/wp-json\/wp\/v2\/media\/23636"}],"wp:attachment":[{"href":"https:\/\/www.ehthele.com\/fr\/wp-json\/wp\/v2\/media?parent=62299"}],"wp:term":[{"taxonomy":"product_cat","embeddable":true,"href":"https:\/\/www.ehthele.com\/fr\/wp-json\/wp\/v2\/product_cat?post=62299"},{"taxonomy":"product_tag","embeddable":true,"href":"https:\/\/www.ehthele.com\/fr\/wp-json\/wp\/v2\/product_tag?post=62299"}],"curies":[{"name":"wp","href":"https:\/\/api.w.org\/{rel}","templated":true}]}}