{"id":62293,"date":"2023-06-16T11:57:24","date_gmt":"2023-06-16T11:57:24","guid":{"rendered":"https:\/\/www.ehthele.com\/elixir-earrings\/"},"modified":"2023-09-25T11:38:43","modified_gmt":"2023-09-25T11:38:43","slug":"elixir-earrings","status":"publish","type":"product","link":"https:\/\/www.ehthele.com\/fr\/elixir-earrings\/","title":{"rendered":"Elixir Earrings"},"content":{"rendered":"<p>Ces boucles d&rsquo;oreilles de la collection enchanteresse Elixir sont synonymes d&rsquo;\u00e9l\u00e9gance. R\u00e9alis\u00e9es en or jaune 18 k, elles sont orn\u00e9es de 84 diamants taille brillant totalisant 0,77 carat. La disposition complexe des diamants cultiv\u00e9s en laboratoire met en valeur leurs courbes \u00e9l\u00e9gantes, refl\u00e9tant le jeu fascinant de la lumi\u00e8re et de la forme. La brillance dor\u00e9e des boucles d&rsquo;oreilles compl\u00e8te l&rsquo;\u00e9clat des diamants, cr\u00e9ant un m\u00e9lange harmonieux de luxe et de sophistication. Que ce soit pour une occasion sp\u00e9ciale ou pour rehausser le style de tous les jours, ces boucles d&rsquo;oreilles Elixir sont un v\u00e9ritable tr\u00e9sor.<\/p>\n","protected":false},"excerpt":{"rendered":"<p><span style=\"font-weight: 400;\">R\u00e9f\u00e9rence: Elixir Earrings boucles d&rsquo;oreilles en diamant pour femmes et hommes EH-E007YG<\/span><\/p>\n<p><span style=\"font-weight: 400;\">Collection: Elixir<\/span><\/p>\n<p><span style=\"font-weight: 400;\">Type de bijoux: Boucles d&rsquo;oreilles<\/span><\/p>\n<p><span style=\"font-weight: 400;\">M\u00e9tal: Or jaune<\/span><\/p>\n<p><span style=\"font-weight: 400;\">Pierres: Diamant<\/span><\/p>\n<p><span style=\"font-weight: 400;\">Poids total du diamant: 0,77 carats<\/span><\/p>\n<p><span style=\"font-weight: 400;\">Cat\u00e9gorie: Boucles d&rsquo;oreilles pour femmes et hommes<\/span><\/p>\n<p>&nbsp;<\/p>\n<p><span style=\"font-weight: 400;\">Toutes les pi\u00e8ces de la collection Ehthele Jewelry sont uniques. Le poids, la taille et le poids en carats de chaque pi\u00e8ce peuvent varier l\u00e9g\u00e8rement d&rsquo;une cr\u00e9ation \u00e0 l&rsquo;autre.<\/span><\/p>\n","protected":false},"featured_media":23447,"template":"","meta":[],"product_cat":[446],"product_tag":[455],"class_list":{"0":"post-62293","1":"product","2":"type-product","3":"status-publish","4":"has-post-thumbnail","6":"product_cat-boucles-doreilles","7":"product_tag-collection-diamants-elixir","9":"first","10":"instock","11":"shipping-taxable","12":"purchasable","13":"product-type-simple"},"acf":[],"_links":{"self":[{"href":"https:\/\/www.ehthele.com\/fr\/wp-json\/wp\/v2\/product\/62293","targetHints":{"allow":["GET"]}}],"collection":[{"href":"https:\/\/www.ehthele.com\/fr\/wp-json\/wp\/v2\/product"}],"about":[{"href":"https:\/\/www.ehthele.com\/fr\/wp-json\/wp\/v2\/types\/product"}],"wp:featuredmedia":[{"embeddable":true,"href":"https:\/\/www.ehthele.com\/fr\/wp-json\/wp\/v2\/media\/23447"}],"wp:attachment":[{"href":"https:\/\/www.ehthele.com\/fr\/wp-json\/wp\/v2\/media?parent=62293"}],"wp:term":[{"taxonomy":"product_cat","embeddable":true,"href":"https:\/\/www.ehthele.com\/fr\/wp-json\/wp\/v2\/product_cat?post=62293"},{"taxonomy":"product_tag","embeddable":true,"href":"https:\/\/www.ehthele.com\/fr\/wp-json\/wp\/v2\/product_tag?post=62293"}],"curies":[{"name":"wp","href":"https:\/\/api.w.org\/{rel}","templated":true}]}}