{"id":62285,"date":"2023-06-26T10:20:07","date_gmt":"2023-06-26T10:20:07","guid":{"rendered":"https:\/\/www.ehthele.com\/icon-cuff-bracelet\/"},"modified":"2023-09-25T11:32:11","modified_gmt":"2023-09-25T11:32:11","slug":"icon-cuff-bracelet","status":"publish","type":"product","link":"https:\/\/www.ehthele.com\/fr\/icon-cuff-bracelet\/","title":{"rendered":"Icon Cuff Bracelet"},"content":{"rendered":"<p>Chaque facette de cette pi\u00e8ce exquise respire la sophistication, de son design \u00e9pur\u00e9 \u00e0 l&rsquo;\u00e9clat des diamants taille brillant qui encerclent gracieusement votre poignet. Le bracelet manchette Icon en or jaune est une c\u00e9l\u00e9bration de la beaut\u00e9 intemporelle, et en ornant votre poignet de ce chef-d&rsquo;\u0153uvre, vous \u00e9prouverez un sentiment de puissance, sachant que vous poss\u00e9dez un bijou qui rayonne de brillance et rehausse chaque look.<\/p>\n","protected":false},"excerpt":{"rendered":"<p><span style=\"font-weight: 400;\">R\u00e9f\u00e9rence: Icon Cuff Bracelet bracelet en diamant pour femmes et hommes EH-B003YG<\/span><\/p>\n<p><span style=\"font-weight: 400;\">Collection: Icon<\/span><\/p>\n<p><span style=\"font-weight: 400;\">Type de bijoux: Bracelet<\/span><\/p>\n<p><span style=\"font-weight: 400;\">M\u00e9tal: Or jaune<\/span><\/p>\n<p><span style=\"font-weight: 400;\">Pierres: Diamant<\/span><\/p>\n<p><span style=\"font-weight: 400;\">Poids total des diamants: 1.66 carats \u00e0 1.91 carats<\/span><\/p>\n<p><span style=\"font-weight: 400;\">Cat\u00e9gorie : Bracelet pour femmes et hommes<\/span><\/p>\n<p>&nbsp;<\/p>\n<p><span style=\"font-weight: 400;\">Toutes les pi\u00e8ces de la collection Ehthele Jewelry sont uniques. Le poids, la taille et le poids en carats de chaque pi\u00e8ce peuvent varier l\u00e9g\u00e8rement d&rsquo;une cr\u00e9ation \u00e0 l&rsquo;autre.<\/span><\/p>\n","protected":false},"featured_media":23328,"template":"","meta":[],"product_cat":[445],"product_tag":[453],"class_list":{"0":"post-62285","1":"product","2":"type-product","3":"status-publish","4":"has-post-thumbnail","6":"product_cat-bracelets","7":"product_tag-collection-diamants-icon","9":"first","10":"instock","11":"shipping-taxable","12":"purchasable","13":"product-type-variable","14":"has-default-attributes"},"acf":[],"_links":{"self":[{"href":"https:\/\/www.ehthele.com\/fr\/wp-json\/wp\/v2\/product\/62285","targetHints":{"allow":["GET"]}}],"collection":[{"href":"https:\/\/www.ehthele.com\/fr\/wp-json\/wp\/v2\/product"}],"about":[{"href":"https:\/\/www.ehthele.com\/fr\/wp-json\/wp\/v2\/types\/product"}],"wp:featuredmedia":[{"embeddable":true,"href":"https:\/\/www.ehthele.com\/fr\/wp-json\/wp\/v2\/media\/23328"}],"wp:attachment":[{"href":"https:\/\/www.ehthele.com\/fr\/wp-json\/wp\/v2\/media?parent=62285"}],"wp:term":[{"taxonomy":"product_cat","embeddable":true,"href":"https:\/\/www.ehthele.com\/fr\/wp-json\/wp\/v2\/product_cat?post=62285"},{"taxonomy":"product_tag","embeddable":true,"href":"https:\/\/www.ehthele.com\/fr\/wp-json\/wp\/v2\/product_tag?post=62285"}],"curies":[{"name":"wp","href":"https:\/\/api.w.org\/{rel}","templated":true}]}}