{"id":62283,"date":"2023-06-26T09:26:17","date_gmt":"2023-06-26T09:26:17","guid":{"rendered":"https:\/\/www.ehthele.com\/elixir-bracelet\/"},"modified":"2023-09-19T12:21:40","modified_gmt":"2023-09-19T12:21:40","slug":"elixir-bracelet","status":"publish","type":"product","link":"https:\/\/www.ehthele.com\/fr\/elixir-bracelet\/","title":{"rendered":"Elixir Bracelet"},"content":{"rendered":"<p>Elixir Bracelet, un halo radieux de diamants \u00e9tincelants enlace gracieusement votre poignet, exhalant une \u00e9l\u00e9gance intemporelle, un plongeon s\u00e9duisant dans la collection Elixir, r\u00e9alis\u00e9e en or jaune 18 k et orn\u00e9e de 21 diamants taille brillant d&rsquo;une valeur totale de 0,25 carats. Portez ce bracelet exquis seul ou associez-le au pendentif Elixir assorti. Polyvalent et charmant, le bracelet Elixir deviendra votre pi\u00e8ce de luxe pr\u00e9f\u00e9r\u00e9e, ajoutant une touche de glamour \u00e0 toutes vos occasions quotidiennes.<\/p>\n","protected":false},"excerpt":{"rendered":"<p><span style=\"font-weight: 400;\">R\u00e9f\u00e9rence: Bracelet Elixir en diamant pour femmes et hommes EH-B006YG<\/span><\/p>\n<p><span style=\"font-weight: 400;\">Collection: Elixir<\/span><\/p>\n<p><span style=\"font-weight: 400;\">Type de bijoux: Bracelet<\/span><\/p>\n<p><span style=\"font-weight: 400;\">M\u00e9tal: Or jaune<\/span><\/p>\n<p><span style=\"font-weight: 400;\">Pierres: Diamant<\/span><\/p>\n<p><span style=\"font-weight: 400;\">Poids total du diamant: 0,25 carats <\/span><\/p>\n<p><span style=\"font-weight: 400;\">Cat\u00e9gorie : Bracelet pour femmes et hommes<\/span><\/p>\n<p>&nbsp;<\/p>\n<p><span style=\"font-weight: 400;\">Toutes les pi\u00e8ces de la collection Ehthele Jewelry sont uniques. Le poids, la taille et le poids en carats de chaque pi\u00e8ce peuvent varier l\u00e9g\u00e8rement d&rsquo;une cr\u00e9ation \u00e0 l&rsquo;autre.<\/span><\/p>\n","protected":false},"featured_media":23440,"template":"","meta":[],"product_cat":[445],"product_tag":[455],"class_list":{"0":"post-62283","1":"product","2":"type-product","3":"status-publish","4":"has-post-thumbnail","6":"product_cat-bracelets","7":"product_tag-collection-diamants-elixir","9":"first","10":"instock","11":"shipping-taxable","12":"purchasable","13":"product-type-simple"},"acf":[],"_links":{"self":[{"href":"https:\/\/www.ehthele.com\/fr\/wp-json\/wp\/v2\/product\/62283","targetHints":{"allow":["GET"]}}],"collection":[{"href":"https:\/\/www.ehthele.com\/fr\/wp-json\/wp\/v2\/product"}],"about":[{"href":"https:\/\/www.ehthele.com\/fr\/wp-json\/wp\/v2\/types\/product"}],"wp:featuredmedia":[{"embeddable":true,"href":"https:\/\/www.ehthele.com\/fr\/wp-json\/wp\/v2\/media\/23440"}],"wp:attachment":[{"href":"https:\/\/www.ehthele.com\/fr\/wp-json\/wp\/v2\/media?parent=62283"}],"wp:term":[{"taxonomy":"product_cat","embeddable":true,"href":"https:\/\/www.ehthele.com\/fr\/wp-json\/wp\/v2\/product_cat?post=62283"},{"taxonomy":"product_tag","embeddable":true,"href":"https:\/\/www.ehthele.com\/fr\/wp-json\/wp\/v2\/product_tag?post=62283"}],"curies":[{"name":"wp","href":"https:\/\/api.w.org\/{rel}","templated":true}]}}