{"id":62277,"date":"2023-06-26T11:10:26","date_gmt":"2023-06-26T11:10:26","guid":{"rendered":"https:\/\/www.ehthele.com\/essential-trinity-bracelet\/"},"modified":"2023-09-19T12:29:26","modified_gmt":"2023-09-19T12:29:26","slug":"essential-trinity-bracelet","status":"publish","type":"product","link":"https:\/\/www.ehthele.com\/fr\/essential-trinity-bracelet\/","title":{"rendered":"Essential Trinity Bracelet"},"content":{"rendered":"<p>La brillance opulente se m\u00eale \u00e0 l&rsquo;\u00e9l\u00e9gance intemporelle et prend vie dans l&rsquo;\u00e9clat du bracelet Essential Trinity Bracelet. R\u00e9alis\u00e9 en or blanc 18 k et orn\u00e9 d&rsquo;un somptueux ensemble de diamants taille brillant, il \u00e9blouit votre poignet par son design sophistiqu\u00e9. Plus qu&rsquo;un accessoire, ce bracelet est une parure \u00e9tonnante r\u00e9serv\u00e9e aux occasions sp\u00e9ciales et aux moments inoubliables. Il allie la fusion de l&rsquo;or blanc exquis et l&rsquo;\u00e9clat envo\u00fbtant des diamants, entrelac\u00e9s dans une danse harmonieuse de luxe et de glamour.<\/p>\n","protected":false},"excerpt":{"rendered":"<p><span style=\"font-weight: 400;\">R\u00e9f\u00e9rence: Essential Trinity Bracelet diamant pour femmes et hommes EH-B007WG<\/span><\/p>\n<p><span style=\"font-weight: 400;\">Collection : Essential<\/span><\/p>\n<p><span style=\"font-weight: 400;\">Type de bijoux: Bracelet<\/span><\/p>\n<p><span style=\"font-weight: 400;\">M\u00e9tal: Or blanc<\/span><\/p>\n<p><span style=\"font-weight: 400;\">Pierres: Diamant<\/span><\/p>\n<p><span style=\"font-weight: 400;\">Poids total des diamants: 6,930 carats \u00e0 7,320 carats <\/span><\/p>\n<p><span style=\"font-weight: 400;\">Cat\u00e9gorie : Bracelet pour femmes et hommes<\/span><\/p>\n<p>&nbsp;<\/p>\n<p><span style=\"font-weight: 400;\">Toutes les pi\u00e8ces de la collection Ehthele Jewelry sont uniques. Le poids, la taille et le poids en carats de chaque pi\u00e8ce peuvent varier l\u00e9g\u00e8rement d&rsquo;une cr\u00e9ation \u00e0 l&rsquo;autre.<\/span><\/p>\n","protected":false},"featured_media":23720,"template":"","meta":[],"product_cat":[445],"product_tag":[454],"class_list":{"0":"post-62277","1":"product","2":"type-product","3":"status-publish","4":"has-post-thumbnail","6":"product_cat-bracelets","7":"product_tag-collection-diamants-essential","9":"first","10":"instock","11":"shipping-taxable","12":"purchasable","13":"product-type-variable","14":"has-default-attributes"},"acf":[],"_links":{"self":[{"href":"https:\/\/www.ehthele.com\/fr\/wp-json\/wp\/v2\/product\/62277","targetHints":{"allow":["GET"]}}],"collection":[{"href":"https:\/\/www.ehthele.com\/fr\/wp-json\/wp\/v2\/product"}],"about":[{"href":"https:\/\/www.ehthele.com\/fr\/wp-json\/wp\/v2\/types\/product"}],"wp:featuredmedia":[{"embeddable":true,"href":"https:\/\/www.ehthele.com\/fr\/wp-json\/wp\/v2\/media\/23720"}],"wp:attachment":[{"href":"https:\/\/www.ehthele.com\/fr\/wp-json\/wp\/v2\/media?parent=62277"}],"wp:term":[{"taxonomy":"product_cat","embeddable":true,"href":"https:\/\/www.ehthele.com\/fr\/wp-json\/wp\/v2\/product_cat?post=62277"},{"taxonomy":"product_tag","embeddable":true,"href":"https:\/\/www.ehthele.com\/fr\/wp-json\/wp\/v2\/product_tag?post=62277"}],"curies":[{"name":"wp","href":"https:\/\/api.w.org\/{rel}","templated":true}]}}