{"id":62271,"date":"2023-06-26T11:06:44","date_gmt":"2023-06-26T11:06:44","guid":{"rendered":"https:\/\/www.ehthele.com\/essential-tenis-bracelet\/"},"modified":"2023-09-25T11:30:44","modified_gmt":"2023-09-25T11:30:44","slug":"essential-tenis-bracelet","status":"publish","type":"product","link":"https:\/\/www.ehthele.com\/fr\/essential-tenis-bracelet\/","title":{"rendered":"Essential Tenis Bracelet"},"content":{"rendered":"<p>Avec ce bracelet en or blanc 18 k, Ehthele remet au go\u00fbt du jour le cordon classique en diamant pour femmes et hommes. Serti de diamants taille brillant, ce cordon l\u00e9ger est tr\u00e8s facile \u00e0 mettre et \u00e0 enlever du poignet et s&rsquo;adapte \u00e0 toutes les morphologies gr\u00e2ce \u00e0 sa flexibilit\u00e9. Chic et minimaliste, l&rsquo;Essential Tennis Bracelet deviendra rapidement le bracelet f\u00e9tiche en diamant d&rsquo;or blanc que vous ne quitterez plus. Ce bracelet luxueux s&rsquo;associe \u00e0 toutes les tenues et met en valeur votre look. L&rsquo;or blanc se marie harmonieusement avec les pierres pr\u00e9cieuses, mettant en valeur l&rsquo;apesanteur des diamants.<\/p>\n","protected":false},"excerpt":{"rendered":"<p><span style=\"font-weight: 400;\">R\u00e9f\u00e9rence: Essential Tennis Bracelet bracelet en diamant pour femmes et hommes EH-B008WG<\/span><\/p>\n<p><span style=\"font-weight: 400;\">Collection: Icon<\/span><\/p>\n<p><span style=\"font-weight: 400;\">Type de bijoux: Bracelet<\/span><\/p>\n<p><span style=\"font-weight: 400;\">M\u00e9tal: Or blanc<\/span><\/p>\n<p><span style=\"font-weight: 400;\">Pierres: Diamant<\/span><\/p>\n<p><span style=\"font-weight: 400;\">Poids total des diamants: 3,370 carats \u00e0 3,740 carats<\/span><\/p>\n<p><span style=\"font-weight: 400;\">Cat\u00e9gorie: Bracelet pour femmes et hommes<\/span><\/p>\n<p>&nbsp;<\/p>\n<p><span style=\"font-weight: 400;\">Toutes les pi\u00e8ces de la collection Ehthele Jewelry sont uniques. Le poids, la taille et le poids en carats de chaque pi\u00e8ce peuvent varier l\u00e9g\u00e8rement d&rsquo;une cr\u00e9ation \u00e0 l&rsquo;autre.<\/span><\/p>\n","protected":false},"featured_media":23685,"template":"","meta":[],"product_cat":[445],"product_tag":[454],"class_list":{"0":"post-62271","1":"product","2":"type-product","3":"status-publish","4":"has-post-thumbnail","6":"product_cat-bracelets","7":"product_tag-collection-diamants-essential","9":"first","10":"instock","11":"shipping-taxable","12":"purchasable","13":"product-type-variable","14":"has-default-attributes"},"acf":[],"_links":{"self":[{"href":"https:\/\/www.ehthele.com\/fr\/wp-json\/wp\/v2\/product\/62271","targetHints":{"allow":["GET"]}}],"collection":[{"href":"https:\/\/www.ehthele.com\/fr\/wp-json\/wp\/v2\/product"}],"about":[{"href":"https:\/\/www.ehthele.com\/fr\/wp-json\/wp\/v2\/types\/product"}],"wp:featuredmedia":[{"embeddable":true,"href":"https:\/\/www.ehthele.com\/fr\/wp-json\/wp\/v2\/media\/23685"}],"wp:attachment":[{"href":"https:\/\/www.ehthele.com\/fr\/wp-json\/wp\/v2\/media?parent=62271"}],"wp:term":[{"taxonomy":"product_cat","embeddable":true,"href":"https:\/\/www.ehthele.com\/fr\/wp-json\/wp\/v2\/product_cat?post=62271"},{"taxonomy":"product_tag","embeddable":true,"href":"https:\/\/www.ehthele.com\/fr\/wp-json\/wp\/v2\/product_tag?post=62271"}],"curies":[{"name":"wp","href":"https:\/\/api.w.org\/{rel}","templated":true}]}}