{"id":62263,"date":"2023-06-26T10:06:33","date_gmt":"2023-06-26T10:06:33","guid":{"rendered":"https:\/\/www.ehthele.com\/icon-twin-bracelet\/"},"modified":"2023-09-25T11:33:04","modified_gmt":"2023-09-25T11:33:04","slug":"icon-twin-bracelet","status":"publish","type":"product","link":"https:\/\/www.ehthele.com\/fr\/icon-twin-bracelet\/","title":{"rendered":"Icon Twin Bracelet"},"content":{"rendered":"<p>Le bracelet Icon Twin Bracelet de la collection Icon allie \u00e0 la perfection audace et raffinement, symbolisant l&rsquo;essence m\u00eame du savoir-faire joaillier d&rsquo;Ehthele. Chacun des 196 diamants taille brillant, totalisant 1,78 carat, repr\u00e9sente une c\u00e9l\u00e9bration des moments pr\u00e9cieux de la vie, faisant de ce bracelet non seulement un accessoire de luxe, mais aussi un souvenir pr\u00e9cieux. Fabriqu\u00e9 \u00e0 la main \u00e0 la perfection, ce chef-d&rsquo;\u0153uvre rayonne de sophistication et de charme, mettant en valeur l&rsquo;art d&rsquo;Ehthele.<\/p>\n","protected":false},"excerpt":{"rendered":"<p><span style=\"font-weight: 400;\">R\u00e9f\u00e9rence: Icon Twin Bracelet S bracelet en diamant pour femmes et hommes EH-B002YG<\/span><\/p>\n<p><span style=\"font-weight: 400;\">Collection: Icon<\/span><\/p>\n<p><span style=\"font-weight: 400;\">Type de bijoux: Bracelet<\/span><\/p>\n<p><span style=\"font-weight: 400;\">M\u00e9tal: Or jaune<\/span><\/p>\n<p><span style=\"font-weight: 400;\">Pierres: Diamant<\/span><\/p>\n<p><span style=\"font-weight: 400;\">Poids total des diamants: 1,78 carats<\/span><\/p>\n<p><span style=\"font-weight: 400;\">Cat\u00e9gorie: Bracelet pour femmes et hommes<\/span><\/p>\n<p>&nbsp;<\/p>\n<p><span style=\"font-weight: 400;\">Toutes les pi\u00e8ces de la collection Ehthele Jewelry sont uniques. Le poids, la taille et le poids en carats de chaque pi\u00e8ce peuvent varier l\u00e9g\u00e8rement d&rsquo;une cr\u00e9ation \u00e0 l&rsquo;autre.<\/span><\/p>\n","protected":false},"featured_media":23335,"template":"","meta":[],"product_cat":[445],"product_tag":[453],"class_list":{"0":"post-62263","1":"product","2":"type-product","3":"status-publish","4":"has-post-thumbnail","6":"product_cat-bracelets","7":"product_tag-collection-diamants-icon","9":"first","10":"instock","11":"shipping-taxable","12":"purchasable","13":"product-type-variable","14":"has-default-attributes"},"acf":[],"_links":{"self":[{"href":"https:\/\/www.ehthele.com\/fr\/wp-json\/wp\/v2\/product\/62263","targetHints":{"allow":["GET"]}}],"collection":[{"href":"https:\/\/www.ehthele.com\/fr\/wp-json\/wp\/v2\/product"}],"about":[{"href":"https:\/\/www.ehthele.com\/fr\/wp-json\/wp\/v2\/types\/product"}],"wp:featuredmedia":[{"embeddable":true,"href":"https:\/\/www.ehthele.com\/fr\/wp-json\/wp\/v2\/media\/23335"}],"wp:attachment":[{"href":"https:\/\/www.ehthele.com\/fr\/wp-json\/wp\/v2\/media?parent=62263"}],"wp:term":[{"taxonomy":"product_cat","embeddable":true,"href":"https:\/\/www.ehthele.com\/fr\/wp-json\/wp\/v2\/product_cat?post=62263"},{"taxonomy":"product_tag","embeddable":true,"href":"https:\/\/www.ehthele.com\/fr\/wp-json\/wp\/v2\/product_tag?post=62263"}],"curies":[{"name":"wp","href":"https:\/\/api.w.org\/{rel}","templated":true}]}}