{"id":62257,"date":"2023-06-26T11:19:59","date_gmt":"2023-06-26T11:19:59","guid":{"rendered":"https:\/\/www.ehthele.com\/essential-stud-pendant\/"},"modified":"2023-09-19T12:26:42","modified_gmt":"2023-09-19T12:26:42","slug":"essential-stud-pendant","status":"publish","type":"product","link":"https:\/\/www.ehthele.com\/fr\/essential-stud-pendant\/","title":{"rendered":"Essential Stud Pendant"},"content":{"rendered":"<p>C\u00e9l\u00e9brez les moments les plus pr\u00e9cieux de la vie avec le pendentif Essential Stud Pendant de la collection Essential. R\u00e9alis\u00e9 en or blanc 18 k et orn\u00e9 d&rsquo;un diamant taille brillant, ce pendentif est un v\u00e9ritable symbole de sophistication. Lorsque vous portez le pendentif Essential Stud Pendant, il devient plus qu&rsquo;un simple collier luxueux pour femmes et hommes &#8211; il devient un \u00e9l\u00e9ment de base pr\u00e9cieux, un cadeau intemporel ou un plaisir pour vous-m\u00eame. Laissez ce pendentif vous rappeler constamment la beaut\u00e9 raffin\u00e9e et la joie qui accompagnent chaque \u00e9tape de la vie.<\/p>\n","protected":false},"excerpt":{"rendered":"<p><span style=\"font-weight: 400;\">R\u00e9f\u00e9rence: Essential Stud Pendant collier en diamant pour femmes et hommes EH-N008-100WG<\/span><\/p>\n<p><span style=\"font-weight: 400;\">Collection : Essential<\/span><\/p>\n<p><span style=\"font-weight: 400;\">Type de bijoux: Collier<\/span><\/p>\n<p><span style=\"font-weight: 400;\">M\u00e9tal: Or blanc<\/span><\/p>\n<p><span style=\"font-weight: 400;\">Pierres: Diamant<\/span><\/p>\n<p><span style=\"font-weight: 400;\">Poids total des diamants: 1,08 carats \u00e0 1,53 carats<\/span><\/p>\n<p><span style=\"font-weight: 400;\">Cat\u00e9gorie: Colliers pour femmes et hommes<\/span><\/p>\n<p>&nbsp;<\/p>\n<p><span style=\"font-weight: 400;\">Toutes les pi\u00e8ces de la collection Ehthele Jewelry sont uniques. Le poids, la taille et le poids en carats de chaque pi\u00e8ce peuvent varier l\u00e9g\u00e8rement d&rsquo;une cr\u00e9ation \u00e0 l&rsquo;autre.<\/span><\/p>\n","protected":false},"featured_media":23643,"template":"","meta":[],"product_cat":[444],"product_tag":[454],"class_list":{"0":"post-62257","1":"product","2":"type-product","3":"status-publish","4":"has-post-thumbnail","6":"product_cat-colliers","7":"product_tag-collection-diamants-essential","9":"first","10":"instock","11":"shipping-taxable","12":"purchasable","13":"product-type-variable","14":"has-default-attributes"},"acf":[],"_links":{"self":[{"href":"https:\/\/www.ehthele.com\/fr\/wp-json\/wp\/v2\/product\/62257","targetHints":{"allow":["GET"]}}],"collection":[{"href":"https:\/\/www.ehthele.com\/fr\/wp-json\/wp\/v2\/product"}],"about":[{"href":"https:\/\/www.ehthele.com\/fr\/wp-json\/wp\/v2\/types\/product"}],"wp:featuredmedia":[{"embeddable":true,"href":"https:\/\/www.ehthele.com\/fr\/wp-json\/wp\/v2\/media\/23643"}],"wp:attachment":[{"href":"https:\/\/www.ehthele.com\/fr\/wp-json\/wp\/v2\/media?parent=62257"}],"wp:term":[{"taxonomy":"product_cat","embeddable":true,"href":"https:\/\/www.ehthele.com\/fr\/wp-json\/wp\/v2\/product_cat?post=62257"},{"taxonomy":"product_tag","embeddable":true,"href":"https:\/\/www.ehthele.com\/fr\/wp-json\/wp\/v2\/product_tag?post=62257"}],"curies":[{"name":"wp","href":"https:\/\/api.w.org\/{rel}","templated":true}]}}