{"id":62251,"date":"2023-06-26T10:27:14","date_gmt":"2023-06-26T10:27:14","guid":{"rendered":"https:\/\/www.ehthele.com\/icon-necklace-choker-cut\/"},"modified":"2023-09-19T12:15:39","modified_gmt":"2023-09-19T12:15:39","slug":"icon-necklace-choker-cut","status":"publish","type":"product","link":"https:\/\/www.ehthele.com\/fr\/icon-necklace-choker-cut\/","title":{"rendered":"Icon Necklace Choker Cut"},"content":{"rendered":"<p>R\u00e9alis\u00e9 en or jaune 18 k, le collier tour de cou Icon rehaussera votre style gr\u00e2ce \u00e0 son charme exquis et \u00e0 l&rsquo;impression durable qu&rsquo;il laisse. Son pav\u00e9 de 286 diamants taille brillant, totalisant 2,59 carats, cr\u00e9e un spectacle \u00e9blouissant de brillance et d&rsquo;\u00e9clat. La disposition m\u00e9ticuleuse des diamants cr\u00e9e un motif envo\u00fbtant qui accentue les courbes \u00e9l\u00e9gantes du collier. Fabriqu\u00e9 avec pr\u00e9cision, ce collier t\u00e9moigne du savoir-faire impeccable d&rsquo;Ehthele. Une pi\u00e8ce unique, parfaite pour celles qui recherchent une touche de glamour et de luxe. Explorez la collection Icon en ligne ou visitez nos boutiques pour d\u00e9couvrir d&rsquo;autres cr\u00e9ations exceptionnelles.<\/p>\n","protected":false},"excerpt":{"rendered":"<p><span style=\"font-weight: 400;\">R\u00e9f\u00e9rence: Icon Necklace Choker Cut collier ras de cou en diamants taill\u00e9s pour femmes et hommes EH-N003YG<\/span><\/p>\n<p><span style=\"font-weight: 400;\">Collection: Icon<\/span><\/p>\n<p><span style=\"font-weight: 400;\">Type de bijoux: Collier<\/span><\/p>\n<p><span style=\"font-weight: 400;\">M\u00e9tal: Or jaune<\/span><\/p>\n<p><span style=\"font-weight: 400;\">Pierres: Diamant<\/span><\/p>\n<p><span style=\"font-weight: 400;\">Poids total des diamants: 2,59 carats <\/span><\/p>\n<p><span style=\"font-weight: 400;\">Cat\u00e9gorie: Colliers pour femmes et hommes<\/span><\/p>\n<p>&nbsp;<\/p>\n<p><span style=\"font-weight: 400;\">Toutes les pi\u00e8ces de la collection Ehthele Jewelry sont uniques. Le poids, la taille et le poids en carats de chaque pi\u00e8ce peuvent varier l\u00e9g\u00e8rement d&rsquo;une cr\u00e9ation \u00e0 l&rsquo;autre.<\/span><\/p>\n","protected":false},"featured_media":23398,"template":"","meta":[],"product_cat":[444],"product_tag":[453],"class_list":{"0":"post-62251","1":"product","2":"type-product","3":"status-publish","4":"has-post-thumbnail","6":"product_cat-colliers","7":"product_tag-collection-diamants-icon","9":"first","10":"instock","11":"shipping-taxable","12":"purchasable","13":"product-type-simple"},"acf":[],"_links":{"self":[{"href":"https:\/\/www.ehthele.com\/fr\/wp-json\/wp\/v2\/product\/62251","targetHints":{"allow":["GET"]}}],"collection":[{"href":"https:\/\/www.ehthele.com\/fr\/wp-json\/wp\/v2\/product"}],"about":[{"href":"https:\/\/www.ehthele.com\/fr\/wp-json\/wp\/v2\/types\/product"}],"wp:featuredmedia":[{"embeddable":true,"href":"https:\/\/www.ehthele.com\/fr\/wp-json\/wp\/v2\/media\/23398"}],"wp:attachment":[{"href":"https:\/\/www.ehthele.com\/fr\/wp-json\/wp\/v2\/media?parent=62251"}],"wp:term":[{"taxonomy":"product_cat","embeddable":true,"href":"https:\/\/www.ehthele.com\/fr\/wp-json\/wp\/v2\/product_cat?post=62251"},{"taxonomy":"product_tag","embeddable":true,"href":"https:\/\/www.ehthele.com\/fr\/wp-json\/wp\/v2\/product_tag?post=62251"}],"curies":[{"name":"wp","href":"https:\/\/api.w.org\/{rel}","templated":true}]}}