{"id":62231,"date":"2023-06-26T09:42:32","date_gmt":"2023-06-26T09:42:32","guid":{"rendered":"https:\/\/www.ehthele.com\/icon-twin-ring\/"},"modified":"2023-09-25T11:27:44","modified_gmt":"2023-09-25T11:27:44","slug":"icon-twin-ring","status":"publish","type":"product","link":"https:\/\/www.ehthele.com\/fr\/icon-twin-ring\/","title":{"rendered":"Icon Twin Ring"},"content":{"rendered":"<p>La Icon Twin Ring s&rsquo;enroule autour de votre doigt comme un anneau d&rsquo;or. R\u00e9alis\u00e9e en or jaune 18 k, cette bague exquise est orn\u00e9e de 74 diamants taille brillant d&rsquo;une valeur totale de 0,675 carat. La disposition rythmique des diamants cultiv\u00e9s en laboratoire refl\u00e8te la fluidit\u00e9 de vos gestes, ajoutant une brillance enchanteresse \u00e0 chacun de vos mouvements. L&rsquo;or jaune symbolique, synonyme de pr\u00e9ciosit\u00e9, embellit et caresse les diamants, leur donnant une touche de douceur et d&rsquo;\u00e9clat. D\u00e9couvrez la bague diamant en or jaune parfaite, destin\u00e9e \u00e0 \u00eatre votre fid\u00e8le compagnon dans les moments de tous les jours.<\/p>\n","protected":false},"excerpt":{"rendered":"<p><span style=\"font-weight: 400;\">R\u00e9f\u00e9rence: Icon Twin Ring bague en diamant pour femmes et hommes EH-R001YG<\/span><\/p>\n<p><span style=\"font-weight: 400;\">Collection: Icon <\/span><\/p>\n<p><span style=\"font-weight: 400;\">Type de bijoux: Bague<\/span><\/p>\n<p><span style=\"font-weight: 400;\">M\u00e9tal: Or jaune<\/span><\/p>\n<p><span style=\"font-weight: 400;\">Pierres: Diamant<\/span><\/p>\n<p><span style=\"font-weight: 400;\">Poids total du diamant : 0,675 carats <\/span><\/p>\n<p><span style=\"font-weight: 400;\">Cat\u00e9gorie: Bagues pour femmes et hommes <\/span><\/p>\n<p>&nbsp;<\/p>\n<p><span style=\"font-weight: 400;\">Toutes les pi\u00e8ces de la collection Ehthele Jewelry sont uniques. Le poids, la taille et le poids en carats de chaque pi\u00e8ce peuvent varier l\u00e9g\u00e8rement d&rsquo;une cr\u00e9ation \u00e0 l&rsquo;autre.<\/span><\/p>\n","protected":false},"featured_media":23426,"template":"","meta":[],"product_cat":[443],"product_tag":[453],"class_list":{"0":"post-62231","1":"product","2":"type-product","3":"status-publish","4":"has-post-thumbnail","6":"product_cat-bagues","7":"product_tag-collection-diamants-icon","9":"first","10":"instock","11":"shipping-taxable","12":"purchasable","13":"product-type-variable","14":"has-default-attributes"},"acf":[],"_links":{"self":[{"href":"https:\/\/www.ehthele.com\/fr\/wp-json\/wp\/v2\/product\/62231","targetHints":{"allow":["GET"]}}],"collection":[{"href":"https:\/\/www.ehthele.com\/fr\/wp-json\/wp\/v2\/product"}],"about":[{"href":"https:\/\/www.ehthele.com\/fr\/wp-json\/wp\/v2\/types\/product"}],"wp:featuredmedia":[{"embeddable":true,"href":"https:\/\/www.ehthele.com\/fr\/wp-json\/wp\/v2\/media\/23426"}],"wp:attachment":[{"href":"https:\/\/www.ehthele.com\/fr\/wp-json\/wp\/v2\/media?parent=62231"}],"wp:term":[{"taxonomy":"product_cat","embeddable":true,"href":"https:\/\/www.ehthele.com\/fr\/wp-json\/wp\/v2\/product_cat?post=62231"},{"taxonomy":"product_tag","embeddable":true,"href":"https:\/\/www.ehthele.com\/fr\/wp-json\/wp\/v2\/product_tag?post=62231"}],"curies":[{"name":"wp","href":"https:\/\/api.w.org\/{rel}","templated":true}]}}