{"id":62223,"date":"2023-06-26T09:31:59","date_gmt":"2023-06-26T09:31:59","guid":{"rendered":"https:\/\/www.ehthele.com\/icon-asymmetry-ring\/"},"modified":"2023-09-25T13:00:07","modified_gmt":"2023-09-25T13:00:07","slug":"icon-asymmetry-ring","status":"publish","type":"product","link":"https:\/\/www.ehthele.com\/fr\/icon-asymmetry-ring\/","title":{"rendered":"Icon Asymmetry Ring"},"content":{"rendered":"<p>Lib\u00e9rez votre sens de l&rsquo;individualit\u00e9 avec la captivante bague Icon Asymmetry Ring de la collection Icon. R\u00e9alis\u00e9e en or jaune 18 k, cette bague c\u00e9l\u00e8bre la beaut\u00e9 de l&rsquo;asym\u00e9trie comme \u00e9l\u00e9ment d&rsquo;\u00e9l\u00e9gance. Pav\u00e9e de 57 diamants taille brillant d&rsquo;une valeur totale de 0,522 carat, cette pi\u00e8ce d\u00e9gage un charme unique qui la distingue des autres. La disposition non conventionnelle des diamants cultiv\u00e9s en laboratoire cr\u00e9e un effet visuel envo\u00fbtant qui capte le regard sous tous les angles. M\u00e9ticuleusement fabriqu\u00e9e \u00e0 la main, cette bague met en valeur l&rsquo;art d&rsquo;Ehthele dans une fusion harmonieuse de chaleur et de splendeur.<\/p>\n","protected":false},"excerpt":{"rendered":"<p><span style=\"font-weight: 400;\">R\u00e9f\u00e9rence: Icon Asymmetry Ring bague en diamant pour femmes et hommes EH-R002YG<\/span><\/p>\n<p><span style=\"font-weight: 400;\">Collection: Icon <\/span><\/p>\n<p><span style=\"font-weight: 400;\">Type de bijoux: Bague<\/span><\/p>\n<p><span style=\"font-weight: 400;\">M\u00e9tal: Or jaune<\/span><\/p>\n<p><span style=\"font-weight: 400;\">Pierres: Diamant<\/span><\/p>\n<p><span style=\"font-weight: 400;\">Poids total du diamant: 0,522 carats <\/span><\/p>\n<p><span style=\"font-weight: 400;\">Cat\u00e9gorie: Bagues pour femmes et hommes <\/span><\/p>\n<p>&nbsp;<\/p>\n<p><span style=\"font-weight: 400;\">Toutes les pi\u00e8ces de la collection Ehthele Jewelry sont uniques. Le poids, la taille et le poids en carats de chaque pi\u00e8ce peuvent varier l\u00e9g\u00e8rement d&rsquo;une cr\u00e9ation \u00e0 l&rsquo;autre.<\/span><\/p>\n","protected":false},"featured_media":23412,"template":"","meta":[],"product_cat":[443],"product_tag":[453],"class_list":{"0":"post-62223","1":"product","2":"type-product","3":"status-publish","4":"has-post-thumbnail","6":"product_cat-bagues","7":"product_tag-collection-diamants-icon","9":"first","10":"instock","11":"shipping-taxable","12":"purchasable","13":"product-type-variable","14":"has-default-attributes"},"acf":[],"_links":{"self":[{"href":"https:\/\/www.ehthele.com\/fr\/wp-json\/wp\/v2\/product\/62223","targetHints":{"allow":["GET"]}}],"collection":[{"href":"https:\/\/www.ehthele.com\/fr\/wp-json\/wp\/v2\/product"}],"about":[{"href":"https:\/\/www.ehthele.com\/fr\/wp-json\/wp\/v2\/types\/product"}],"wp:featuredmedia":[{"embeddable":true,"href":"https:\/\/www.ehthele.com\/fr\/wp-json\/wp\/v2\/media\/23412"}],"wp:attachment":[{"href":"https:\/\/www.ehthele.com\/fr\/wp-json\/wp\/v2\/media?parent=62223"}],"wp:term":[{"taxonomy":"product_cat","embeddable":true,"href":"https:\/\/www.ehthele.com\/fr\/wp-json\/wp\/v2\/product_cat?post=62223"},{"taxonomy":"product_tag","embeddable":true,"href":"https:\/\/www.ehthele.com\/fr\/wp-json\/wp\/v2\/product_tag?post=62223"}],"curies":[{"name":"wp","href":"https:\/\/api.w.org\/{rel}","templated":true}]}}