{"id":62206,"date":"2023-06-26T10:51:47","date_gmt":"2023-06-26T10:51:47","guid":{"rendered":"https:\/\/www.ehthele.com\/essential-classic-ring\/"},"modified":"2023-09-19T12:31:41","modified_gmt":"2023-09-19T12:31:41","slug":"essential-classic-ring","status":"publish","type":"product","link":"https:\/\/www.ehthele.com\/fr\/essential-classic-ring\/","title":{"rendered":"Essential Classic Ring"},"content":{"rendered":"<p><span style=\"font-weight: 400;\">D\u00e9couvrez l&rsquo;\u00e9l\u00e9gance intemporelle de la bague Essential Classic Ring. R\u00e9alis\u00e9e en or blanc 18 k et sertie de 19 diamants taille brillant d&rsquo;une valeur totale de 0,5 carat, cette bague de fian\u00e7ailles respire la sophistication et la gr\u00e2ce. Le diamant solitaire cultiv\u00e9 en laboratoire occupe le devant de la sc\u00e8ne avec sa splendeur envo\u00fbtante. Le d\u00e9licat pavage ajoute une touche d&rsquo;\u00e9clat, rehaussant la beaut\u00e9 g\u00e9n\u00e9rale de cette bague solitaire classique. <\/span><\/p>\n","protected":false},"excerpt":{"rendered":"<p><span style=\"font-weight: 400;\">R\u00e9f\u00e9rence : Essential Classic Ring bague en diamant pour femmes et hommes EH-R009-30WG<\/span><\/p>\n<p><span style=\"font-weight: 400;\">Collection: Essential <\/span><\/p>\n<p><span style=\"font-weight: 400;\">Type de bijoux: Bague<\/span><\/p>\n<p><span style=\"font-weight: 400;\">M\u00e9tal: Or blanc<\/span><\/p>\n<p><span style=\"font-weight: 400;\">Pierres: Diamant<\/span><\/p>\n<p><span style=\"font-weight: 400;\">Poids total des diamants: 0,5 carats <\/span><\/p>\n<p><span style=\"font-weight: 400;\">Cat\u00e9gorie: Bagues pour femmes et hommes <\/span><\/p>\n<p>&nbsp;<\/p>\n<p><span style=\"font-weight: 400;\">Toutes les pi\u00e8ces de la collection Ehthele Jewelry sont uniques. Le poids, la taille et le poids en carats de chaque pi\u00e8ce peuvent varier l\u00e9g\u00e8rement d&rsquo;une cr\u00e9ation \u00e0 l&rsquo;autre.<\/span><\/p>\n","protected":false},"featured_media":23622,"template":"","meta":[],"product_cat":[443],"product_tag":[454],"class_list":{"0":"post-62206","1":"product","2":"type-product","3":"status-publish","4":"has-post-thumbnail","6":"product_cat-bagues","7":"product_tag-collection-diamants-essential","9":"first","10":"instock","11":"shipping-taxable","12":"purchasable","13":"product-type-variable","14":"has-default-attributes"},"acf":[],"_links":{"self":[{"href":"https:\/\/www.ehthele.com\/fr\/wp-json\/wp\/v2\/product\/62206","targetHints":{"allow":["GET"]}}],"collection":[{"href":"https:\/\/www.ehthele.com\/fr\/wp-json\/wp\/v2\/product"}],"about":[{"href":"https:\/\/www.ehthele.com\/fr\/wp-json\/wp\/v2\/types\/product"}],"wp:featuredmedia":[{"embeddable":true,"href":"https:\/\/www.ehthele.com\/fr\/wp-json\/wp\/v2\/media\/23622"}],"wp:attachment":[{"href":"https:\/\/www.ehthele.com\/fr\/wp-json\/wp\/v2\/media?parent=62206"}],"wp:term":[{"taxonomy":"product_cat","embeddable":true,"href":"https:\/\/www.ehthele.com\/fr\/wp-json\/wp\/v2\/product_cat?post=62206"},{"taxonomy":"product_tag","embeddable":true,"href":"https:\/\/www.ehthele.com\/fr\/wp-json\/wp\/v2\/product_tag?post=62206"}],"curies":[{"name":"wp","href":"https:\/\/api.w.org\/{rel}","templated":true}]}}