{"id":62198,"date":"2023-06-26T10:45:02","date_gmt":"2023-06-26T10:45:02","guid":{"rendered":"https:\/\/www.ehthele.com\/essential-trinity-ring\/"},"modified":"2023-09-29T14:21:18","modified_gmt":"2023-09-29T14:21:18","slug":"anneau-trinite-essentiel","status":"publish","type":"product","link":"https:\/\/www.ehthele.com\/fr\/anneau-trinite-essentiel\/","title":{"rendered":"Bague essentielle de la Trinit\u00e9"},"content":{"rendered":"<p><span style=\"font-weight: 400;\">Un jeu de trois diamants cultiv\u00e9s en laboratoire, la bague Essential Trinity combine une ligne classique intemporelle avec la touche moderne d&rsquo;Ehthele. Enveloppez votre doigt dans la lumi\u00e8re \u00e9tincelante de 3 diamants taille brillant, totalisant 0,98 carats. L&rsquo;or blanc, avec son doux \u00e9clat m\u00e9tallique, rehausse le design et transcende l&rsquo;\u00e9clat des pierres.<\/span><\/p>\n","protected":false},"excerpt":{"rendered":"<p><span style=\"font-weight: 400;\">R\u00e9f\u00e9rence : Essential Trinity Ring bague en diamant pour femmes et hommes EH-R008-30WG<\/span><\/p>\n<p><span style=\"font-weight: 400;\">Collection : Essentiel  <\/span><\/p>\n<p><span style=\"font-weight: 400;\">Type de bijou : Bague<\/span><\/p>\n<p><span style=\"font-weight: 400;\">M\u00e9tal : Or blanc<\/span><\/p>\n<p><span style=\"font-weight: 400;\">Pierres : Diamant<\/span><\/p>\n<p><span style=\"font-weight: 400;\">Poids total des diamants : 0,98 carats  <\/span><\/p>\n<p><span style=\"font-weight: 400;\">Cat\u00e9gorie : Bague pour femmes et hommes  <\/span><\/p>\n<p>&nbsp;<\/p>\n<p><span style=\"font-weight: 400;\">Toutes les pi\u00e8ces de la collection Ehthele Jewelry sont uniques. Le poids, la taille et le poids en carats de chaque pi\u00e8ce peuvent varier l\u00e9g\u00e8rement d&rsquo;une cr\u00e9ation \u00e0 l&rsquo;autre.<\/span><\/p>\n","protected":false},"featured_media":23734,"template":"","meta":[],"product_cat":[443],"product_tag":[454],"class_list":{"0":"post-62198","1":"product","2":"type-product","3":"status-publish","4":"has-post-thumbnail","6":"product_cat-bagues","7":"product_tag-collection-diamants-essential","9":"first","10":"instock","11":"shipping-taxable","12":"purchasable","13":"product-type-variable","14":"has-default-attributes"},"acf":[],"_links":{"self":[{"href":"https:\/\/www.ehthele.com\/fr\/wp-json\/wp\/v2\/product\/62198","targetHints":{"allow":["GET"]}}],"collection":[{"href":"https:\/\/www.ehthele.com\/fr\/wp-json\/wp\/v2\/product"}],"about":[{"href":"https:\/\/www.ehthele.com\/fr\/wp-json\/wp\/v2\/types\/product"}],"wp:featuredmedia":[{"embeddable":true,"href":"https:\/\/www.ehthele.com\/fr\/wp-json\/wp\/v2\/media\/23734"}],"wp:attachment":[{"href":"https:\/\/www.ehthele.com\/fr\/wp-json\/wp\/v2\/media?parent=62198"}],"wp:term":[{"taxonomy":"product_cat","embeddable":true,"href":"https:\/\/www.ehthele.com\/fr\/wp-json\/wp\/v2\/product_cat?post=62198"},{"taxonomy":"product_tag","embeddable":true,"href":"https:\/\/www.ehthele.com\/fr\/wp-json\/wp\/v2\/product_tag?post=62198"}],"curies":[{"name":"wp","href":"https:\/\/api.w.org\/{rel}","templated":true}]}}