{"id":62190,"date":"2023-06-26T10:38:30","date_gmt":"2023-06-26T10:38:30","guid":{"rendered":"https:\/\/www.ehthele.com\/essential-majesty-ring\/"},"modified":"2023-09-19T12:33:15","modified_gmt":"2023-09-19T12:33:15","slug":"essential-majesty-ring","status":"publish","type":"product","link":"https:\/\/www.ehthele.com\/fr\/essential-majesty-ring\/","title":{"rendered":"Essential Majesty Ring"},"content":{"rendered":"<p><span style=\"font-weight: 400;\">Une \u00e9motion pure \u00e9mane de notre bague Essential Majesty Ring. R\u00e9alis\u00e9e avec le plus grand soin et la plus grande pr\u00e9cision, cette pi\u00e8ce exquise t\u00e9moigne de la simplicit\u00e9 et de l&rsquo;\u00e9clat de l&rsquo;or blanc. Con\u00e7ue pour \u00eatre port\u00e9e \u00e0 l&rsquo;annulaire ou comme mini-bague \u00e0 diamants combin\u00e9e \u00e0 des diamants surdimensionn\u00e9s dans la tendance populaire du stacking, elle offre polyvalence et \u00e9l\u00e9gance. Ses 86 diamants taille brillant sont rehauss\u00e9s d&rsquo;une \u00e9tincelante couronne de diamants taille brillant cultiv\u00e9s en laboratoire.<\/span><\/p>\n","protected":false},"excerpt":{"rendered":"<p><span style=\"font-weight: 400;\">R\u00e9f\u00e9rence: Essential Majesty Ring bague en diamant pour femmes et hommes EH-R007-200WG<\/span><\/p>\n<p><span style=\"font-weight: 400;\">Collection: Essential <\/span><\/p>\n<p><span style=\"font-weight: 400;\">Type de bijoux: Bague<\/span><\/p>\n<p><span style=\"font-weight: 400;\">M\u00e9tal: Or blanc<\/span><\/p>\n<p><span style=\"font-weight: 400;\">Pierres: Diamant<\/span><\/p>\n<p><span style=\"font-weight: 400;\">Poids total des diamants: 3,5 carats \u00e0 3,63 carats<\/span><\/p>\n<p><span style=\"font-weight: 400;\">Cat\u00e9gorie: Bagues pour femmes et hommes <\/span><\/p>\n<p>&nbsp;<\/p>\n<p><span style=\"font-weight: 400;\">Toutes les pi\u00e8ces de la collection Ehthele Jewelry sont uniques. Le poids, la taille et le poids en carats de chaque pi\u00e8ce peuvent varier l\u00e9g\u00e8rement d&rsquo;une cr\u00e9ation \u00e0 l&rsquo;autre.<\/span><\/p>\n","protected":false},"featured_media":23650,"template":"","meta":[],"product_cat":[443],"product_tag":[454],"class_list":{"0":"post-62190","1":"product","2":"type-product","3":"status-publish","4":"has-post-thumbnail","6":"product_cat-bagues","7":"product_tag-collection-diamants-essential","9":"first","10":"instock","11":"shipping-taxable","12":"purchasable","13":"product-type-variable","14":"has-default-attributes"},"acf":[],"_links":{"self":[{"href":"https:\/\/www.ehthele.com\/fr\/wp-json\/wp\/v2\/product\/62190","targetHints":{"allow":["GET"]}}],"collection":[{"href":"https:\/\/www.ehthele.com\/fr\/wp-json\/wp\/v2\/product"}],"about":[{"href":"https:\/\/www.ehthele.com\/fr\/wp-json\/wp\/v2\/types\/product"}],"wp:featuredmedia":[{"embeddable":true,"href":"https:\/\/www.ehthele.com\/fr\/wp-json\/wp\/v2\/media\/23650"}],"wp:attachment":[{"href":"https:\/\/www.ehthele.com\/fr\/wp-json\/wp\/v2\/media?parent=62190"}],"wp:term":[{"taxonomy":"product_cat","embeddable":true,"href":"https:\/\/www.ehthele.com\/fr\/wp-json\/wp\/v2\/product_cat?post=62190"},{"taxonomy":"product_tag","embeddable":true,"href":"https:\/\/www.ehthele.com\/fr\/wp-json\/wp\/v2\/product_tag?post=62190"}],"curies":[{"name":"wp","href":"https:\/\/api.w.org\/{rel}","templated":true}]}}