{"id":62852,"date":"2023-09-29T08:38:51","date_gmt":"2023-09-29T08:38:51","guid":{"rendered":"https:\/\/www.ehthele.com\/conditions-dutilisation\/"},"modified":"2023-09-29T08:53:00","modified_gmt":"2023-09-29T08:53:00","slug":"conditions-dutilisation","status":"publish","type":"page","link":"https:\/\/www.ehthele.com\/fr\/conditions-dutilisation\/","title":{"rendered":"Conditions d&rsquo;utilisation"},"content":{"rendered":"\t\t<div data-elementor-type=\"wp-page\" data-elementor-id=\"62852\" class=\"elementor elementor-62852 elementor-62832\" data-elementor-post-type=\"page\">\n\t\t\t\t\t\t<section class=\"elementor-section elementor-top-section elementor-element elementor-element-f72efe0 elementor-section-boxed elementor-section-height-default elementor-section-height-default\" data-id=\"f72efe0\" data-element_type=\"section\">\r\n\t\t\t\t\t\t<div class=\"elementor-container elementor-column-gap-default jws_section_\" >\r\n\t\t\t\t<div class=\"elementor-column elementor-col-100 elementor-top-column elementor-element elementor-element-4fcb2c6\" data-id=\"4fcb2c6\" data-element_type=\"column\">\n\t\t\t<div class=\"elementor-widget-wrap elementor-element-populated\">\n\t\t\t\t\t\t<div class=\"elementor-element elementor-element-fc899a9 elementor-widget elementor-widget-text-editor\" data-id=\"fc899a9\" data-element_type=\"widget\" data-widget_type=\"text-editor.default\">\n\t\t\t\t<div class=\"elementor-widget-container\">\n\t\t\t<style>\/*! elementor - v3.21.0 - 26-05-2024 *\/\n.elementor-widget-text-editor.elementor-drop-cap-view-stacked .elementor-drop-cap{background-color:#69727d;color:#fff}.elementor-widget-text-editor.elementor-drop-cap-view-framed .elementor-drop-cap{color:#69727d;border:3px solid;background-color:transparent}.elementor-widget-text-editor:not(.elementor-drop-cap-view-default) .elementor-drop-cap{margin-top:8px}.elementor-widget-text-editor:not(.elementor-drop-cap-view-default) .elementor-drop-cap-letter{width:1em;height:1em}.elementor-widget-text-editor .elementor-drop-cap{float:left;text-align:center;line-height:1;font-size:50px}.elementor-widget-text-editor .elementor-drop-cap-letter{display:inline-block}<\/style>\t\t\t\t<h4><b>CONDITIONS D&rsquo;UTILISATION<\/b><\/h4><p><span style=\"font-weight: 400;\">\u00a0<\/span><\/p><h6><b>1. Introduction.<\/b><\/h6><p><span style=\"font-weight: 400;\">Le pr\u00e9sent document a pour objet de d\u00e9crire les conditions d&rsquo;utilisation du site www.ehthele.com (site web) par l&rsquo;utilisateur. Pour pouvoir utiliser le site Web, vous devez lire attentivement ces conditions et les accepter en cliquant sur le bouton d&rsquo;acceptation. Si vous n&rsquo;acceptez pas cet accord, vous ne pouvez pas utiliser le service. L&rsquo;utilisation de ce site web implique l&rsquo;acceptation de ces conditions d&rsquo;utilisation.<\/span><\/p><h6><b>2. Inscription<\/b><\/h6><p><span style=\"font-weight: 400;\">L&rsquo;enregistrement de l&rsquo;utilisateur dans le syst\u00e8me peut \u00eatre requis pour l&rsquo;utilisation de certaines fonctionnalit\u00e9s du site web. \u00c0 cette fin, veuillez vous r\u00e9f\u00e9rer \u00e0 la politique de confidentialit\u00e9 pour de plus amples informations.<\/span><\/p><h6><b style=\"font-size: 1rem;\">3. Liens.<\/b><\/h6><p><span style=\"font-weight: 400;\">Notre site web peut contenir des liens vers des sites web de tiers qui peuvent ou non \u00eatre exploit\u00e9s par notre soci\u00e9t\u00e9 ou d&rsquo;autres soci\u00e9t\u00e9s associ\u00e9es. Ehthele n&rsquo;est pas responsable des sites qui ne sont pas sous son contr\u00f4le et ne fait aucune d\u00e9claration ou garantie quant \u00e0 l&rsquo;exactitude ou la v\u00e9racit\u00e9 des informations contenues dans ces sites tiers. Ehthele n&rsquo;est pas responsable des dommages ou des pertes subis par les utilisateurs qui utilisent des liens externes vers ce site.<\/span><\/p><h6><b>4. Marques d\u00e9pos\u00e9es.<\/b><\/h6><p><span style=\"font-weight: 400;\">Toutes les marques et tous les logos figurant sur le site web sont la propri\u00e9t\u00e9 d&rsquo;Ehthele Limited et ne peuvent \u00eatre utilis\u00e9s sans l&rsquo;autorisation pr\u00e9alable de la soci\u00e9t\u00e9. Rien sur ce site web ne peut \u00eatre interpr\u00e9t\u00e9 comme une licence d&rsquo;utilisation ou d&rsquo;exploitation des marques, noms ou logos d&rsquo;Ehthele, ou des marques, noms ou logos de tiers apparaissant sur ce site web. Ehthele se r\u00e9serve tous les droits non express\u00e9ment accord\u00e9s sur le site web et son contenu.<\/span><\/p><h6><b style=\"font-size: 1rem;\">5. Accord total et admissibilit\u00e9.<\/b><\/h6><p><span style=\"font-weight: 400;\">Les conditions et toutes les autres conditions du site Web constituent l&rsquo;int\u00e9gralit\u00e9 de l&rsquo;accord et de la compr\u00e9hension entre Ehthele et vous et remplacent toutes les communications et propositions ant\u00e9rieures entre les parties.<\/span><\/p><h6><span style=\"font-weight: 400;\">\u00a0<\/span><b>6. Veuillez nous contacter.<\/b><\/h6><p><span style=\"font-weight: 400;\">En cas de commentaires ou de plaintes, vous pouvez contacter notre \u00e9quipe \u00e0 l&rsquo;adresse contact@ehthele.com.<\/span><\/p><h6><span style=\"font-weight: 400;\">\u00a0<\/span><b>7. Divisibilit\u00e9.<\/b><\/h6><p><span style=\"font-weight: 400;\">Si une partie des conditions est jug\u00e9e ill\u00e9gale, nulle ou inapplicable, les autres dispositions de l&rsquo;accord resteront pleinement valides, contraignantes et applicables.<\/span><\/p><h6><span style=\"font-weight: 400;\">\u00a0<\/span><b>8. Comp\u00e9tence et droit applicable.<\/b><\/h6><p><span style=\"font-weight: 400;\">Les tribunaux anglais auront une comp\u00e9tence exclusive sur toute r\u00e9clamation d\u00e9coulant de ou li\u00e9e \u00e0 ces conditions et \u00e0 une visite sur notre site, bien que nous nous r\u00e9servions le droit d&rsquo;engager des poursuites contre vous pour violation de ces conditions dans votre pays de r\u00e9sidence ou dans tout autre pays pertinent.<\/span><\/p><p><span style=\"font-weight: 400;\">Les pr\u00e9sentes conditions et tout litige ou r\u00e9clamation d\u00e9coulant de leur objet ou de leur formation (y compris les litiges ou r\u00e9clamations non contractuels) sont r\u00e9gis et interpr\u00e9t\u00e9s conform\u00e9ment \u00e0 la l\u00e9gislation de l&rsquo;Angleterre et du Pays de Galles.<\/span><\/p><h6><b>9. Activit\u00e9 de l&rsquo;utilisateur.<\/b><\/h6><p><span style=\"font-weight: 400;\">Chaque utilisateur est personnellement responsable de son utilisation du site web et de toutes ses communications et activit\u00e9s sur et en vertu de ce site web. Si Ehthele d\u00e9termine que vous \u00eates ou avez \u00e9t\u00e9 engag\u00e9 dans des activit\u00e9s interdites, que vous avez manqu\u00e9 de respect \u00e0 d&rsquo;autres utilisateurs ou que vous avez viol\u00e9 les pr\u00e9sentes conditions, nous pouvons vous refuser l&rsquo;acc\u00e8s \u00e0 ce site de mani\u00e8re temporaire ou permanente.<\/span><\/p><p><span style=\"font-weight: 400;\">\u00a0<\/span><\/p><p><span style=\"font-weight: 400;\">\u00a0<\/span><\/p><p><b>\u00a0<\/b><\/p><p><span style=\"font-weight: 400;\">\u00a0<\/span><\/p><p><span style=\"font-weight: 400;\">\u00a0<\/span><\/p><h4><br \/><br \/><\/h4>\t\t\t\t\t\t<\/div>\n\t\t\t\t<\/div>\n\t\t\t\t\t<\/div>\n\t\t<\/div>\n\t\t\t\t      \r\n            \r\n              \r\n            \r\n            \t\r\n\t\t\t<\/div>\r\n\t\t<\/section>\r\n\t\t\t\t<\/div>\n\t\t","protected":false},"excerpt":{"rendered":"<p>CONDITIONS D&rsquo;UTILISATION \u00a0 1. Introduction. Le pr\u00e9sent document a pour objet de d\u00e9crire les conditions d&rsquo;utilisation du site www.ehthele.com (site web) par l&rsquo;utilisateur. Pour pouvoir utiliser le site Web, vous devez lire attentivement ces conditions et les accepter en cliquant sur le bouton d&rsquo;acceptation. Si vous n&rsquo;acceptez pas cet accord, vous ne pouvez pas utiliser [&hellip;]<\/p>\n","protected":false},"author":1,"featured_media":0,"parent":0,"menu_order":0,"comment_status":"closed","ping_status":"closed","template":"","meta":{"footnotes":""},"class_list":["post-62852","page","type-page","status-publish","hentry"],"acf":[],"_links":{"self":[{"href":"https:\/\/www.ehthele.com\/fr\/wp-json\/wp\/v2\/pages\/62852","targetHints":{"allow":["GET"]}}],"collection":[{"href":"https:\/\/www.ehthele.com\/fr\/wp-json\/wp\/v2\/pages"}],"about":[{"href":"https:\/\/www.ehthele.com\/fr\/wp-json\/wp\/v2\/types\/page"}],"author":[{"embeddable":true,"href":"https:\/\/www.ehthele.com\/fr\/wp-json\/wp\/v2\/users\/1"}],"replies":[{"embeddable":true,"href":"https:\/\/www.ehthele.com\/fr\/wp-json\/wp\/v2\/comments?post=62852"}],"version-history":[{"count":4,"href":"https:\/\/www.ehthele.com\/fr\/wp-json\/wp\/v2\/pages\/62852\/revisions"}],"predecessor-version":[{"id":62857,"href":"https:\/\/www.ehthele.com\/fr\/wp-json\/wp\/v2\/pages\/62852\/revisions\/62857"}],"wp:attachment":[{"href":"https:\/\/www.ehthele.com\/fr\/wp-json\/wp\/v2\/media?parent=62852"}],"curies":[{"name":"wp","href":"https:\/\/api.w.org\/{rel}","templated":true}]}}