{"id":62750,"date":"2022-03-25T04:04:21","date_gmt":"2022-03-25T04:04:21","guid":{"rendered":"https:\/\/www.ehthele.com\/nous-contacter\/"},"modified":"2023-10-06T07:59:09","modified_gmt":"2023-10-06T07:59:09","slug":"nous-contacter","status":"publish","type":"page","link":"https:\/\/www.ehthele.com\/fr\/nous-contacter\/","title":{"rendered":"Nous contacter"},"content":{"rendered":"\t\t<div data-elementor-type=\"wp-page\" data-elementor-id=\"62750\" class=\"elementor elementor-62750 elementor-8145\" data-elementor-post-type=\"page\">\n\t\t\t\t\t\t<section class=\"elementor-section elementor-top-section elementor-element elementor-element-580ed5f elementor-section-boxed elementor-section-height-default elementor-section-height-default\" data-id=\"580ed5f\" data-element_type=\"section\">\r\n\t\t\t\t\t\t<div class=\"elementor-container elementor-column-gap-default jws_section_\" >\r\n\t\t\t\t<div class=\"elementor-column elementor-col-33 elementor-top-column elementor-element elementor-element-3e3feb4\" data-id=\"3e3feb4\" data-element_type=\"column\">\n\t\t\t<div class=\"elementor-widget-wrap elementor-element-populated\">\n\t\t\t\t\t\t<div class=\"elementor-element elementor-element-3a2416b elementor-invisible elementor-widget elementor-widget-jws_info_box\" data-id=\"3a2416b\" data-element_type=\"widget\" data-settings=\"{&quot;align&quot;:&quot;center&quot;,&quot;_animation&quot;:&quot;fadeInUp&quot;}\" data-widget_type=\"jws_info_box.default\">\n\t\t\t\t<div class=\"elementor-widget-container\">\n\t\t\t            <div class=\"jws-info-box layout2\">\r\n                <div class=\"jws-info-box-inner\">\r\n                    <a href=\"\/fr\/faqs\/\" >\r\n    <div class=\"box-icon\">\r\n        <span><\/span>\r\n        <svg xmlns=\"http:\/\/www.w3.org\/2000\/svg\" id=\"Capa_1\" data-name=\"Capa 1\" viewBox=\"0 0 155.91 155.91\"><defs><style>      .cls-info-1 {        fill: #020202;      }      .cls-info-2 {        fill: none;        stroke: #010100;        stroke-miterlimit: 10;        stroke-width: 10px;      }    <\/style><\/defs><g><path class=\"cls-info-1\" d=\"m64.08,79.87c-2.14-4.35-4.17-8.49-6.2-12.62,8.51-5.51,17.66-7.21,25.58.28,5.11,4.83,6.22,11.08,4.19,17.82-1.6,5.3-3.17,10.61-4.88,15.88-.46,1.43-.11,2.51.99,3.11.84.46,2.05.59,3.01.42,1.02-.18,1.94-.89,2.9-1.37,1.76-.87,2.28-.72,3.11,1,1.74,3.62,3.46,7.25,5.24,10.99-4.12,1.91-8.07,4.45-12.88,4.27-8.09-.3-15.22-6.54-16.66-14.52-.75-4.16.66-7.75,1.71-11.49,1.26-4.49,2.76-8.91,3.96-13.42.2-.76-.29-2.23-.91-2.57-.93-.52-2.35-.68-3.37-.36-1.96.61-3.77,1.66-5.78,2.59Z\"><\/path><path class=\"cls-info-1\" d=\"m81.93,36.3c5.03-.47,9.23,4.23,9.09,9.06-.13,4.48-4.12,8.81-9.27,8.72-4.25-.08-8.88-3.7-8.59-9.58.19-3.94,3.97-8.7,8.77-8.2Z\"><\/path><\/g><circle class=\"cls-info-2\" cx=\"77.95\" cy=\"77.95\" r=\"69.27\"><\/circle><\/svg>  \r\n    <\/div>\r\n    <div class=\"box-title\">\r\n        FAQ    <\/div>\r\n    <div class=\"box-content\">\r\n        <p>Find all the answers to your questions<\/p><p>by visiting our FAQ section.<\/p>    <\/div>\r\n    <div class=\"box-more\">\r\n       GO TO FAQS<i class=\"jws-icon-arrow-up-right-thin\"><\/i>\r\n    <\/div>\r\n<\/a>                <\/div>\r\n            <\/div>\r\n        \t\t<\/div>\n\t\t\t\t<\/div>\n\t\t\t\t\t<\/div>\n\t\t<\/div>\n\t\t\t\t<div class=\"elementor-column elementor-col-33 elementor-top-column elementor-element elementor-element-67aad2c\" data-id=\"67aad2c\" data-element_type=\"column\">\n\t\t\t<div class=\"elementor-widget-wrap elementor-element-populated\">\n\t\t\t\t\t\t<div class=\"elementor-element elementor-element-0b11aea elementor-invisible elementor-widget elementor-widget-jws_info_box\" data-id=\"0b11aea\" data-element_type=\"widget\" data-settings=\"{&quot;align&quot;:&quot;center&quot;,&quot;_animation&quot;:&quot;fadeInUp&quot;}\" data-widget_type=\"jws_info_box.default\">\n\t\t\t\t<div class=\"elementor-widget-container\">\n\t\t\t            <div class=\"jws-info-box layout2\">\r\n                <div class=\"jws-info-box-inner\">\r\n                    <a href=\"tel:+447832592009\" >\r\n    <div class=\"box-icon\">\r\n        <span><\/span>\r\n        <svg xmlns=\"http:\/\/www.w3.org\/2000\/svg\" id=\"Capa_1\" data-name=\"Capa 1\" viewBox=\"0 0 155.91 155.91\"><defs><style>      .cls-call-1 {        fill: #010202;      }    <\/style><\/defs><path class=\"cls-call-1\" d=\"m140.91,56.99c-4.36-2.52-9.22-3.57-14.19-3.7-.18-1.55-.46-2.99-.49-4.44-.1-4.27-.95-8.39-2.11-12.49-3.06-10.78-9.2-19.27-18.5-25.52-7.48-5.04-15.85-7.33-24.71-8.05-4.93-.4-9.89-.02-14.66,1.15-12.29,3.01-22.27,9.59-29.05,20.44-4.07,6.5-6.5,13.65-7.16,21.34-.21,2.39-.37,4.79-.54,6.95-3.97.99-8.02,1.69-11.85,3.04-3.93,1.39-7.16,4.11-9.85,7.28-2.68,3.16-4.47,6.87-5.53,10.88-1.07,4.03-1.45,8.14-.74,12.27,2.15,12.44,10.77,23.72,29.16,24.34.01.2-.01.42.04.63,2.61,10.63,7.95,19.55,16.41,26.62,5.8,4.84,12.38,7.98,19.6,9.95,1.07.29,2.49.58,3.02,1.37,3.73,5.61,12.52,5.77,16.68-.23,2.56-3.7,2.79-9.47-2.22-13.61-3.04-2.51-8.99-3.2-12.68.17-1.21,1.1-2.2,1.08-3.61.67-6.07-1.76-11.48-4.77-15.85-9.25-2.68-2.75-4.94-6.03-6.87-9.37-2.5-4.33-4.05-9.16-4.1-14.17-.16-16.92-.07-33.85-.04-50.77,0-2.52-.05-5.1.4-7.56,1.21-6.61,3.6-12.81,8.05-17.96,7.07-8.19,16.19-12.36,26.91-12.68,4.01-.12,8.17.42,12.07,1.4,7.84,1.97,14.31,6.23,19.19,12.83,5.32,7.2,7.23,15.44,7.43,24.15.19,8.37.03,16.75.04,25.12.01,10.75.03,21.49.05,32.24,3.59,0,7.18,0,10.77.04.55,0,1.11.18,1.66.27,2.04-.34,4.13-.5,6.12-1.04,7.64-2.09,13.72-6.27,17.51-13.44,3.47-6.56,4.24-13.44,2.73-20.66-1.67-8.02-6.05-14.12-13.1-18.19ZM29.59,98.67c-6.6.03-11.51-2.91-14.74-8.38-3.32-5.62-3.21-11.55,0-17.21,3.17-5.59,9.37-8.75,14.74-8.17v33.76Zm111.34-7.93c-3.05,4.97-8.87,8.37-14.29,7.73v-33.75c6.41.32,11.39,3.02,14.58,8.52,3.37,5.81,3.18,11.86-.28,17.5Z\"><\/path><\/svg>  \r\n    <\/div>\r\n    <div class=\"box-title\">\r\n        Call us    <\/div>\r\n    <div class=\"box-content\">\r\n        <p>An Ehthele adviser is available by telephone<\/p><p>to respond to all your questions.<\/p>    <\/div>\r\n    <div class=\"box-more\">\r\n       +44 783 259 2009<i class=\"jws-icon-arrow-up-right-thin\"><\/i>\r\n    <\/div>\r\n<\/a>                <\/div>\r\n            <\/div>\r\n        \t\t<\/div>\n\t\t\t\t<\/div>\n\t\t\t\t\t<\/div>\n\t\t<\/div>\n\t\t\t\t<div class=\"elementor-column elementor-col-33 elementor-top-column elementor-element elementor-element-a274db9\" data-id=\"a274db9\" data-element_type=\"column\">\n\t\t\t<div class=\"elementor-widget-wrap elementor-element-populated\">\n\t\t\t\t\t\t<div class=\"elementor-element elementor-element-424605d elementor-invisible elementor-widget elementor-widget-jws_info_box\" data-id=\"424605d\" data-element_type=\"widget\" data-settings=\"{&quot;align&quot;:&quot;center&quot;,&quot;_animation&quot;:&quot;fadeInUp&quot;}\" data-widget_type=\"jws_info_box.default\">\n\t\t\t\t<div class=\"elementor-widget-container\">\n\t\t\t            <div class=\"jws-info-box layout2\">\r\n                <div class=\"jws-info-box-inner\">\r\n                    <a href=\"https:\/\/wa.me\/447832592009\" target=\"_blank\" rel=\"noopener\">\r\n    <div class=\"box-icon\">\r\n        <span><\/span>\r\n        <svg xmlns=\"http:\/\/www.w3.org\/2000\/svg\" id=\"Capa_1\" data-name=\"Capa 1\" viewBox=\"0 0 155.91 155.91\"><defs><style>      .cls-chat-1 {        fill: #010101;      }      .cls-chat-2 {        fill: #020202;      }      .cls-chat-3 {        fill: #020203;      }    <\/style><\/defs><path class=\"cls-chat-1\" d=\"m10.21,119.57c2.21,5.73,7.8,9.88,14.01,9.88,35.94.02,71.88,0,107.82,0,.39,0,.79.07,1.15-.02,8.2-1.87,13.55-7.94,13.53-16.51-.01-9.21,0-18.41,0-27.62,0-8.32-.03-16.65-.05-24.97-.1-.09-.19-.17-.29-.26h-9.89c-.1.09-.2.17-.29.26-.02,8.21-.04,16.43-.05,24.64,0,9.26,0,18.52,0,27.79,0,3.71-2.28,6.12-5.78,6.12-35.22,0-70.44,0-105.67-.01-.52,0-1.07-.1-1.54-.3-2.39-1.04-3.45-2.87-3.45-5.5.03-24.15.07-48.3-.04-72.44-.02-3.93,2.11-6.51,6.58-6.48,14.88.11,29.76.04,44.65.04h1.63v-10.57c-16.33,0-32.53-.01-48.74.03-1.27,0-2.58.26-3.79.66-6.46,2.12-10.88,8.27-10.87,14.84.04,24.92,0,49.84.06,74.76,0,1.9.36,3.9,1.04,5.66Z\"><\/path><path class=\"cls-chat-1\" d=\"m151.12,13.33c-2.12-6.48-7.92-10.82-14.88-10.87-14.16-.1-28.33-.04-42.49-.02-1.08,0-2.16.14-3.23.32-6.97,1.16-12.46,7.56-12.58,14.5-.13,7.6-.02,15.21-.04,22.82-.01,4.17,1.64,7.68,4.46,10.58,3.03,3.11,6.8,4.79,11.42,4.74,0,3.67-.01,7.19.01,10.71,0,.58.08,1.2.3,1.72,1.52,3.63,4.99,4.52,8.46,2.05,5.34-3.8,10.72-7.56,15.85-11.63,2.62-2.08,5.18-3.2,8.58-2.95,3.78.28,7.7.6,11.38-.06,8.15-1.44,13.53-7.61,13.62-16,.07-6.89.07-13.78-.02-20.67-.02-1.75-.3-3.57-.84-5.24Zm-9.7,25.39c.01,3.95-2.86,6.17-6.18,6.09-4.9-.12-9.81-.08-14.72.01-1.01.02-2.16.35-2.98.92-4.06,2.81-8.04,5.76-12.05,8.65-.29.21-.62.37-.98.58-.15-2.1-.28-4.06-.44-6.01-.2-2.36-2.44-4.14-5.29-4.17-1.71-.02-3.42,0-5.13,0-2.66,0-5.1-2.16-5.12-4.79-.07-7.39-.07-14.78,0-22.16.03-2.8,2.47-4.78,5.64-4.79,7.11-.02,14.22,0,21.33,0,6.61,0,13.23,0,19.84,0,2.16,0,4.08.67,5.16,2.64.54.99.85,2.23.87,3.37.08,6.56.03,13.12.04,19.68Z\"><\/path><path d=\"m3.86,150.55h148.04v-10.4H3.86v10.4Z\"><\/path><path class=\"cls-chat-2\" d=\"m51.39,39.5c-11.82-.22-21.46,9.83-21.11,21.23-.48,11.14,9.8,21.47,21.26,21.14,11.53-.33,21.07-9.28,21.01-21.14-.06-12.16-9.15-21.01-21.17-21.24Zm-.56,31.71c-4.84.1-10.58-4.95-9.97-11.37.53-5.52,4.67-9.7,9.97-9.66,6.89.05,10.99,4.05,11.07,10.72.07,5.55-4.33,10.36-11.07,10.31Z\"><\/path><path class=\"cls-chat-3\" d=\"m49.6,87.18c-14.27.57-25.28,13.55-24.48,26.3h10.33c.2-1.36.23-2.63.59-3.81,2.55-8.54,9.93-13.24,18.52-11.54,6.79,1.34,12.18,6.7,12.42,14.25.03.95.4,1.23,1.3,1.23,3.14-.03,6.27-.01,9.55-.01-.05-14.07-11.02-27.11-28.23-26.42Z\"><\/path><path class=\"cls-chat-2\" d=\"m115.04,20.34c4.67-.43,8.57,3.93,8.44,8.41-.12,4.16-3.82,8.18-8.6,8.09-3.95-.07-8.24-3.44-7.97-8.89.18-3.66,3.69-8.08,8.14-7.61Z\"><\/path><\/svg>  \r\n    <\/div>\r\n    <div class=\"box-title\">\r\n        Chat Online    <\/div>\r\n    <div class=\"box-content\">\r\n        <p>We are here to help you throughout your<\/p><p>Ehthele experience via our online chat.<\/p>    <\/div>\r\n    <div class=\"box-more\">\r\n       WHATSAPP<i class=\"jws-icon-arrow-up-right-thin\"><\/i>\r\n    <\/div>\r\n<\/a>                <\/div>\r\n            <\/div>\r\n        \t\t<\/div>\n\t\t\t\t<\/div>\n\t\t\t\t\t<\/div>\n\t\t<\/div>\n\t\t\t\t      \r\n            \r\n              \r\n            \r\n            \t\r\n\t\t\t<\/div>\r\n\t\t<\/section>\r\n\t\t\t\t<section class=\"elementor-section elementor-top-section elementor-element elementor-element-a0aaa3b elementor-section-boxed elementor-section-height-default elementor-section-height-default\" data-id=\"a0aaa3b\" data-element_type=\"section\">\r\n\t\t\t\t\t\t<div class=\"elementor-container elementor-column-gap-default jws_section_\" >\r\n\t\t\t\t<div class=\"elementor-column elementor-col-100 elementor-top-column elementor-element elementor-element-633de73\" data-id=\"633de73\" data-element_type=\"column\">\n\t\t\t<div class=\"elementor-widget-wrap elementor-element-populated\">\n\t\t\t\t\t\t<div class=\"elementor-element elementor-element-6d3c3f5 elementor-invisible elementor-widget elementor-widget-heading\" data-id=\"6d3c3f5\" data-element_type=\"widget\" data-settings=\"{&quot;_animation&quot;:&quot;fadeInUp&quot;}\" data-widget_type=\"heading.default\">\n\t\t\t\t<div class=\"elementor-widget-container\">\n\t\t\t<style>\/*! elementor - v3.21.0 - 26-05-2024 *\/\n.elementor-heading-title{padding:0;margin:0;line-height:1}.elementor-widget-heading .elementor-heading-title[class*=elementor-size-]>a{color:inherit;font-size:inherit;line-height:inherit}.elementor-widget-heading .elementor-heading-title.elementor-size-small{font-size:15px}.elementor-widget-heading .elementor-heading-title.elementor-size-medium{font-size:19px}.elementor-widget-heading .elementor-heading-title.elementor-size-large{font-size:29px}.elementor-widget-heading .elementor-heading-title.elementor-size-xl{font-size:39px}.elementor-widget-heading .elementor-heading-title.elementor-size-xxl{font-size:59px}<\/style><h2 class=\"elementor-heading-title elementor-size-default\">CONTACTEZ-NOUS<\/h2>\t\t<\/div>\n\t\t\t\t<\/div>\n\t\t\t\t<div class=\"elementor-element elementor-element-6673823 elementor-widget__width-initial elementor-invisible elementor-widget elementor-widget-text-editor\" data-id=\"6673823\" data-element_type=\"widget\" data-settings=\"{&quot;_animation&quot;:&quot;fadeInUp&quot;}\" data-widget_type=\"text-editor.default\">\n\t\t\t\t<div class=\"elementor-widget-container\">\n\t\t\t<style>\/*! elementor - v3.21.0 - 26-05-2024 *\/\n.elementor-widget-text-editor.elementor-drop-cap-view-stacked .elementor-drop-cap{background-color:#69727d;color:#fff}.elementor-widget-text-editor.elementor-drop-cap-view-framed .elementor-drop-cap{color:#69727d;border:3px solid;background-color:transparent}.elementor-widget-text-editor:not(.elementor-drop-cap-view-default) .elementor-drop-cap{margin-top:8px}.elementor-widget-text-editor:not(.elementor-drop-cap-view-default) .elementor-drop-cap-letter{width:1em;height:1em}.elementor-widget-text-editor .elementor-drop-cap{float:left;text-align:center;line-height:1;font-size:50px}.elementor-widget-text-editor .elementor-drop-cap-letter{display:inline-block}<\/style>\t\t\t\t<p><span style=\"font-weight: 400;\">Utilisez le formulaire ci-dessous pour envoyer votre courriel et notre \u00e9quipe du service client\u00e8le vous r\u00e9pondra dans les 24 heures.<\/span><\/p>\n<\/p>\n<p><span style=\"font-weight: 400;\">Toutefois, veuillez noter que les d\u00e9lais de r\u00e9ponse peuvent parfois aller jusqu&rsquo;\u00e0 48 heures en p\u00e9riode de forte activit\u00e9.<\/span><\/p>\n\t\t\t\t\t\t<\/div>\n\t\t\t\t<\/div>\n\t\t\t\t<div class=\"elementor-element elementor-element-ec1f184 elementor-widget__width-initial elementor-invisible elementor-widget elementor-widget-text-editor\" data-id=\"ec1f184\" data-element_type=\"widget\" data-settings=\"{&quot;_animation&quot;:&quot;fadeInUp&quot;}\" data-widget_type=\"text-editor.default\">\n\t\t\t\t<div class=\"elementor-widget-container\">\n\t\t\t\t\t\t\t<p><span style=\"font-weight: 400;\">Vous pouvez \u00e9galement nous contacter via<\/span> <a href=\"https:\/\/wa.me\/447832592009\" target=\"_blank\" rel=\"noopener\"><span style=\"font-weight: 400;\">WhatsApp<\/span> <\/a><span style=\"font-weight: 400;\">en cliquant sur le bouton.<\/span><\/p><p><span style=\"font-weight: 400;\">Vous pouvez \u00e9galement consulter notre page<\/span> <a href=\"\/fr\/faqs\/\"><span style=\"font-weight: 400;\">FAQ<\/span><\/a> <span style=\"font-weight: 400;\">pour obtenir des r\u00e9ponses aux questions les plus courantes.<\/span><\/p>\t\t\t\t\t\t<\/div>\n\t\t\t\t<\/div>\n\t\t\t\t<div class=\"elementor-element elementor-element-8d552d3 jws-cf7-button-center elementor-widget__width-initial jws-cf7-style-box jws-cf7-input-size-sm jws-cf7-btn-size-sm jws-cf7-highlight-style-default elementor-invisible elementor-widget elementor-widget-jws_cf7\" data-id=\"8d552d3\" data-element_type=\"widget\" data-settings=\"{&quot;_animation&quot;:&quot;fadeInUp&quot;}\" data-widget_type=\"jws_cf7.default\">\n\t\t\t\t<div class=\"elementor-widget-container\">\n\t\t\t\t\t\t\t<div class = \"jws-cf7-container\">\r\n\t\t\t\t\t\t<div class = \"jws-cf7 jws-cf7-style elementor-clickable\">\r\n\t\t\t\t\t\t\n<div class=\"wpcf7 no-js\" id=\"wpcf7-f63850-o1\" lang=\"en-US\" dir=\"ltr\">\n<div class=\"screen-reader-response\"><p role=\"status\" aria-live=\"polite\" aria-atomic=\"true\"><\/p> <ul><\/ul><\/div>\n<form action=\"\/fr\/wp-json\/wp\/v2\/pages\/62750#wpcf7-f63850-o1\" method=\"post\" class=\"wpcf7-form init\" aria-label=\"Contact form\" novalidate=\"novalidate\" data-status=\"init\">\n<div style=\"display: none;\">\n<input type=\"hidden\" name=\"_wpcf7\" value=\"63850\" \/>\n<input type=\"hidden\" name=\"_wpcf7_version\" value=\"5.9.5\" \/>\n<input type=\"hidden\" name=\"_wpcf7_locale\" value=\"en_US\" \/>\n<input type=\"hidden\" name=\"_wpcf7_unit_tag\" value=\"wpcf7-f63850-o1\" \/>\n<input type=\"hidden\" name=\"_wpcf7_container_post\" value=\"0\" \/>\n<input type=\"hidden\" name=\"_wpcf7_posted_data_hash\" value=\"\" \/>\n<input type=\"hidden\" name=\"_wpcf7_recaptcha_response\" value=\"\" \/>\n<\/div>\n<div class=\"row\">\n\t<div class=\"col-xl-6 col-lg-6 col-12\">\n\t\t<p><span class=\"wpcf7-form-control-wrap\" data-name=\"text-286\"><input size=\"40\" class=\"wpcf7-form-control wpcf7-text wpcf7-validates-as-required\" aria-required=\"true\" aria-invalid=\"false\" placeholder=\"Votre nom*\" value=\"\" type=\"text\" name=\"text-286\" \/><\/span>\n\t\t<\/p>\n\t<\/div>\n\t<div class=\"col-xl-6 col-lg-6 col-12\">\n\t\t<p><span class=\"wpcf7-form-control-wrap\" data-name=\"email-187\"><input size=\"40\" class=\"wpcf7-form-control wpcf7-email wpcf7-validates-as-required wpcf7-text wpcf7-validates-as-email\" aria-required=\"true\" aria-invalid=\"false\" placeholder=\"Votre email*\" value=\"\" type=\"email\" name=\"email-187\" \/><\/span>\n\t\t<\/p>\n\t<\/div>\n\t<div class=\"col-12\">\n\t\t<p><span class=\"wpcf7-form-control-wrap\" data-name=\"tel-810\"><input size=\"40\" class=\"wpcf7-form-control wpcf7-tel wpcf7-text wpcf7-validates-as-tel\" aria-invalid=\"false\" placeholder=\"Votre t\u00e9l\u00e9phone (facultatif)\" value=\"\" type=\"tel\" name=\"tel-810\" \/><\/span><br \/>\n<span class=\"wpcf7-form-control-wrap\" data-name=\"textarea-238\"><textarea cols=\"40\" rows=\"10\" class=\"wpcf7-form-control wpcf7-textarea\" aria-invalid=\"false\" placeholder=\"Mensaje...\" name=\"textarea-238\"><\/textarea><\/span><br \/>\n<input class=\"wpcf7-form-control wpcf7-submit has-spinner\" type=\"submit\" value=\"Envoyer le message\" \/>\n\t\t<\/p>\n\t<\/div>\n<\/div>\n<style>.jws-cf7 .col-12 {padding:0 7.5px;} .jws-cf7 .row {margin:0 -7.5px;}\n<\/style><div class=\"wpcf7-response-output\" aria-hidden=\"true\"><\/div>\n<\/form>\n<\/div>\n\t\t\t\t\t<\/div>\r\n\t\t\t\t<\/div>\r\n\t\t\t\t\t\t<\/div>\n\t\t\t\t<\/div>\n\t\t\t\t\t<\/div>\n\t\t<\/div>\n\t\t\t\t      \r\n            \r\n              \r\n            \r\n            \t\r\n\t\t\t<\/div>\r\n\t\t<\/section>\r\n\t\t\t\t<\/div>\n\t\t","protected":false},"excerpt":{"rendered":"<p>FAQ Find all the answers to your questions by visiting our FAQ section. GO TO FAQS Call us An Ehthele adviser is available by telephone to respond to all your questions. +44 783 259 2009 Chat Online We are here to help you throughout your Ehthele experience via our online chat. WHATSAPP CONTACTEZ-NOUS Utilisez le [&hellip;]<\/p>\n","protected":false},"author":1,"featured_media":0,"parent":0,"menu_order":0,"comment_status":"closed","ping_status":"closed","template":"","meta":{"footnotes":""},"class_list":["post-62750","page","type-page","status-publish","hentry"],"acf":[],"_links":{"self":[{"href":"https:\/\/www.ehthele.com\/fr\/wp-json\/wp\/v2\/pages\/62750","targetHints":{"allow":["GET"]}}],"collection":[{"href":"https:\/\/www.ehthele.com\/fr\/wp-json\/wp\/v2\/pages"}],"about":[{"href":"https:\/\/www.ehthele.com\/fr\/wp-json\/wp\/v2\/types\/page"}],"author":[{"embeddable":true,"href":"https:\/\/www.ehthele.com\/fr\/wp-json\/wp\/v2\/users\/1"}],"replies":[{"embeddable":true,"href":"https:\/\/www.ehthele.com\/fr\/wp-json\/wp\/v2\/comments?post=62750"}],"version-history":[{"count":11,"href":"https:\/\/www.ehthele.com\/fr\/wp-json\/wp\/v2\/pages\/62750\/revisions"}],"predecessor-version":[{"id":63868,"href":"https:\/\/www.ehthele.com\/fr\/wp-json\/wp\/v2\/pages\/62750\/revisions\/63868"}],"wp:attachment":[{"href":"https:\/\/www.ehthele.com\/fr\/wp-json\/wp\/v2\/media?parent=62750"}],"curies":[{"name":"wp","href":"https:\/\/api.w.org\/{rel}","templated":true}]}}