{"id":62726,"date":"2022-03-22T08:09:26","date_gmt":"2022-03-22T08:09:26","guid":{"rendered":"https:\/\/www.ehthele.com\/conditions-generales-dutilisation\/"},"modified":"2023-10-02T18:52:42","modified_gmt":"2023-10-02T18:52:42","slug":"termes-et-conditions","status":"publish","type":"page","link":"https:\/\/www.ehthele.com\/fr\/termes-et-conditions\/","title":{"rendered":"Termes et conditions"},"content":{"rendered":"\t\t<div data-elementor-type=\"wp-page\" data-elementor-id=\"62726\" class=\"elementor elementor-62726 elementor-6599\" data-elementor-post-type=\"page\">\n\t\t\t\t\t\t<section class=\"elementor-section elementor-top-section elementor-element elementor-element-47377263 elementor-section-boxed elementor-section-height-default elementor-section-height-default\" data-id=\"47377263\" data-element_type=\"section\">\r\n\t\t\t\t\t\t<div class=\"elementor-container elementor-column-gap-default jws_section_\" >\r\n\t\t\t\t<div class=\"elementor-column elementor-col-100 elementor-top-column elementor-element elementor-element-3879b91b\" data-id=\"3879b91b\" data-element_type=\"column\">\n\t\t\t<div class=\"elementor-widget-wrap elementor-element-populated\">\n\t\t\t\t\t\t<div class=\"elementor-element elementor-element-3e04d55d elementor-widget elementor-widget-text-editor\" data-id=\"3e04d55d\" data-element_type=\"widget\" data-widget_type=\"text-editor.default\">\n\t\t\t\t<div class=\"elementor-widget-container\">\n\t\t\t<style>\/*! elementor - v3.21.0 - 26-05-2024 *\/\n.elementor-widget-text-editor.elementor-drop-cap-view-stacked .elementor-drop-cap{background-color:#69727d;color:#fff}.elementor-widget-text-editor.elementor-drop-cap-view-framed .elementor-drop-cap{color:#69727d;border:3px solid;background-color:transparent}.elementor-widget-text-editor:not(.elementor-drop-cap-view-default) .elementor-drop-cap{margin-top:8px}.elementor-widget-text-editor:not(.elementor-drop-cap-view-default) .elementor-drop-cap-letter{width:1em;height:1em}.elementor-widget-text-editor .elementor-drop-cap{float:left;text-align:center;line-height:1;font-size:50px}.elementor-widget-text-editor .elementor-drop-cap-letter{display:inline-block}<\/style>\t\t\t\t<h4><b>CONDITIONS G\u00c9N\u00c9RALES DE VENTE EN LIGNE (\u00ab\u00a0Conditions\u00a0\u00bb)<\/b><\/h4><h6><b>1. Informations sur l&rsquo;entreprise.<\/b><\/h6><p><b>\u00a0<\/b><span style=\"font-weight: 400;\">Ehthele Limited est une soci\u00e9t\u00e9 priv\u00e9e \u00e0 responsabilit\u00e9 limit\u00e9e, constitu\u00e9e en vertu des lois du Royaume-Uni, dont le si\u00e8ge social est situ\u00e9 \u00e0 Unit 3 Cedar Court, 1 Royal Oak Yard, Londres, Angleterre, SE1 3GA et dont le num\u00e9ro d&rsquo;entreprise est 07178249 ; ci-apr\u00e8s d\u00e9nomm\u00e9e \u00ab\u00a0<\/span><b>Ehthele<\/b><span style=\"font-weight: 400;\">\u00ab\u00a0.<\/span><\/p><p><span style=\"font-weight: 400;\">\u00a0<\/span><\/p><p><span style=\"font-weight: 400;\">Ehthele a mis en place un syst\u00e8me de vente \u00e0 distance par l&rsquo;interm\u00e9diaire de<\/span><a href=\"https:\/\/www.ehthele.com\/\"> <span style=\"font-weight: 400;\">https:\/\/www.ehthele.com\/<\/span><\/a><span style=\"font-weight: 400;\"> (\u00ab\u00a0<\/span><b>Site Internet<\/b><span style=\"font-weight: 400;\">\u00ab\u00a0). Les produits pr\u00e9sent\u00e9s sur le site Web sont destin\u00e9s \u00e0 \u00eatre exp\u00e9di\u00e9s dans les pays suivants : Europe, y compris le Royaume-Uni et la Suisse.<\/span><\/p><h6><b>2. Champ d&rsquo;application.<\/b><\/h6><p><span style=\"font-weight: 400;\">Les conditions s&rsquo;appliquent \u00e0 tous les achats de produits offerts par Ehthele sur le site Web, effectu\u00e9s par des personnes physiques ou morales (\u00ab\u00a0<\/span><b>client(s)\u00a0\u00bb<\/b><span style=\"font-weight: 400;\">).<\/span><\/p><p><span style=\"font-weight: 400;\">\u00a0<\/span><\/p><p><span style=\"font-weight: 400;\">Tout achat de produits effectu\u00e9 par l&rsquo;interm\u00e9diaire du site Web implique que le(s) client(s) a (ont) pleinement et enti\u00e8rement accept\u00e9 les conditions.<\/span><\/p><p><span style=\"font-weight: 400;\">\u00a0<\/span><\/p><p><span style=\"font-weight: 400;\">Ehthele se r\u00e9serve le droit de modifier les conditions \u00e0 tout moment et sans pr\u00e9avis. Les achats effectu\u00e9s dans des conditions ant\u00e9rieures \u00e0 une modification seront trait\u00e9s conform\u00e9ment aux conditions en vigueur au moment de la transaction.<\/span><\/p><h6><b>3. Proc\u00e9dure d&rsquo;achat.<\/b><\/h6><p><span style=\"font-weight: 400;\">Pour effectuer des achats sur le site web, le client doit fournir des donn\u00e9es personnelles (pour plus d&rsquo;informations, veuillez vous r\u00e9f\u00e9rer \u00e0 la politique de confidentialit\u00e9). Au minimum, le client doit fournir son vrai nom, son num\u00e9ro de t\u00e9l\u00e9phone, son adresse \u00e9lectronique et les autres informations demand\u00e9es dans le cadre de la proc\u00e9dure d&rsquo;enregistrement ou de commande.<\/span><\/p><p><span style=\"font-weight: 400;\">\u00a0<\/span><\/p><p><span style=\"font-weight: 400;\">Le client est tenu de fournir des donn\u00e9es de paiement valides et correctes. Ehthele n&rsquo;assumera aucune responsabilit\u00e9 pour les frais ou d\u00e9penses dus \u00e0 l&rsquo;inexactitude des informations susmentionn\u00e9es, ces frais \u00e9tant \u00e0 la charge du client.<\/span><\/p><p><span style=\"font-weight: 400;\">\u00a0<\/span><\/p><p><span style=\"font-weight: 400;\">Si une commande a \u00e9t\u00e9 pass\u00e9e, le client recevra un courriel accusant r\u00e9ception des d\u00e9tails de la commande. Cet e-mail n&rsquo;est PAS une acceptation de la commande, mais seulement une confirmation que le personnel d&rsquo;Ehthele l&rsquo;a re\u00e7ue.<\/span><\/p><p><span style=\"font-weight: 400;\">\u00a0<\/span><\/p><p><span style=\"font-weight: 400;\">\u00c0 moins que le client n&rsquo;annule la commande, l&rsquo;acceptation et l&rsquo;ex\u00e9cution du contrat entre le client et Ehthele seront achev\u00e9es lorsque Ehthele enverra un courriel au client pour confirmer que les marchandises ont \u00e9t\u00e9 exp\u00e9di\u00e9es. En cons\u00e9quence, le contrat de vente est conclu \u00e0 Londres, en Angleterre, et la langue du contrat est l&rsquo;anglais.<\/span><\/p><p><span style=\"font-weight: 400;\">\u00a0<\/span><\/p><p><span style=\"font-weight: 400;\">Ehthele se r\u00e9serve le droit de ne pas accepter la commande dans le cas, par exemple, o\u00f9 Ehthele n&rsquo;est pas en mesure d&rsquo;obtenir l&rsquo;autorisation de paiement, que des restrictions d&rsquo;exp\u00e9dition s&rsquo;appliquent \u00e0 un article particulier, que l&rsquo;article command\u00e9 est en rupture de stock ou ne r\u00e9pond pas \u00e0 nos normes de contr\u00f4le de la qualit\u00e9 et est rappel\u00e9. Dans ce cas, le client sera inform\u00e9 par e-mail dans les meilleurs d\u00e9lais de l&rsquo;indisponibilit\u00e9 des produits et de l&rsquo;annulation de tout ou partie de sa commande.<\/span><\/p><p><span style=\"font-weight: 400;\">\u00a0<\/span><\/p><p><span style=\"font-weight: 400;\">En cas d&rsquo;annulation d&rsquo;une commande dans son int\u00e9gralit\u00e9, le personnel d&rsquo;Ehthele contactera le client pour l&rsquo;informer de l&rsquo;annulation et proc\u00e9dera ensuite au remboursement de la totalit\u00e9 du prix de la commande, qui sera effectu\u00e9 dans les meilleurs d\u00e9lais et au plus tard trente (30) jours apr\u00e8s l&rsquo;annulation de la commande.<\/span><\/p><p><span style=\"font-weight: 400;\">\u00a0<\/span><\/p><p><span style=\"font-weight: 400;\">Si une commande est partiellement annul\u00e9e :<\/span><\/p><ul><li><span style=\"font-weight: 400;\">La <\/span><span style=\"font-weight: 400;\">commande sera confirm\u00e9e et le montant total de la commande sera d\u00e9bit\u00e9 du compte bancaire.<\/span><\/li><li><span style=\"font-weight: 400;\">Les produits disponibles seront exp\u00e9di\u00e9s au client. Le personnel d&rsquo;Ehthele contactera le Client pour l&rsquo;informer de l&rsquo;indisponibilit\u00e9 des produits et proc\u00e9dera au remboursement, qui interviendra dans les meilleurs d\u00e9lais et au plus tard dans les trente (30) jours suivant l&rsquo;exp\u00e9dition.<\/span><\/li><\/ul><p><span style=\"font-weight: 400;\">\u00a0<\/span><\/p><p><span style=\"font-weight: 400;\">Le paiement peut \u00eatre effectu\u00e9 par la carte de d\u00e9bit\/cr\u00e9dit du client ou par d&rsquo;autres m\u00e9thodes de paiement telles que Paypal ou le transfert bancaire, comme annonc\u00e9 sur notre site Web de temps \u00e0 autre. Le paiement sera d\u00e9bit\u00e9 du compte du client au moment o\u00f9 Ehthele soumet la commande.<\/span><\/p><p><span style=\"font-weight: 400;\">\u00a0<\/span><\/p><p><span style=\"font-weight: 400;\">Le client confirme que la carte de cr\u00e9dit\/d\u00e9bit qu&rsquo;il utilise lui appartient ou qu&rsquo;il a \u00e9t\u00e9 sp\u00e9cifiquement autoris\u00e9 par le propri\u00e9taire de la carte de cr\u00e9dit\/d\u00e9bit \u00e0 l&rsquo;utiliser. Tous les titulaires de cartes de cr\u00e9dit\/d\u00e9bit sont soumis \u00e0 des contr\u00f4les de validation et d&rsquo;autorisation par l&rsquo;\u00e9metteur de la carte. Si l&rsquo;\u00e9metteur de la carte de paiement refuse d&rsquo;autoriser le paiement \u00e0 Ehthele, Ehthele ne sera pas responsable des retards ou de la non-livraison.<\/span><\/p><p><span style=\"font-weight: 400;\">\u00a0<\/span><\/p><p><span style=\"font-weight: 400;\">Ehthele se r\u00e9serve le droit de suspendre ou d&rsquo;annuler le traitement d&rsquo;une commande et\/ou l&rsquo;exp\u00e9dition, quel que soit le type ou le stade de traitement, en cas de non-paiement ou de paiement partiel de toute somme due par le Client, en cas de probl\u00e8me de paiement ou en cas de fraude ou de tentative de fraude relative \u00e0 l&rsquo;utilisation du site, y compris pour des commandes ant\u00e9rieures.<\/span><\/p><h6><b>4. Mod\u00e8le de tarification.<\/b><\/h6><p><span style=\"font-weight: 400;\">Les frais d&rsquo;exp\u00e9dition sont inclus dans les prix des produits affich\u00e9s sur le site Web, \u00e0 condition que les marchandises soient livr\u00e9es en Europe, au Royaume-Uni ou en Suisse.<\/span><\/p><p><span style=\"font-weight: 400;\">\u00a0<\/span><\/p><p><span style=\"font-weight: 400;\">Ehthele v\u00e9rifie r\u00e9guli\u00e8rement l&rsquo;exactitude des prix indiqu\u00e9s sur le site Web, mais des erreurs peuvent parfois se produire. Si le personnel d&rsquo;Ehthele d\u00e9tecte une erreur de prix dans une commande, il en informera le client d\u00e8s que possible.<\/span><\/p><p><span style=\"font-weight: 400;\">\u00a0<\/span><\/p><p><span style=\"font-weight: 400;\">Ehthele a le droit d&rsquo;annuler une commande dont le prix est incorrect. Si la commande a \u00e9t\u00e9 pay\u00e9e, le client recevra un remboursement complet du montant pay\u00e9 et, s&rsquo;il a re\u00e7u la commande, il devra la renvoyer \u00e0 Ehthele.<\/span><\/p><p><span style=\"font-weight: 400;\">L&rsquo;e-mail de confirmation de la commande indiquera au client le montant qu&rsquo;il a pay\u00e9 pour chaque article.<\/span><\/p><p><span style=\"font-weight: 400;\">\u00a0<\/span><\/p><p><span style=\"font-weight: 400;\">Le taux de TVA peut varier en fonction du pays de livraison des marchandises.<\/span><\/p><p><span style=\"font-weight: 400;\">\u00a0<\/span><\/p><p><span style=\"font-weight: 400;\">La TVA relative \u00e0 la commande du client sera calcul\u00e9e lorsque la commande sera pr\u00eate \u00e0 \u00eatre exp\u00e9di\u00e9e. Les changements de lois affectant le taux de TVA entre le moment o\u00f9 la commande est pass\u00e9e et la r\u00e9ception de l&rsquo;e-mail de confirmation de la commande peuvent modifier le montant de la taxe pour la commande du Client. Si cela entra\u00eene une augmentation de la taxe sur l&rsquo;achat du client, Ehthele demandera au client de reconfirmer sa commande.<\/span><\/p><h6><b>5. Conformit\u00e9<\/b><span style=\"font-weight: 400;\">.<\/span><\/h6><p><span style=\"font-weight: 400;\">OR : Les produits Ehthele sont fabriqu\u00e9s en or 750 \/ 18 k.<\/span><\/p><p><span style=\"font-weight: 400;\">\u00a0<\/span><\/p><p><span style=\"font-weight: 400;\">DIAMANTS : Les diamants commercialis\u00e9s par Ehthele sont des diamants cultiv\u00e9s en laboratoire.<\/span><\/p><h6><b>6. M\u00e9thodes d&rsquo;exp\u00e9dition<\/b><b>.<\/b><\/h6><p><b>Livraison par transporteur<\/b><\/p><p><span style=\"font-weight: 400;\">\u00a0<\/span><\/p><p><span style=\"font-weight: 400;\">Le d\u00e9lai de livraison des produits est estim\u00e9 entre un (1) et trois (3) jours ouvrables apr\u00e8s l&rsquo;exp\u00e9dition de la commande. Les clients recevront un courrier \u00e9lectronique les informant de l&rsquo;exp\u00e9dition de leur commande.<\/span><\/p><p><span style=\"font-weight: 400;\">\u00a0<\/span><\/p><p><span style=\"font-weight: 400;\">Les frais d&rsquo;exp\u00e9dition sont gratuits pour les articles exp\u00e9di\u00e9s en Europe, au Royaume-Uni ou en Suisse.<\/span><\/p><p><span style=\"font-weight: 400;\">\u00a0<\/span><\/p><p><span style=\"font-weight: 400;\">Parfois, il peut y avoir des retards que nous ne pouvons pas contr\u00f4ler pour des raisons telles que<\/span><\/p><ul><li><span style=\"font-weight: 400;\">\u00c9v\u00e9nements inattendus<\/span><\/li><li><span style=\"font-weight: 400;\">Zone de livraison<\/span><\/li><li><span style=\"font-weight: 400;\">Probl\u00e8mes de circulation<\/span><\/li><\/ul><p><span style=\"font-weight: 400;\">\u00a0<\/span><\/p><p><span style=\"font-weight: 400;\">Le client doit fournir une adresse de livraison compl\u00e8te et pr\u00e9cise, y compris le num\u00e9ro de rue, le b\u00e2timent, l&rsquo;escalier, le code d&rsquo;acc\u00e8s, le num\u00e9ro d&rsquo;interphone, etc. afin de garantir le respect du d\u00e9lai de livraison.<\/span><\/p><p><span style=\"font-weight: 400;\">\u00a0<\/span><\/p><p><span style=\"font-weight: 400;\">Ehthele est responsable des produits jusqu&rsquo;\u00e0 ce qu&rsquo;ils soient livr\u00e9s au client. Apr\u00e8s cela, le client est responsable des produits une fois qu&rsquo;il les a re\u00e7us \u00e0 l&rsquo;adresse de livraison fournie.<\/span><\/p><p><span style=\"font-weight: 400;\">\u00a0<\/span><\/p><p><span style=\"font-weight: 400;\">Afin d&rsquo;\u00e9viter tout litige, Ehthele conseille au Client de v\u00e9rifier l&rsquo;\u00e9tat des produits \u00e0 la r\u00e9ception et, si possible, de noter les \u00e9ventuels d\u00e9fauts sur le bon de livraison et de le signer (colis arriv\u00e9 ouvert, produit endommag\u00e9, etc.).<\/span><\/p><h6><b>7. Retour ou <\/b><b>annulation de la <\/b><b>commande.<\/b><\/h6><p><span style=\"font-weight: 400;\">Le client peut annuler sa commande pour quelque raison que ce soit dans les 14 (quatorze) jours suivant la r\u00e9ception du produit qu&rsquo;il souhaite annuler. Si la commande du Client comporte plus d&rsquo;un produit ou si les produits ont \u00e9t\u00e9 livr\u00e9s \u00e0 des moments diff\u00e9rents, le Client peut annuler jusqu&rsquo;\u00e0 14 jours apr\u00e8s que lui-m\u00eame, ou une personne de son choix (pas le transporteur), a re\u00e7u le dernier article ou la derni\u00e8re livraison. Seules les commandes en parfait \u00e9tat seront accept\u00e9es pour le retour.<\/span><\/p><p><span style=\"font-weight: 400;\">\u00a0<\/span><\/p><p><span style=\"font-weight: 400;\">Pour plus d&rsquo;informations, veuillez vous r\u00e9f\u00e9rer \u00e0 la politique de retour disponible sur le site <a href=\"\/fr\/politique-de-retour\/\">ici<\/a><\/span><span style=\"font-weight: 400;\">.<\/span><span style=\"font-weight: 400;\">\u00a0<\/span><\/p><h6><strong>8. Garantie<span style=\"font-size: 1rem;\">.<\/span><\/strong><\/h6><p><span style=\"font-weight: 400;\">Vous b\u00e9n\u00e9ficiez d&rsquo;une <\/span><span style=\"font-weight: 400;\">garantie de 24 mois \u00e0 compter de la <\/span><span style=\"font-weight: 400;\">date d&rsquo;achat de nos produits. Cela signifie que nous r\u00e9parerons ou remplacerons toute pi\u00e8ce d\u00e9fectueuse en raison de la mani\u00e8re dont nous l&rsquo;avons fabriqu\u00e9e, \u00e0 condition que vous nous l&rsquo;envoyiez dans ce d\u00e9lai. Nous d\u00e9ciderons de r\u00e9parer ou de remplacer la pi\u00e8ce. Apr\u00e8s 24 mois, vous devrez payer pour tout service ou r\u00e9paration.<\/span><\/p><p><span style=\"font-weight: 400;\">\u00a0<\/span><\/p><p><span style=\"font-weight: 400;\">La garantie ne s&rsquo;applique pas si<\/span><\/p><ul><li><span style=\"font-weight: 400;\">Si vous endommagez le produit \u00e0 la suite d&rsquo;une mauvaise utilisation, d&rsquo;une n\u00e9gligence ou d&rsquo;un accident,<\/span><\/li><li><span style=\"font-weight: 400;\">le produit est endommag\u00e9 \u00e0 la suite de chutes, de chocs, de bosses, de pressions, de rayures, etc., ou parce que vous l&rsquo;avez modifi\u00e9, ouvert ou r\u00e9par\u00e9 vous-m\u00eame ou par quelqu&rsquo;un d&rsquo;autre qu&rsquo;Ehthele, ou parce que vous avez utilis\u00e9 des pi\u00e8ces ou des accessoires que Ehthele n&rsquo;a pas recommand\u00e9s.<\/span><\/li><li><span style=\"font-weight: 400;\">nous ne voyons pas le num\u00e9ro de s\u00e9rie grav\u00e9 sur le produit, ou une partie du produit est manquante, diff\u00e9rente, modifi\u00e9e, remplac\u00e9e, supprim\u00e9e ou peu claire.<\/span><\/li><li><span style=\"font-weight: 400;\">le produit n\u00e9cessite un nettoyage ou un entretien normal, ou pr\u00e9sente des signes normaux d&rsquo;utilisation et de vieillissement.<\/span><\/li><\/ul><h6><b>9. Mat\u00e9riaux<\/b><span style=\"font-weight: 400;\">.<\/span><\/h6><p><span style=\"font-weight: 400;\">Le mat\u00e9riel sur notre site web est fourni sans aucune garantie, condition ou garantie quant \u00e0 son exactitude. Dans la mesure permise par la loi, Ehthele exclut express\u00e9ment toutes les conditions, garanties et autres termes qui pourraient \u00eatre implicites en vertu de la loi ou du droit commun.<\/span><\/p><p><span style=\"font-weight: 400;\">\u00a0<\/span><\/p><p><span style=\"font-weight: 400;\">Toute responsabilit\u00e9 pour toute perte ou dommage direct, indirect ou cons\u00e9cutif subi par tout utilisateur en relation avec notre site web ou en relation avec l&rsquo;utilisation, l&rsquo;incapacit\u00e9 d&rsquo;utilisation ou les r\u00e9sultats de l&rsquo;utilisation de notre site web, de tout site web qui y est li\u00e9 et de tout mat\u00e9riel qui y est publi\u00e9, y compris :<\/span><\/p><ul><li><span style=\"font-weight: 400;\">Perte de revenus ;<\/span><\/li><li><span style=\"font-weight: 400;\">Perte d&rsquo;activit\u00e9 ;<\/span><\/li><li><span style=\"font-weight: 400;\">Perte d&rsquo;avantages ou de contrats ;<\/span><\/li><li><span style=\"font-weight: 400;\">Perte des \u00e9conomies pr\u00e9vues ;<\/span><\/li><li><span style=\"font-weight: 400;\">Perte de donn\u00e9es ;<\/span><\/li><li><span style=\"font-weight: 400;\">Perte du fonds de commerce.<\/span><\/li><\/ul><h6><b>10. Litiges juridiques<\/b><\/h6><p><span style=\"font-weight: 400;\">Les tribunaux anglais auront une comp\u00e9tence exclusive pour toute r\u00e9clamation d\u00e9coulant des pr\u00e9sentes conditions ou en rapport avec celles-ci, bien que nous nous r\u00e9servions le droit d&rsquo;engager des poursuites contre vous pour violation des pr\u00e9sentes conditions dans votre pays de r\u00e9sidence ou dans tout autre pays concern\u00e9.<\/span><\/p><p><span style=\"font-weight: 400;\">Les pr\u00e9sentes conditions et tout litige ou r\u00e9clamation d\u00e9coulant de leur objet ou de leur formation (y compris les litiges ou r\u00e9clamations non contractuels) sont r\u00e9gis et interpr\u00e9t\u00e9s conform\u00e9ment \u00e0 la l\u00e9gislation de l&rsquo;Angleterre et du Pays de Galles.<\/span><\/p>\t\t\t\t\t\t<\/div>\n\t\t\t\t<\/div>\n\t\t\t\t\t<\/div>\n\t\t<\/div>\n\t\t\t\t      \r\n            \r\n              \r\n            \r\n            \t\r\n\t\t\t<\/div>\r\n\t\t<\/section>\r\n\t\t\t\t<\/div>\n\t\t","protected":false},"excerpt":{"rendered":"<p>CONDITIONS G\u00c9N\u00c9RALES DE VENTE EN LIGNE (\u00ab\u00a0Conditions\u00a0\u00bb) 1. Informations sur l&rsquo;entreprise. \u00a0Ehthele Limited est une soci\u00e9t\u00e9 priv\u00e9e \u00e0 responsabilit\u00e9 limit\u00e9e, constitu\u00e9e en vertu des lois du Royaume-Uni, dont le si\u00e8ge social est situ\u00e9 \u00e0 Unit 3 Cedar Court, 1 Royal Oak Yard, Londres, Angleterre, SE1 3GA et dont le num\u00e9ro d&rsquo;entreprise est 07178249 ; ci-apr\u00e8s [&hellip;]<\/p>\n","protected":false},"author":1,"featured_media":0,"parent":0,"menu_order":0,"comment_status":"closed","ping_status":"closed","template":"elementor_theme","meta":{"footnotes":""},"class_list":["post-62726","page","type-page","status-publish","hentry"],"acf":[],"_links":{"self":[{"href":"https:\/\/www.ehthele.com\/fr\/wp-json\/wp\/v2\/pages\/62726","targetHints":{"allow":["GET"]}}],"collection":[{"href":"https:\/\/www.ehthele.com\/fr\/wp-json\/wp\/v2\/pages"}],"about":[{"href":"https:\/\/www.ehthele.com\/fr\/wp-json\/wp\/v2\/types\/page"}],"author":[{"embeddable":true,"href":"https:\/\/www.ehthele.com\/fr\/wp-json\/wp\/v2\/users\/1"}],"replies":[{"embeddable":true,"href":"https:\/\/www.ehthele.com\/fr\/wp-json\/wp\/v2\/comments?post=62726"}],"version-history":[{"count":13,"href":"https:\/\/www.ehthele.com\/fr\/wp-json\/wp\/v2\/pages\/62726\/revisions"}],"predecessor-version":[{"id":63149,"href":"https:\/\/www.ehthele.com\/fr\/wp-json\/wp\/v2\/pages\/62726\/revisions\/63149"}],"wp:attachment":[{"href":"https:\/\/www.ehthele.com\/fr\/wp-json\/wp\/v2\/media?parent=62726"}],"curies":[{"name":"wp","href":"https:\/\/api.w.org\/{rel}","templated":true}]}}