{"id":62298,"date":"2023-06-26T10:34:21","date_gmt":"2023-06-26T10:34:21","guid":{"rendered":"https:\/\/www.ehthele.com\/icon-earrings\/"},"modified":"2023-09-25T11:43:12","modified_gmt":"2023-09-25T11:43:12","slug":"icon-earrings","status":"publish","type":"product","link":"https:\/\/www.ehthele.com\/fr-ch\/icon-earrings\/","title":{"rendered":"Icon Earrings"},"content":{"rendered":"<p>Classiques et \u00e9l\u00e9gantes, les Icon Earrings sont un accessoire pr\u00e9cieux qui vous accompagnera dans tous les moments de la vie. Elles s&#8217;accordent \u00e0 toutes les carnations, des plus claires aux plus fonc\u00e9es. Laissez-vous s\u00e9duire par la beaut\u00e9 luxueuse de la joaillerie fine tout en c\u00e9l\u00e9brant le charme de la collection Icon qui r\u00e9sonne avec votre style personnel, en distinguant rapidement toutes vos tenues avec ses 68 diamants taille brillant, d&#8217;un total de 1 carat.<\/p>\n","protected":false},"excerpt":{"rendered":"<p><span style=\"font-weight: 400;\">R\u00e9f\u00e9rence: Icon Earrings boucles d&#8217;oreilles en diamant pour femmes et hommes EH-E003YG<\/span><\/p>\n<p>&nbsp;<\/p>\n<p><span style=\"font-weight: 400;\">Collection: Icon<\/span><\/p>\n<p><span style=\"font-weight: 400;\">Type de bijoux: Boucles d&#8217;oreilles<\/span><\/p>\n<p><span style=\"font-weight: 400;\">M\u00e9tal: Or jaune<\/span><\/p>\n<p><span style=\"font-weight: 400;\">Pierres: Diamant<\/span><\/p>\n<p><span style=\"font-weight: 400;\">Poids total du diamant: 1 carat<\/span><\/p>\n<p><span style=\"font-weight: 400;\">Cat\u00e9gorie: Boucles d&#8217;oreilles pour femmes et hommes<\/span><\/p>\n<p>&nbsp;<\/p>\n<p><span style=\"font-weight: 400;\">Toutes les pi\u00e8ces de la collection Ehthele Jewelry sont uniques. Le poids, la taille et le poids en carats de chaque pi\u00e8ce peuvent varier l\u00e9g\u00e8rement d&#8217;une cr\u00e9ation \u00e0 l&#8217;autre.<\/span><\/p>\n","protected":false},"featured_media":23357,"template":"","meta":[],"product_cat":[451],"product_tag":[458],"class_list":{"0":"post-62298","1":"product","2":"type-product","3":"status-publish","4":"has-post-thumbnail","6":"product_cat-boucles-doreilles","7":"product_tag-collection-icon-diamond","9":"first","10":"instock","11":"shipping-taxable","12":"purchasable","13":"product-type-simple"},"acf":[],"_links":{"self":[{"href":"https:\/\/www.ehthele.com\/fr-ch\/wp-json\/wp\/v2\/product\/62298","targetHints":{"allow":["GET"]}}],"collection":[{"href":"https:\/\/www.ehthele.com\/fr-ch\/wp-json\/wp\/v2\/product"}],"about":[{"href":"https:\/\/www.ehthele.com\/fr-ch\/wp-json\/wp\/v2\/types\/product"}],"wp:featuredmedia":[{"embeddable":true,"href":"https:\/\/www.ehthele.com\/fr-ch\/wp-json\/wp\/v2\/media\/23357"}],"wp:attachment":[{"href":"https:\/\/www.ehthele.com\/fr-ch\/wp-json\/wp\/v2\/media?parent=62298"}],"wp:term":[{"taxonomy":"product_cat","embeddable":true,"href":"https:\/\/www.ehthele.com\/fr-ch\/wp-json\/wp\/v2\/product_cat?post=62298"},{"taxonomy":"product_tag","embeddable":true,"href":"https:\/\/www.ehthele.com\/fr-ch\/wp-json\/wp\/v2\/product_tag?post=62298"}],"curies":[{"name":"wp","href":"https:\/\/api.w.org\/{rel}","templated":true}]}}