{"id":62296,"date":"2023-06-26T10:32:05","date_gmt":"2023-06-26T10:32:05","guid":{"rendered":"https:\/\/www.ehthele.com\/icon-asymmetry-earrings\/"},"modified":"2023-09-25T11:45:07","modified_gmt":"2023-09-25T11:45:07","slug":"icon-asymmetry-earrings","status":"publish","type":"product","link":"https:\/\/www.ehthele.com\/fr-ch\/icon-asymmetry-earrings\/","title":{"rendered":"Icon Asymmetry Earrings"},"content":{"rendered":"<p>Les Icon Asymmetry Earrings de la collection Icon seront votre choix pour les occasions sp\u00e9ciales o\u00f9 vous souhaitez \u00e9blouir. R\u00e9alis\u00e9es en or jaune 18 carats et serties de 60 diamants taille brillant totalisant 0,900 carats, ces boucles d&#8217;oreilles sont con\u00e7ues pour captiver l&#8217;attention et laisser une impression durable. Leur fabrication exceptionnelle et leur beaut\u00e9 intemporelle incarnent l&#8217;h\u00e9ritage d&#8217;\u00e9l\u00e9gance et de raffinement d&#8217;Ehthele. Appr\u00e9ciez la splendeur de la haute joaillerie et c\u00e9l\u00e9brez les moments extraordinaires de la vie avec les boucles d&#8217;oreilles Icon Asymmetry, v\u00e9ritable symbole de luxe et de style.<\/p>\n","protected":false},"excerpt":{"rendered":"<p><span style=\"font-weight: 400;\">R\u00e9f\u00e9rence: Icon Asymmetry Earrings boucles d&#8217;oreilles en diamant pour femmes et hommes EH-E001YG<\/span><\/p>\n<p><span style=\"font-weight: 400;\">Collection: Icon<\/span><\/p>\n<p><span style=\"font-weight: 400;\">Type de bijoux: Boucles d&#8217;oreilles<\/span><\/p>\n<p><span style=\"font-weight: 400;\">M\u00e9tal: Or jaune<\/span><\/p>\n<p><span style=\"font-weight: 400;\">Pierres: Diamant<\/span><\/p>\n<p><span style=\"font-weight: 400;\">Poids total du diamant: 0,900 carats<\/span><\/p>\n<p><span style=\"font-weight: 400;\">Cat\u00e9gorie: Boucles d&#8217;oreilles pour femmes et hommes<\/span><\/p>\n<p>&nbsp;<\/p>\n<p><span style=\"font-weight: 400;\">Toutes les pi\u00e8ces de la collection Ehthele Jewelry sont uniques. Le poids, la taille et le poids en carats de chaque pi\u00e8ce peuvent varier l\u00e9g\u00e8rement d&#8217;une cr\u00e9ation \u00e0 l&#8217;autre.<\/span><\/p>\n","protected":false},"featured_media":23308,"template":"","meta":[],"product_cat":[451],"product_tag":[458],"class_list":{"0":"post-62296","1":"product","2":"type-product","3":"status-publish","4":"has-post-thumbnail","6":"product_cat-boucles-doreilles","7":"product_tag-collection-icon-diamond","9":"first","10":"instock","11":"shipping-taxable","12":"purchasable","13":"product-type-simple"},"acf":[],"_links":{"self":[{"href":"https:\/\/www.ehthele.com\/fr-ch\/wp-json\/wp\/v2\/product\/62296","targetHints":{"allow":["GET"]}}],"collection":[{"href":"https:\/\/www.ehthele.com\/fr-ch\/wp-json\/wp\/v2\/product"}],"about":[{"href":"https:\/\/www.ehthele.com\/fr-ch\/wp-json\/wp\/v2\/types\/product"}],"wp:featuredmedia":[{"embeddable":true,"href":"https:\/\/www.ehthele.com\/fr-ch\/wp-json\/wp\/v2\/media\/23308"}],"wp:attachment":[{"href":"https:\/\/www.ehthele.com\/fr-ch\/wp-json\/wp\/v2\/media?parent=62296"}],"wp:term":[{"taxonomy":"product_cat","embeddable":true,"href":"https:\/\/www.ehthele.com\/fr-ch\/wp-json\/wp\/v2\/product_cat?post=62296"},{"taxonomy":"product_tag","embeddable":true,"href":"https:\/\/www.ehthele.com\/fr-ch\/wp-json\/wp\/v2\/product_tag?post=62296"}],"curies":[{"name":"wp","href":"https:\/\/api.w.org\/{rel}","templated":true}]}}