{"id":62292,"date":"2023-06-26T10:23:44","date_gmt":"2023-06-26T10:23:44","guid":{"rendered":"https:\/\/www.ehthele.com\/icon-bracelet\/"},"modified":"2023-09-25T11:18:51","modified_gmt":"2023-09-25T11:18:51","slug":"icon-bracelet","status":"publish","type":"product","link":"https:\/\/www.ehthele.com\/fr-ch\/icon-bracelet\/","title":{"rendered":"Icon Bracelet"},"content":{"rendered":"<p>Symbole d&#8217;\u00e9l\u00e9gance raffin\u00e9e, le Icon Bracelet de la collection Icon incarne l&#8217;h\u00e9ritage Ehthele d&#8217;un savoir-faire exceptionnel. Chacun des 36 diamants taille brillant, d&#8217;une valeur totale de 0,33 carat, est m\u00e9ticuleusement serti pour cr\u00e9er un jeu de lumi\u00e8re captivant \u00e0 partir de ce bracelet \u00e9lanc\u00e9 qui orne \u00e9l\u00e9gamment votre poignet et ajoute une belle touche de sophistication \u00e0 n&#8217;importe quelle tenue. D&#8217;un \u00e9clat enchanteur, le bracelet Icon est un accessoire pour toutes les occasions.<\/p>\n","protected":false},"excerpt":{"rendered":"<p><span style=\"font-weight: 400;\">R\u00e9f\u00e9rence: Icon Bracelet diamant pour femmes et hommes EH-B001YG<\/span><\/p>\n<p><span style=\"font-weight: 400;\">Collection: Icon<\/span><\/p>\n<p><span style=\"font-weight: 400;\">Type de bijoux: Bracelet<\/span><\/p>\n<p><span style=\"font-weight: 400;\">M\u00e9tal: Or jaune<\/span><\/p>\n<p><span style=\"font-weight: 400;\">Pierres: Diamant<\/span><\/p>\n<p><span style=\"font-weight: 400;\">Poids total des diamants: 0,33 carats<\/span><\/p>\n<p><span style=\"font-weight: 400;\">Cat\u00e9gorie : Bracelet pour femmes et hommes<\/span><\/p>\n<p>&nbsp;<\/p>\n<p><span style=\"font-weight: 400;\">Toutes les pi\u00e8ces de la collection Ehthele Jewelry sont uniques. Le poids, la taille et le poids en carats de chaque pi\u00e8ce peuvent varier l\u00e9g\u00e8rement d&#8217;une cr\u00e9ation \u00e0 l&#8217;autre.<\/span><\/p>\n","protected":false},"featured_media":23350,"template":"","meta":[],"product_cat":[452],"product_tag":[458],"class_list":{"0":"post-62292","1":"product","2":"type-product","3":"status-publish","4":"has-post-thumbnail","6":"product_cat-bracelets","7":"product_tag-collection-icon-diamond","9":"first","10":"instock","11":"shipping-taxable","12":"purchasable","13":"product-type-simple"},"acf":[],"_links":{"self":[{"href":"https:\/\/www.ehthele.com\/fr-ch\/wp-json\/wp\/v2\/product\/62292","targetHints":{"allow":["GET"]}}],"collection":[{"href":"https:\/\/www.ehthele.com\/fr-ch\/wp-json\/wp\/v2\/product"}],"about":[{"href":"https:\/\/www.ehthele.com\/fr-ch\/wp-json\/wp\/v2\/types\/product"}],"wp:featuredmedia":[{"embeddable":true,"href":"https:\/\/www.ehthele.com\/fr-ch\/wp-json\/wp\/v2\/media\/23350"}],"wp:attachment":[{"href":"https:\/\/www.ehthele.com\/fr-ch\/wp-json\/wp\/v2\/media?parent=62292"}],"wp:term":[{"taxonomy":"product_cat","embeddable":true,"href":"https:\/\/www.ehthele.com\/fr-ch\/wp-json\/wp\/v2\/product_cat?post=62292"},{"taxonomy":"product_tag","embeddable":true,"href":"https:\/\/www.ehthele.com\/fr-ch\/wp-json\/wp\/v2\/product_tag?post=62292"}],"curies":[{"name":"wp","href":"https:\/\/api.w.org\/{rel}","templated":true}]}}