{"id":62256,"date":"2023-06-26T11:13:26","date_gmt":"2023-06-26T11:13:26","guid":{"rendered":"https:\/\/www.ehthele.com\/essential-pave-pendant\/"},"modified":"2023-09-25T08:33:25","modified_gmt":"2023-09-25T08:33:25","slug":"essential-pave-pendant","status":"publish","type":"product","link":"https:\/\/www.ehthele.com\/fr-ch\/essential-pave-pendant\/","title":{"rendered":"Essential Pav\u00e9 Pendant"},"content":{"rendered":"<p>Entrez dans le monde enchanteur des bijoux pav\u00e9s avec le Essential Pav\u00e9 Pendant de notre collection Essential. R\u00e9alis\u00e9 en or blanc 18 k, ce pendentif est orn\u00e9 de 19 diamants taille brillant d&#8217;une valeur totale de 0,175 carat, sertis de mani\u00e8re complexe en style pav\u00e9. La disposition d\u00e9licate de ces minuscules pierres pr\u00e9cieuses cr\u00e9e une surface hypnotique qui semble d\u00e9pourvue de m\u00e9tal, ce qui en fait une d\u00e9monstration exquise de brillance et de savoir-faire. Les bijoux pav\u00e9s sont de plus en plus populaires en raison de leur sertissage unique, qui donne l&#8217;illusion d&#8217;une surface continue de diamants. L&#8217;\u00e9clat des diamants scintille \u00e0 chaque mouvement, captivant l&#8217;attention sous tous les angles.<\/p>\n","protected":false},"excerpt":{"rendered":"<p><span style=\"font-weight: 400;\">R\u00e9f\u00e9rence: Essential Pav\u00e9 Pendant collier diamant pour femmes et hommes EH-N007WG<\/span><\/p>\n<p><span style=\"font-weight: 400;\">Collection : Essential<\/span><\/p>\n<p><span style=\"font-weight: 400;\">Type de bijoux: Collier<\/span><\/p>\n<p><span style=\"font-weight: 400;\">M\u00e9tal: Or blanc<\/span><\/p>\n<p><span style=\"font-weight: 400;\">Pierres: Diamant<\/span><\/p>\n<p><span style=\"font-weight: 400;\">Poids total des diamants: 0,175 carats <\/span><\/p>\n<p><span style=\"font-weight: 400;\">Cat\u00e9gorie: Colliers pour femmes et hommes<\/span><\/p>\n<p>&nbsp;<\/p>\n<p><span style=\"font-weight: 400;\">Toutes les pi\u00e8ces de la collection Ehthele Jewelry sont uniques. Le poids, la taille et le poids en carats de chaque pi\u00e8ce peuvent varier l\u00e9g\u00e8rement d&#8217;une cr\u00e9ation \u00e0 l&#8217;autre.<\/span><\/p>\n","protected":false},"featured_media":23672,"template":"","meta":[],"product_cat":[450],"product_tag":[457],"class_list":{"0":"post-62256","1":"product","2":"type-product","3":"status-publish","4":"has-post-thumbnail","6":"product_cat-colliers","7":"product_tag-collection-diamants-essential","9":"first","10":"instock","11":"shipping-taxable","12":"purchasable","13":"product-type-simple"},"acf":[],"_links":{"self":[{"href":"https:\/\/www.ehthele.com\/fr-ch\/wp-json\/wp\/v2\/product\/62256","targetHints":{"allow":["GET"]}}],"collection":[{"href":"https:\/\/www.ehthele.com\/fr-ch\/wp-json\/wp\/v2\/product"}],"about":[{"href":"https:\/\/www.ehthele.com\/fr-ch\/wp-json\/wp\/v2\/types\/product"}],"wp:featuredmedia":[{"embeddable":true,"href":"https:\/\/www.ehthele.com\/fr-ch\/wp-json\/wp\/v2\/media\/23672"}],"wp:attachment":[{"href":"https:\/\/www.ehthele.com\/fr-ch\/wp-json\/wp\/v2\/media?parent=62256"}],"wp:term":[{"taxonomy":"product_cat","embeddable":true,"href":"https:\/\/www.ehthele.com\/fr-ch\/wp-json\/wp\/v2\/product_cat?post=62256"},{"taxonomy":"product_tag","embeddable":true,"href":"https:\/\/www.ehthele.com\/fr-ch\/wp-json\/wp\/v2\/product_tag?post=62256"}],"curies":[{"name":"wp","href":"https:\/\/api.w.org\/{rel}","templated":true}]}}