{"id":62250,"date":"2023-06-26T10:25:21","date_gmt":"2023-06-26T10:25:21","guid":{"rendered":"https:\/\/www.ehthele.com\/icon-necklace-choker-large\/"},"modified":"2023-09-25T11:30:40","modified_gmt":"2023-09-25T11:30:40","slug":"icon-necklace-choker-large","status":"publish","type":"product","link":"https:\/\/www.ehthele.com\/fr-ch\/icon-necklace-choker-large\/","title":{"rendered":"Icon Necklace Choker Large"},"content":{"rendered":"<p>D\u00e9couvrez la r\u00e9surgence de l&#8217;or jaune, qui a retrouv\u00e9 sa place dans le monde de la haute joaillerie. Ce collier de diamants en or jaune 18 k, m\u00e9ticuleusement r\u00e9alis\u00e9 \u00e0 la main, fait partie de la collection de diamants Icon d&#8217;Ehthele. Il orne le d\u00e9collet\u00e9 avec d\u00e9licatesse et finesse. Avec la possibilit\u00e9 de le porter en extension ou en double boucle, ce bijou en diamant pour femmes et hommes s&#8217;accorde sans effort avec les chemises d\u00e9contract\u00e9es et les robes de cocktail, ajoutant une touche de sophistication subtile \u00e0 toutes les tenues.<\/p>\n","protected":false},"excerpt":{"rendered":"<p><span style=\"font-weight: 400;\">R\u00e9f\u00e9rence: Icon Necklace Choker Large collier en diamant pour femmes et hommes EH-N003YG<\/span><\/p>\n<p><span style=\"font-weight: 400;\">Collection: Icon<\/span><\/p>\n<p><span style=\"font-weight: 400;\">Type de bijoux: Collier<\/span><\/p>\n<p><span style=\"font-weight: 400;\">M\u00e9tal: Or jaune<\/span><\/p>\n<p><span style=\"font-weight: 400;\">Pierres: Diamant<\/span><\/p>\n<p><span style=\"font-weight: 400;\">Poids total des diamants: 4,49 carats <\/span><\/p>\n<p><span style=\"font-weight: 400;\">Cat\u00e9gorie: Colliers pour hommes et femmes <\/span><\/p>\n<p>&nbsp;<\/p>\n<p><span style=\"font-weight: 400;\">Toutes les pi\u00e8ces de la collection Ehthele Jewelry sont uniques. Le poids, la taille et le poids en carats de chaque pi\u00e8ce peuvent varier l\u00e9g\u00e8rement d&#8217;une cr\u00e9ation \u00e0 l&#8217;autre.<\/span><\/p>\n","protected":false},"featured_media":23399,"template":"","meta":[],"product_cat":[450],"product_tag":[458],"class_list":{"0":"post-62250","1":"product","2":"type-product","3":"status-publish","4":"has-post-thumbnail","6":"product_cat-colliers","7":"product_tag-collection-icon-diamond","9":"first","10":"instock","11":"shipping-taxable","12":"purchasable","13":"product-type-simple"},"acf":[],"_links":{"self":[{"href":"https:\/\/www.ehthele.com\/fr-ch\/wp-json\/wp\/v2\/product\/62250","targetHints":{"allow":["GET"]}}],"collection":[{"href":"https:\/\/www.ehthele.com\/fr-ch\/wp-json\/wp\/v2\/product"}],"about":[{"href":"https:\/\/www.ehthele.com\/fr-ch\/wp-json\/wp\/v2\/types\/product"}],"wp:featuredmedia":[{"embeddable":true,"href":"https:\/\/www.ehthele.com\/fr-ch\/wp-json\/wp\/v2\/media\/23399"}],"wp:attachment":[{"href":"https:\/\/www.ehthele.com\/fr-ch\/wp-json\/wp\/v2\/media?parent=62250"}],"wp:term":[{"taxonomy":"product_cat","embeddable":true,"href":"https:\/\/www.ehthele.com\/fr-ch\/wp-json\/wp\/v2\/product_cat?post=62250"},{"taxonomy":"product_tag","embeddable":true,"href":"https:\/\/www.ehthele.com\/fr-ch\/wp-json\/wp\/v2\/product_tag?post=62250"}],"curies":[{"name":"wp","href":"https:\/\/api.w.org\/{rel}","templated":true}]}}