{"id":62248,"date":"2023-06-26T09:22:49","date_gmt":"2023-06-26T09:22:49","guid":{"rendered":"https:\/\/www.ehthele.com\/elixir-pendant\/"},"modified":"2023-09-25T08:32:07","modified_gmt":"2023-09-25T08:32:07","slug":"elixir-pendant","status":"publish","type":"product","link":"https:\/\/www.ehthele.com\/fr-ch\/elixir-pendant\/","title":{"rendered":"Elixir Pendant"},"content":{"rendered":"<p>Portez le superbe Elixir Pendant de la collection Elixir, l&#8217;incarnation m\u00eame de l&#8217;\u00e9l\u00e9gance et du charme. R\u00e9alis\u00e9 en or jaune 18 k, ce collier est orn\u00e9 de 27 diamants taille brillant d&#8217;une valeur totale de 0,35 carat. La disposition d\u00e9licate des diamants cr\u00e9e un jeu de lumi\u00e8re \u00e9blouissant qui attire le regard par son \u00e9clat captivant. Symbole de sophistication et de style, elle est parfaite pour ajouter une touche sophistiqu\u00e9e \u00e0 n&#8217;importe quelle tenue. Qu&#8217;il soit port\u00e9 seul ou associ\u00e9 \u00e0 d&#8217;autres pi\u00e8ces de la collection Elixir, ce pendentif est un compagnon radieux pour toutes les occasions.<\/p>\n","protected":false},"excerpt":{"rendered":"<p><span style=\"font-weight: 400;\">R\u00e9f\u00e9rence: Elixir Pendant collier en diamant pour femmes et hommes EH-N006YG<\/span><\/p>\n<p><span style=\"font-weight: 400;\">Collection: Elixir<\/span><\/p>\n<p><span style=\"font-weight: 400;\">Type de bijoux: Collier<\/span><\/p>\n<p><span style=\"font-weight: 400;\">M\u00e9tal: Or jaune<\/span><\/p>\n<p><span style=\"font-weight: 400;\">Pierres: Diamant<\/span><\/p>\n<p><span style=\"font-weight: 400;\">Poids total des diamants: 0,35 carats <\/span><\/p>\n<p><span style=\"font-weight: 400;\">Cat\u00e9gorie: Colliers pour hommes et femmes <\/span><\/p>\n<p>&nbsp;<\/p>\n<p><span style=\"font-weight: 400;\">Toutes les pi\u00e8ces de la collection Ehthele Jewelry sont uniques. Le poids, la taille et le poids en carats de chaque pi\u00e8ce peuvent varier l\u00e9g\u00e8rement d&#8217;une cr\u00e9ation \u00e0 l&#8217;autre.<\/span><\/p>\n","protected":false},"featured_media":23462,"template":"","meta":[],"product_cat":[450],"product_tag":[456],"class_list":{"0":"post-62248","1":"product","2":"type-product","3":"status-publish","4":"has-post-thumbnail","6":"product_cat-colliers","7":"product_tag-collection-diamants-elixir","9":"first","10":"instock","11":"shipping-taxable","12":"purchasable","13":"product-type-simple"},"acf":[],"_links":{"self":[{"href":"https:\/\/www.ehthele.com\/fr-ch\/wp-json\/wp\/v2\/product\/62248","targetHints":{"allow":["GET"]}}],"collection":[{"href":"https:\/\/www.ehthele.com\/fr-ch\/wp-json\/wp\/v2\/product"}],"about":[{"href":"https:\/\/www.ehthele.com\/fr-ch\/wp-json\/wp\/v2\/types\/product"}],"wp:featuredmedia":[{"embeddable":true,"href":"https:\/\/www.ehthele.com\/fr-ch\/wp-json\/wp\/v2\/media\/23462"}],"wp:attachment":[{"href":"https:\/\/www.ehthele.com\/fr-ch\/wp-json\/wp\/v2\/media?parent=62248"}],"wp:term":[{"taxonomy":"product_cat","embeddable":true,"href":"https:\/\/www.ehthele.com\/fr-ch\/wp-json\/wp\/v2\/product_cat?post=62248"},{"taxonomy":"product_tag","embeddable":true,"href":"https:\/\/www.ehthele.com\/fr-ch\/wp-json\/wp\/v2\/product_tag?post=62248"}],"curies":[{"name":"wp","href":"https:\/\/api.w.org\/{rel}","templated":true}]}}