{"id":62243,"date":"2023-06-26T09:55:21","date_gmt":"2023-06-26T09:55:21","guid":{"rendered":"https:\/\/www.ehthele.com\/icon-ring\/"},"modified":"2023-09-25T11:25:06","modified_gmt":"2023-09-25T11:25:06","slug":"icon-ring","status":"publish","type":"product","link":"https:\/\/www.ehthele.com\/fr-ch\/icon-ring\/","title":{"rendered":"Icon Ring"},"content":{"rendered":"<p>Icon Ring, ou en d&#8217;autres termes, l\u00e0 o\u00f9 les lignes nettes convergent et se fondent \u00e0 la perfection. R\u00e9alis\u00e9e en or jaune 18 k, cette bague exquise est sertie de 34 diamants taille brillant d&#8217;une valeur totale de 0,313 carat. Les lignes ac\u00e9r\u00e9es du design cr\u00e9ent un sentiment d&#8217;\u00e9nergie dynamique, tandis que la douce fusion des diamants cultiv\u00e9s en laboratoire ajoute une touche d&#8217;\u00e9l\u00e9gance et de raffinement. L&#8217;or jaune, symbole d&#8217;exquisit\u00e9, rehausse la beaut\u00e9 des diamants en leur donnant un \u00e9clat chaud et radieux. Adoptez le style et la sophistication en d\u00e9couvrant cette cr\u00e9ation extraordinaire.<\/p>\n","protected":false},"excerpt":{"rendered":"<p><span style=\"font-weight: 400;\">R\u00e9f\u00e9rence: Icon Ring S bague en diamant pour femmes et hommes EH-R003YG<\/span><\/p>\n<p><span style=\"font-weight: 400;\">Collection: Icon <\/span><\/p>\n<p><span style=\"font-weight: 400;\">Type de bijoux: Bague<\/span><\/p>\n<p><span style=\"font-weight: 400;\">M\u00e9tal: Or jaune<\/span><\/p>\n<p><span style=\"font-weight: 400;\">Pierres: Diamant<\/span><\/p>\n<p><span style=\"font-weight: 400;\">Poids total du diamant: 0,313 carats <\/span><\/p>\n<p><span style=\"font-weight: 400;\">Cat\u00e9gorie: Bagues pour femmes et hommes <\/span><\/p>\n<p>&nbsp;<\/p>\n<p><span style=\"font-weight: 400;\">Toutes les pi\u00e8ces de la collection Ehthele Jewelry sont uniques. Le poids, la taille et le poids en carats de chaque pi\u00e8ce peuvent varier l\u00e9g\u00e8rement d&#8217;une cr\u00e9ation \u00e0 l&#8217;autre.<\/span><\/p>\n","protected":false},"featured_media":23385,"template":"","meta":[],"product_cat":[449],"product_tag":[458],"class_list":{"0":"post-62243","1":"product","2":"type-product","3":"status-publish","4":"has-post-thumbnail","6":"product_cat-bagues","7":"product_tag-collection-icon-diamond","9":"first","10":"instock","11":"shipping-taxable","12":"purchasable","13":"product-type-variable","14":"has-default-attributes"},"acf":[],"_links":{"self":[{"href":"https:\/\/www.ehthele.com\/fr-ch\/wp-json\/wp\/v2\/product\/62243","targetHints":{"allow":["GET"]}}],"collection":[{"href":"https:\/\/www.ehthele.com\/fr-ch\/wp-json\/wp\/v2\/product"}],"about":[{"href":"https:\/\/www.ehthele.com\/fr-ch\/wp-json\/wp\/v2\/types\/product"}],"wp:featuredmedia":[{"embeddable":true,"href":"https:\/\/www.ehthele.com\/fr-ch\/wp-json\/wp\/v2\/media\/23385"}],"wp:attachment":[{"href":"https:\/\/www.ehthele.com\/fr-ch\/wp-json\/wp\/v2\/media?parent=62243"}],"wp:term":[{"taxonomy":"product_cat","embeddable":true,"href":"https:\/\/www.ehthele.com\/fr-ch\/wp-json\/wp\/v2\/product_cat?post=62243"},{"taxonomy":"product_tag","embeddable":true,"href":"https:\/\/www.ehthele.com\/fr-ch\/wp-json\/wp\/v2\/product_tag?post=62243"}],"curies":[{"name":"wp","href":"https:\/\/api.w.org\/{rel}","templated":true}]}}