{"id":62219,"date":"2023-06-26T10:58:49","date_gmt":"2023-06-26T10:58:49","guid":{"rendered":"https:\/\/www.ehthele.com\/essential-engagement-ring\/"},"modified":"2023-09-25T11:24:14","modified_gmt":"2023-09-25T11:24:14","slug":"essential-engagement-ring","status":"publish","type":"product","link":"https:\/\/www.ehthele.com\/fr-ch\/essential-engagement-ring\/","title":{"rendered":"Essential Engagement Ring"},"content":{"rendered":"<p><span style=\"font-weight: 400;\">La beaut\u00e9 d\u00e9licate de cette bague de fian\u00e7ailles en or blanc 18 k, sertie d&#8217;un seul diamant taille brillant d&#8217;une valeur totale de 0,25 carat, rayonne d&#8217;une \u00e9l\u00e9gance discr\u00e8te. Le mince anneau accentue l&#8217;\u00e9clat du diamant solitaire cultiv\u00e9 en laboratoire, cr\u00e9ant un point focal captivant. Avec son design intemporel et sa fabrication exquise, cette bague de fian\u00e7ailles solitaire \u00e9lanc\u00e9e est le symbole parfait de votre engagement \u00e9ternel.<\/span><\/p>\n","protected":false},"excerpt":{"rendered":"<p><span style=\"font-weight: 400;\">R\u00e9f\u00e9rence : Essential Engagement Ring bague en diamant pour femmes et hommes EH-R010-25WG<\/span><\/p>\n<p><span style=\"font-weight: 400;\">Collection: Essential <\/span><\/p>\n<p><span style=\"font-weight: 400;\">Type de bijoux: Bague<\/span><\/p>\n<p><span style=\"font-weight: 400;\">M\u00e9tal: Or blanc<\/span><\/p>\n<p><span style=\"font-weight: 400;\">Pierres: Diamant<\/span><\/p>\n<p><span style=\"font-weight: 400;\">Poids total du diamant: 0,25 carats <\/span><\/p>\n<p><span style=\"font-weight: 400;\">Cat\u00e9gorie: Bagues pour femmes et hommes <\/span><\/p>\n<p>&nbsp;<\/p>\n<p><span style=\"font-weight: 400;\">Toutes les pi\u00e8ces de la collection Ehthele Jewelry sont uniques. Le poids, la taille et le poids en carats de chaque pi\u00e8ce peuvent varier l\u00e9g\u00e8rement d&#8217;une cr\u00e9ation \u00e0 l&#8217;autre.<\/span><\/p>\n","protected":false},"featured_media":23700,"template":"","meta":[],"product_cat":[449],"product_tag":[457],"class_list":{"0":"post-62219","1":"product","2":"type-product","3":"status-publish","4":"has-post-thumbnail","6":"product_cat-bagues","7":"product_tag-collection-diamants-essential","9":"first","10":"instock","11":"shipping-taxable","12":"purchasable","13":"product-type-variable","14":"has-default-attributes"},"acf":[],"_links":{"self":[{"href":"https:\/\/www.ehthele.com\/fr-ch\/wp-json\/wp\/v2\/product\/62219","targetHints":{"allow":["GET"]}}],"collection":[{"href":"https:\/\/www.ehthele.com\/fr-ch\/wp-json\/wp\/v2\/product"}],"about":[{"href":"https:\/\/www.ehthele.com\/fr-ch\/wp-json\/wp\/v2\/types\/product"}],"wp:featuredmedia":[{"embeddable":true,"href":"https:\/\/www.ehthele.com\/fr-ch\/wp-json\/wp\/v2\/media\/23700"}],"wp:attachment":[{"href":"https:\/\/www.ehthele.com\/fr-ch\/wp-json\/wp\/v2\/media?parent=62219"}],"wp:term":[{"taxonomy":"product_cat","embeddable":true,"href":"https:\/\/www.ehthele.com\/fr-ch\/wp-json\/wp\/v2\/product_cat?post=62219"},{"taxonomy":"product_tag","embeddable":true,"href":"https:\/\/www.ehthele.com\/fr-ch\/wp-json\/wp\/v2\/product_tag?post=62219"}],"curies":[{"name":"wp","href":"https:\/\/api.w.org\/{rel}","templated":true}]}}