{"id":62186,"date":"2023-06-16T11:38:04","date_gmt":"2023-06-16T11:38:04","guid":{"rendered":"https:\/\/www.ehthele.com\/elixir-ring\/"},"modified":"2023-09-19T12:19:51","modified_gmt":"2023-09-19T12:19:51","slug":"elixir-ring","status":"publish","type":"product","link":"https:\/\/www.ehthele.com\/fr-ch\/elixir-ring\/","title":{"rendered":"Elixir Ring"},"content":{"rendered":"<p><span style=\"font-weight: 400;\">Cette exquise bague de la collection Elixir est un symbole d&#8217;\u00e9l\u00e9gance intemporelle. R\u00e9alis\u00e9e en or jaune 18 k, elle est sertie de 26 diamants taille brillant, totalisant 0,239 carats, ce qui accentue son attrait luxueux. L&#8217;\u00e9clat d\u00e9licat des diamants cultiv\u00e9s en laboratoire ajoute une touche de glamour \u00e0 la bande d&#8217;or, cr\u00e9ant un jeu de lumi\u00e8re captivant \u00e0 chaque mouvement. Ce chef-d&#8217;\u0153uvre artisanal t\u00e9moigne d&#8217;un savoir-faire m\u00e9ticuleux et d&#8217;un souci du d\u00e9tail. Qu&#8217;elle soit port\u00e9e seule ou en combinaison avec d&#8217;autres bagues, cette pi\u00e8ce rayonnante est un v\u00e9ritable t\u00e9moignage de la beaut\u00e9 de la joaillerie fine.<\/span><\/p>\n","protected":false},"excerpt":{"rendered":"<p><span style=\"font-weight: 400;\">R\u00e9f\u00e9rence : Elixir Ring bague en diamant pour femmes et hommes EH-R006YG<\/span><\/p>\n<p><span style=\"font-weight: 400;\">Collection: Elixir<\/span><\/p>\n<p><span style=\"font-weight: 400;\">Type de bijoux: Bague<\/span><\/p>\n<p><span style=\"font-weight: 400;\">M\u00e9tal: Or jaune<\/span><\/p>\n<p><span style=\"font-weight: 400;\">Pierres: Diamant<\/span><\/p>\n<p><span style=\"font-weight: 400;\">Poids total des diamants: 0,239 carats<\/span><\/p>\n<p><span style=\"font-weight: 400;\">Cat\u00e9gorie: Bagues pour femmes et hommes <\/span><\/p>\n<p>&nbsp;<\/p>\n<p><span style=\"font-weight: 400;\">Toutes les pi\u00e8ces de la collection Ehthele Jewelry sont uniques. Le poids, la taille et le poids en carats de chaque pi\u00e8ce peuvent varier l\u00e9g\u00e8rement d&#8217;une cr\u00e9ation \u00e0 l&#8217;autre.<\/span><\/p>\n","protected":false},"featured_media":23476,"template":"","meta":[],"product_cat":[449],"product_tag":[456],"class_list":{"0":"post-62186","1":"product","2":"type-product","3":"status-publish","4":"has-post-thumbnail","6":"product_cat-bagues","7":"product_tag-collection-diamants-elixir","9":"first","10":"instock","11":"shipping-taxable","12":"purchasable","13":"product-type-variable","14":"has-default-attributes"},"acf":[],"_links":{"self":[{"href":"https:\/\/www.ehthele.com\/fr-ch\/wp-json\/wp\/v2\/product\/62186","targetHints":{"allow":["GET"]}}],"collection":[{"href":"https:\/\/www.ehthele.com\/fr-ch\/wp-json\/wp\/v2\/product"}],"about":[{"href":"https:\/\/www.ehthele.com\/fr-ch\/wp-json\/wp\/v2\/types\/product"}],"wp:featuredmedia":[{"embeddable":true,"href":"https:\/\/www.ehthele.com\/fr-ch\/wp-json\/wp\/v2\/media\/23476"}],"wp:attachment":[{"href":"https:\/\/www.ehthele.com\/fr-ch\/wp-json\/wp\/v2\/media?parent=62186"}],"wp:term":[{"taxonomy":"product_cat","embeddable":true,"href":"https:\/\/www.ehthele.com\/fr-ch\/wp-json\/wp\/v2\/product_cat?post=62186"},{"taxonomy":"product_tag","embeddable":true,"href":"https:\/\/www.ehthele.com\/fr-ch\/wp-json\/wp\/v2\/product_tag?post=62186"}],"curies":[{"name":"wp","href":"https:\/\/api.w.org\/{rel}","templated":true}]}}