{"id":61958,"date":"2023-06-26T11:21:42","date_gmt":"2023-06-26T11:21:42","guid":{"rendered":"https:\/\/www.ehthele.com\/essential-stud-earrings\/"},"modified":"2023-09-13T10:19:59","modified_gmt":"2023-09-13T10:19:59","slug":"essential-stud-earrings","status":"publish","type":"product","link":"https:\/\/www.ehthele.com\/es\/essential-stud-earrings\/","title":{"rendered":"Essential Stud Earrings"},"content":{"rendered":"<p>Enam\u00f3rate de los exquisitos pendientes Essential Stud Earrings de la colecci\u00f3n Essential. Hechos a mano con precisi\u00f3n en oro blanco de 18 quilates, estos pendientes son el ep\u00edtome de la elegancia y la feminidad. Cada pendiente est\u00e1 engastado con una piedra central de 2 diamantes de corte brillante, con un total de 0,67 carats, que realza delicadamente la cara. Estos pendientes de diamantes combinan a la perfecci\u00f3n con el colgante Essential Stud Pendant, creando un conjunto cautivador que eleva tu estilo con radiante sencillez. Como joya de diamantes esencial, estos pendientes son imprescindibles en cualquier joyero, perfectos tanto para el d\u00eda a d\u00eda como para las ocasiones especiales.<\/p>\n","protected":false},"excerpt":{"rendered":"<p><span style=\"font-weight: 400;\">Referencia: Essential Stud Earrings S pendientes de diamantes para mujer y hombre EH-E008-30WG<\/span><\/p>\n<p><span style=\"font-weight: 400;\">Colecci\u00f3n: Essential<\/span><\/p>\n<p><span style=\"font-weight: 400;\">Tipo de joya: Pendientes<\/span><\/p>\n<p><span style=\"font-weight: 400;\">Metal: Oro blanco<\/span><\/p>\n<p><span style=\"font-weight: 400;\">Piedras: Diamante<\/span><\/p>\n<p><span style=\"font-weight: 400;\">Peso total del diamante: De 0,67 carats a 1,025 carats <\/span><\/p>\n<p><span style=\"font-weight: 400;\">Categor\u00eda: Pendientes para mujer y hombre<\/span><\/p>\n<p>&nbsp;<\/p>\n<p><span style=\"font-weight: 400;\">Todas las piezas de la colecci\u00f3n Ehthele Jewelry son \u00fanicas. El peso, el tama\u00f1o y el peso en carats de cada pieza pueden variar ligeramente de una creaci\u00f3n a otra.<\/span><\/p>\n","protected":false},"featured_media":23640,"template":"","meta":[],"product_cat":[391],"product_tag":[393],"class_list":{"0":"post-61958","1":"product","2":"type-product","3":"status-publish","4":"has-post-thumbnail","6":"product_cat-pendientes","7":"product_tag-coleccion-diamantes-essential","9":"first","10":"instock","11":"shipping-taxable","12":"purchasable","13":"product-type-variable","14":"has-default-attributes"},"acf":[],"_links":{"self":[{"href":"https:\/\/www.ehthele.com\/es\/wp-json\/wp\/v2\/product\/61958","targetHints":{"allow":["GET"]}}],"collection":[{"href":"https:\/\/www.ehthele.com\/es\/wp-json\/wp\/v2\/product"}],"about":[{"href":"https:\/\/www.ehthele.com\/es\/wp-json\/wp\/v2\/types\/product"}],"wp:featuredmedia":[{"embeddable":true,"href":"https:\/\/www.ehthele.com\/es\/wp-json\/wp\/v2\/media\/23640"}],"wp:attachment":[{"href":"https:\/\/www.ehthele.com\/es\/wp-json\/wp\/v2\/media?parent=61958"}],"wp:term":[{"taxonomy":"product_cat","embeddable":true,"href":"https:\/\/www.ehthele.com\/es\/wp-json\/wp\/v2\/product_cat?post=61958"},{"taxonomy":"product_tag","embeddable":true,"href":"https:\/\/www.ehthele.com\/es\/wp-json\/wp\/v2\/product_tag?post=61958"}],"curies":[{"name":"wp","href":"https:\/\/api.w.org\/{rel}","templated":true}]}}