{"id":61957,"date":"2023-06-26T10:34:21","date_gmt":"2023-06-26T10:34:21","guid":{"rendered":"https:\/\/www.ehthele.com\/icon-earrings\/"},"modified":"2023-09-13T10:12:00","modified_gmt":"2023-09-13T10:12:00","slug":"icon-earrings","status":"publish","type":"product","link":"https:\/\/www.ehthele.com\/es\/icon-earrings\/","title":{"rendered":"Icon Earrings"},"content":{"rendered":"<p>Cl\u00e1sicos y elegantes, elige destacar con los Icon Earrings, y deja que se conviertan en un preciado accesorio que te acompa\u00f1e en todos los momentos de la vida, combinando con todas las tonalidades de piel, desde las m\u00e1s claras a las m\u00e1s oscuras. Del\u00e9itate con la lujosa belleza de la alta joyer\u00eda mientras celebras el encanto de la colecci\u00f3n Icon que resuena con su estilo personal, distinguiendo r\u00e1pidamente todos tus atuendos con sus 68 diamantes de corte brillante, con un total de 1 carat.<\/p>\n","protected":false},"excerpt":{"rendered":"<p><span style=\"font-weight: 400;\">Referencia: Icon Earrings pendientes de diamantes para mujer y hombre EH-E003YG<\/span><\/p>\n<p>&nbsp;<\/p>\n<p><span style=\"font-weight: 400;\">Colecci\u00f3n: Icon<\/span><\/p>\n<p><span style=\"font-weight: 400;\">Tipo de joya: Pendientes<\/span><\/p>\n<p><span style=\"font-weight: 400;\">Metal: Oro amarillo<\/span><\/p>\n<p><span style=\"font-weight: 400;\">Piedras: Diamante<\/span><\/p>\n<p><span style=\"font-weight: 400;\">Peso total del diamante: 1 carat<\/span><\/p>\n<p><span style=\"font-weight: 400;\">Categor\u00eda: Pendientes para mujer y hombre<\/span><\/p>\n<p>&nbsp;<\/p>\n<p><span style=\"font-weight: 400;\">Todas las piezas de la colecci\u00f3n Ehthele Jewelry son \u00fanicas. El peso, el tama\u00f1o y el peso en carats de cada pieza pueden variar ligeramente de una creaci\u00f3n a otra.<\/span><\/p>\n","protected":false},"featured_media":23360,"template":"","meta":[],"product_cat":[391],"product_tag":[394],"class_list":{"0":"post-61957","1":"product","2":"type-product","3":"status-publish","4":"has-post-thumbnail","6":"product_cat-pendientes","7":"product_tag-coleccion-diamantes-icon","9":"first","10":"instock","11":"shipping-taxable","12":"purchasable","13":"product-type-simple"},"acf":[],"_links":{"self":[{"href":"https:\/\/www.ehthele.com\/es\/wp-json\/wp\/v2\/product\/61957","targetHints":{"allow":["GET"]}}],"collection":[{"href":"https:\/\/www.ehthele.com\/es\/wp-json\/wp\/v2\/product"}],"about":[{"href":"https:\/\/www.ehthele.com\/es\/wp-json\/wp\/v2\/types\/product"}],"wp:featuredmedia":[{"embeddable":true,"href":"https:\/\/www.ehthele.com\/es\/wp-json\/wp\/v2\/media\/23360"}],"wp:attachment":[{"href":"https:\/\/www.ehthele.com\/es\/wp-json\/wp\/v2\/media?parent=61957"}],"wp:term":[{"taxonomy":"product_cat","embeddable":true,"href":"https:\/\/www.ehthele.com\/es\/wp-json\/wp\/v2\/product_cat?post=61957"},{"taxonomy":"product_tag","embeddable":true,"href":"https:\/\/www.ehthele.com\/es\/wp-json\/wp\/v2\/product_tag?post=61957"}],"curies":[{"name":"wp","href":"https:\/\/api.w.org\/{rel}","templated":true}]}}