{"id":61956,"date":"2023-06-26T10:32:05","date_gmt":"2023-06-26T10:32:05","guid":{"rendered":"https:\/\/www.ehthele.com\/icon-asymmetry-earrings\/"},"modified":"2023-09-19T10:03:33","modified_gmt":"2023-09-19T10:03:33","slug":"icon-asymmetry-earrings","status":"publish","type":"product","link":"https:\/\/www.ehthele.com\/es\/icon-asymmetry-earrings\/","title":{"rendered":"Icon Asymmetry Earrings"},"content":{"rendered":"<p>Deja que los pendientes Icon Asymmetry Earrings de la colecci\u00f3n Icon sean tu elecci\u00f3n para esas ocasiones especiales en las que quieres deslumbrar. Elaborados en oro amarillo de 18 quilates y engastados con 60 diamantes de corte brillante que suman un total de 0,900 carats, estos pendientes est\u00e1n dise\u00f1ados para cautivar la atenci\u00f3n y dejar una impresi\u00f3n duradera. Su artesan\u00eda excepcional y su belleza atemporal encarnan el legado de elegancia y refinamiento de Ehthele. Disfruta del esplendor de la alta joyer\u00eda y celebra los momentos extraordinarios de la vida con los pendientes Icon Asymmetry Earrings, un verdadero s\u00edmbolo de lujo y estilo.<\/p>\n","protected":false},"excerpt":{"rendered":"<p><span style=\"font-weight: 400;\">Referencia: Icon Asymmetry Earrings pendientes de diamantes para mujer y hombre EH-E001YG<\/span><\/p>\n<p><span style=\"font-weight: 400;\">Colecci\u00f3n: Icon<\/span><\/p>\n<p><span style=\"font-weight: 400;\">Tipo de joya: Pendientes<\/span><\/p>\n<p><span style=\"font-weight: 400;\">Metal: Oro amarillo<\/span><\/p>\n<p><span style=\"font-weight: 400;\">Piedras: Diamante<\/span><\/p>\n<p><span style=\"font-weight: 400;\">Peso total del diamante: 0,900 carats<\/span><\/p>\n<p><span style=\"font-weight: 400;\">Categor\u00eda: Pendientes para mujer y hombre<\/span><\/p>\n<p>&nbsp;<\/p>\n<p><span style=\"font-weight: 400;\">Todas las piezas de la colecci\u00f3n Ehthele Jewelry son \u00fanicas. El peso, el tama\u00f1o y el peso en carats de cada pieza pueden variar ligeramente de una creaci\u00f3n a otra.<\/span><\/p>\n","protected":false},"featured_media":23311,"template":"","meta":[],"product_cat":[391],"product_tag":[394],"class_list":{"0":"post-61956","1":"product","2":"type-product","3":"status-publish","4":"has-post-thumbnail","6":"product_cat-pendientes","7":"product_tag-coleccion-diamantes-icon","9":"first","10":"instock","11":"shipping-taxable","12":"purchasable","13":"product-type-simple"},"acf":[],"_links":{"self":[{"href":"https:\/\/www.ehthele.com\/es\/wp-json\/wp\/v2\/product\/61956","targetHints":{"allow":["GET"]}}],"collection":[{"href":"https:\/\/www.ehthele.com\/es\/wp-json\/wp\/v2\/product"}],"about":[{"href":"https:\/\/www.ehthele.com\/es\/wp-json\/wp\/v2\/types\/product"}],"wp:featuredmedia":[{"embeddable":true,"href":"https:\/\/www.ehthele.com\/es\/wp-json\/wp\/v2\/media\/23311"}],"wp:attachment":[{"href":"https:\/\/www.ehthele.com\/es\/wp-json\/wp\/v2\/media?parent=61956"}],"wp:term":[{"taxonomy":"product_cat","embeddable":true,"href":"https:\/\/www.ehthele.com\/es\/wp-json\/wp\/v2\/product_cat?post=61956"},{"taxonomy":"product_tag","embeddable":true,"href":"https:\/\/www.ehthele.com\/es\/wp-json\/wp\/v2\/product_tag?post=61956"}],"curies":[{"name":"wp","href":"https:\/\/api.w.org\/{rel}","templated":true}]}}