{"id":61955,"date":"2023-06-16T11:57:24","date_gmt":"2023-06-16T11:57:24","guid":{"rendered":"https:\/\/www.ehthele.com\/elixir-earrings\/"},"modified":"2023-09-13T10:02:12","modified_gmt":"2023-09-13T10:02:12","slug":"elixir-earrings","status":"publish","type":"product","link":"https:\/\/www.ehthele.com\/es\/elixir-earrings\/","title":{"rendered":"Elixir Earrings"},"content":{"rendered":"<p>Abraza el encanto de la elegancia con estos pendientes de la encantadora colecci\u00f3n Elixir. Realizados en oro amarillo de 18 quilates, est\u00e1n adornados con 84 diamantes de corte brillante que totalizan 0,77 carats. La intrincada disposici\u00f3n de los diamantes cultivados en laboratorio resalta sus elegantes curvas, reflejando el fascinante juego de luces y formas. El brillo dorado de los pendientes complementa el resplandor radiante de los diamantes, creando una armoniosa mezcla de lujo y sofisticaci\u00f3n. Ya sea para una ocasi\u00f3n especial o para elevar el estilo cotidiano, estos Elixir Earrings son un preciado tesoro.<\/p>\n","protected":false},"excerpt":{"rendered":"<p><span style=\"font-weight: 400;\">Referencia: Elixir Earrings pendientes de diamantes para mujer y hombre EH-E007YG<\/span><\/p>\n<p><span style=\"font-weight: 400;\">Colecci\u00f3n: Elixir<\/span><\/p>\n<p><span style=\"font-weight: 400;\">Tipo de joya: Pendientes<\/span><\/p>\n<p><span style=\"font-weight: 400;\">Metal: Oro amarillo<\/span><\/p>\n<p><span style=\"font-weight: 400;\">Piedras: Diamante<\/span><\/p>\n<p><span style=\"font-weight: 400;\">Peso total del diamante: 0,77 carats<\/span><\/p>\n<p><span style=\"font-weight: 400;\">Categor\u00eda: Pendientes para mujer y hombre<\/span><\/p>\n<p>&nbsp;<\/p>\n<p><span style=\"font-weight: 400;\">Todas las piezas de la colecci\u00f3n Ehthele Jewelry son \u00fanicas. El peso, el tama\u00f1o y el peso en carats de cada pieza pueden variar ligeramente de una creaci\u00f3n a otra.<\/span><\/p>\n","protected":false},"featured_media":23451,"template":"","meta":[],"product_cat":[391],"product_tag":[386],"class_list":{"0":"post-61955","1":"product","2":"type-product","3":"status-publish","4":"has-post-thumbnail","6":"product_cat-pendientes","7":"product_tag-coleccion-diamantes-elixir","9":"first","10":"instock","11":"shipping-taxable","12":"purchasable","13":"product-type-simple"},"acf":[],"_links":{"self":[{"href":"https:\/\/www.ehthele.com\/es\/wp-json\/wp\/v2\/product\/61955","targetHints":{"allow":["GET"]}}],"collection":[{"href":"https:\/\/www.ehthele.com\/es\/wp-json\/wp\/v2\/product"}],"about":[{"href":"https:\/\/www.ehthele.com\/es\/wp-json\/wp\/v2\/types\/product"}],"wp:featuredmedia":[{"embeddable":true,"href":"https:\/\/www.ehthele.com\/es\/wp-json\/wp\/v2\/media\/23451"}],"wp:attachment":[{"href":"https:\/\/www.ehthele.com\/es\/wp-json\/wp\/v2\/media?parent=61955"}],"wp:term":[{"taxonomy":"product_cat","embeddable":true,"href":"https:\/\/www.ehthele.com\/es\/wp-json\/wp\/v2\/product_cat?post=61955"},{"taxonomy":"product_tag","embeddable":true,"href":"https:\/\/www.ehthele.com\/es\/wp-json\/wp\/v2\/product_tag?post=61955"}],"curies":[{"name":"wp","href":"https:\/\/api.w.org\/{rel}","templated":true}]}}