{"id":61954,"date":"2023-06-26T10:23:44","date_gmt":"2023-06-26T10:23:44","guid":{"rendered":"https:\/\/www.ehthele.com\/icon-bracelet\/"},"modified":"2023-09-13T10:16:10","modified_gmt":"2023-09-13T10:16:10","slug":"icon-bracelet","status":"publish","type":"product","link":"https:\/\/www.ehthele.com\/es\/icon-bracelet\/","title":{"rendered":"Icon Bracelet"},"content":{"rendered":"<p>S\u00edmbolo de refinada elegancia, la pulsera Icon Bracelet de la colecci\u00f3n Icon encarna el legado Ehthele de excepcional artesan\u00eda. Cada uno de los 36 diamantes de corte brillante, con un total de 0,33 carats, est\u00e1 meticulosamente engastado para crear un cautivador juego de luces desde esta esbelta pulsera que adorna con elegancia tu mu\u00f1eca y a\u00f1ade un hermoso toque de sofisticaci\u00f3n a cualquier conjunto. Con un brillo encantador, la Icon Bracelet es un accesorio para cualquier ocasi\u00f3n.<\/p>\n","protected":false},"excerpt":{"rendered":"<p><span style=\"font-weight: 400;\">Referencia: Icon Bracelet pulsera de diamantes para mujer y hombre EH-B001YG<\/span><\/p>\n<p><span style=\"font-weight: 400;\">Colecci\u00f3n: Icon<\/span><\/p>\n<p><span style=\"font-weight: 400;\">Tipo de joya: Pulsera<\/span><\/p>\n<p><span style=\"font-weight: 400;\">Metal: Oro amarillo<\/span><\/p>\n<p><span style=\"font-weight: 400;\">Piedras: Diamante<\/span><\/p>\n<p><span style=\"font-weight: 400;\">Peso total del diamante: 0,33 carats<\/span><\/p>\n<p><span style=\"font-weight: 400;\">Categor\u00eda: Pulsera para mujer y hombre<\/span><\/p>\n<p>&nbsp;<\/p>\n<p><span style=\"font-weight: 400;\">Todas las piezas de la colecci\u00f3n Ehthele Jewelry son \u00fanicas. El peso, el tama\u00f1o y el peso en carats de cada pieza pueden variar ligeramente de una creaci\u00f3n a otra.<\/span><\/p>\n","protected":false},"featured_media":23353,"template":"","meta":[],"product_cat":[389],"product_tag":[394],"class_list":{"0":"post-61954","1":"product","2":"type-product","3":"status-publish","4":"has-post-thumbnail","6":"product_cat-pulseras","7":"product_tag-coleccion-diamantes-icon","9":"first","10":"instock","11":"shipping-taxable","12":"purchasable","13":"product-type-simple"},"acf":[],"_links":{"self":[{"href":"https:\/\/www.ehthele.com\/es\/wp-json\/wp\/v2\/product\/61954","targetHints":{"allow":["GET"]}}],"collection":[{"href":"https:\/\/www.ehthele.com\/es\/wp-json\/wp\/v2\/product"}],"about":[{"href":"https:\/\/www.ehthele.com\/es\/wp-json\/wp\/v2\/types\/product"}],"wp:featuredmedia":[{"embeddable":true,"href":"https:\/\/www.ehthele.com\/es\/wp-json\/wp\/v2\/media\/23353"}],"wp:attachment":[{"href":"https:\/\/www.ehthele.com\/es\/wp-json\/wp\/v2\/media?parent=61954"}],"wp:term":[{"taxonomy":"product_cat","embeddable":true,"href":"https:\/\/www.ehthele.com\/es\/wp-json\/wp\/v2\/product_cat?post=61954"},{"taxonomy":"product_tag","embeddable":true,"href":"https:\/\/www.ehthele.com\/es\/wp-json\/wp\/v2\/product_tag?post=61954"}],"curies":[{"name":"wp","href":"https:\/\/api.w.org\/{rel}","templated":true}]}}