{"id":61950,"date":"2023-06-26T09:26:17","date_gmt":"2023-06-26T09:26:17","guid":{"rendered":"https:\/\/www.ehthele.com\/elixir-bracelet\/"},"modified":"2023-09-13T10:19:32","modified_gmt":"2023-09-13T10:19:32","slug":"elixir-bracelet","status":"publish","type":"product","link":"https:\/\/www.ehthele.com\/es\/elixir-bracelet\/","title":{"rendered":"Elixir Bracelet"},"content":{"rendered":"<p>Elixir Bracelet, un radiante halo de brillantes diamantes abraza con gracia tu mu\u00f1eca, exudando elegancia atemporal, una seductora inmersi\u00f3n en la colecci\u00f3n Elixir, elaborada en oro amarillo de 18k y adornada con 21 diamantes de corte brillante con un total de 0,25 carats. Lleva esta exquisita pulsera en solitario o comb\u00ednala con el colgante Elixir Pendant a juego. Vers\u00e1til y encantadora, la pulsera Elixir Bracelet se convertir\u00e1 en tu pieza de lujo favorita, a\u00f1adiendo un toque de glamour a todas tus ocasiones cotidianas.<\/p>\n","protected":false},"excerpt":{"rendered":"<p><span style=\"font-weight: 400;\">Referencia: Elixir Bracelet pulsera de diamantes para mujer y hombre EH-B006YG<\/span><\/p>\n<p><span style=\"font-weight: 400;\">Colecci\u00f3n: Elixir<\/span><\/p>\n<p><span style=\"font-weight: 400;\">Tipo de joya: Pulsera<\/span><\/p>\n<p><span style=\"font-weight: 400;\">Metal: Oro amarillo<\/span><\/p>\n<p><span style=\"font-weight: 400;\">Piedras: Diamante<\/span><\/p>\n<p><span style=\"font-weight: 400;\">Peso total del diamante: 0,25 carats <\/span><\/p>\n<p><span style=\"font-weight: 400;\">Categor\u00eda: Pulsera para mujer y hombre<\/span><\/p>\n<p>&nbsp;<\/p>\n<p><span style=\"font-weight: 400;\">Todas las piezas de la colecci\u00f3n Ehthele Jewelry son \u00fanicas. El peso, el tama\u00f1o y el peso en carats de cada pieza pueden variar ligeramente de una creaci\u00f3n a otra.<\/span><\/p>\n","protected":false},"featured_media":23444,"template":"","meta":[],"product_cat":[389],"product_tag":[386],"class_list":{"0":"post-61950","1":"product","2":"type-product","3":"status-publish","4":"has-post-thumbnail","6":"product_cat-pulseras","7":"product_tag-coleccion-diamantes-elixir","9":"first","10":"instock","11":"shipping-taxable","12":"purchasable","13":"product-type-simple"},"acf":[],"_links":{"self":[{"href":"https:\/\/www.ehthele.com\/es\/wp-json\/wp\/v2\/product\/61950","targetHints":{"allow":["GET"]}}],"collection":[{"href":"https:\/\/www.ehthele.com\/es\/wp-json\/wp\/v2\/product"}],"about":[{"href":"https:\/\/www.ehthele.com\/es\/wp-json\/wp\/v2\/types\/product"}],"wp:featuredmedia":[{"embeddable":true,"href":"https:\/\/www.ehthele.com\/es\/wp-json\/wp\/v2\/media\/23444"}],"wp:attachment":[{"href":"https:\/\/www.ehthele.com\/es\/wp-json\/wp\/v2\/media?parent=61950"}],"wp:term":[{"taxonomy":"product_cat","embeddable":true,"href":"https:\/\/www.ehthele.com\/es\/wp-json\/wp\/v2\/product_cat?post=61950"},{"taxonomy":"product_tag","embeddable":true,"href":"https:\/\/www.ehthele.com\/es\/wp-json\/wp\/v2\/product_tag?post=61950"}],"curies":[{"name":"wp","href":"https:\/\/api.w.org\/{rel}","templated":true}]}}