{"id":61939,"date":"2023-06-26T10:06:33","date_gmt":"2023-06-26T10:06:33","guid":{"rendered":"https:\/\/www.ehthele.com\/icon-twin-bracelet\/"},"modified":"2023-09-13T10:17:18","modified_gmt":"2023-09-13T10:17:18","slug":"icon-twin-bracelet","status":"publish","type":"product","link":"https:\/\/www.ehthele.com\/es\/icon-twin-bracelet\/","title":{"rendered":"Icon Twin Bracelet"},"content":{"rendered":"<p>La pulsera Icon Twin Bracelet S de la colecci\u00f3n Icon muestra la fusi\u00f3n perfecta de audacia y refinamiento, simbolizando la esencia de la artesan\u00eda joyera de Ehthele. Cada uno de sus 196 diamantes de corte brillante, con un total de 1,78 carats, representa una celebraci\u00f3n de los momentos preciosos de la vida, haciendo de esta pulsera brazalete no solo un accesorio de lujo, sino tambi\u00e9n un preciado recuerdo. Confeccionada a mano a la perfecci\u00f3n, esta obra maestra irradia sofisticaci\u00f3n y encanto, mostrando el arte de Ehthele.<\/p>\n","protected":false},"excerpt":{"rendered":"<p><span style=\"font-weight: 400;\">Referencia: Icon Twin Bracelet pulsera de diamantes para mujer y hombre EH-B002YG<\/span><\/p>\n<p><span style=\"font-weight: 400;\">Colecci\u00f3n: Icon<\/span><\/p>\n<p><span style=\"font-weight: 400;\">Tipo de joya: Pulsera<\/span><\/p>\n<p><span style=\"font-weight: 400;\">Metal: Oro amarillo<\/span><\/p>\n<p><span style=\"font-weight: 400;\">Piedras: Diamante<\/span><\/p>\n<p><span style=\"font-weight: 400;\">Peso total del diamante: 1,78 carats<\/span><\/p>\n<p><span style=\"font-weight: 400;\">Categor\u00eda: Pulsera para mujer y hombre<\/span><\/p>\n<p>&nbsp;<\/p>\n<p><span style=\"font-weight: 400;\">Todas las piezas de la colecci\u00f3n Ehthele Jewelry son \u00fanicas. El peso, el tama\u00f1o y el peso en carats de cada pieza pueden variar ligeramente de una creaci\u00f3n a otra.<\/span><\/p>\n","protected":false},"featured_media":23339,"template":"","meta":[],"product_cat":[389],"product_tag":[394],"class_list":{"0":"post-61939","1":"product","2":"type-product","3":"status-publish","4":"has-post-thumbnail","6":"product_cat-pulseras","7":"product_tag-coleccion-diamantes-icon","9":"first","10":"instock","11":"shipping-taxable","12":"purchasable","13":"product-type-variable","14":"has-default-attributes"},"acf":[],"_links":{"self":[{"href":"https:\/\/www.ehthele.com\/es\/wp-json\/wp\/v2\/product\/61939","targetHints":{"allow":["GET"]}}],"collection":[{"href":"https:\/\/www.ehthele.com\/es\/wp-json\/wp\/v2\/product"}],"about":[{"href":"https:\/\/www.ehthele.com\/es\/wp-json\/wp\/v2\/types\/product"}],"wp:featuredmedia":[{"embeddable":true,"href":"https:\/\/www.ehthele.com\/es\/wp-json\/wp\/v2\/media\/23339"}],"wp:attachment":[{"href":"https:\/\/www.ehthele.com\/es\/wp-json\/wp\/v2\/media?parent=61939"}],"wp:term":[{"taxonomy":"product_cat","embeddable":true,"href":"https:\/\/www.ehthele.com\/es\/wp-json\/wp\/v2\/product_cat?post=61939"},{"taxonomy":"product_tag","embeddable":true,"href":"https:\/\/www.ehthele.com\/es\/wp-json\/wp\/v2\/product_tag?post=61939"}],"curies":[{"name":"wp","href":"https:\/\/api.w.org\/{rel}","templated":true}]}}