{"id":61936,"date":"2023-06-26T11:19:59","date_gmt":"2023-06-26T11:19:59","guid":{"rendered":"https:\/\/www.ehthele.com\/essential-stud-pendant\/"},"modified":"2023-09-13T10:04:31","modified_gmt":"2023-09-13T10:04:31","slug":"essential-stud-pendant","status":"publish","type":"product","link":"https:\/\/www.ehthele.com\/es\/essential-stud-pendant\/","title":{"rendered":"Essential Stud Pendant"},"content":{"rendered":"<p>Celebra los momentos m\u00e1s preciados de la vida con el Essential Stud Pendant de la colecci\u00f3n Essential. Elaborado en oro blanco de 18 quilates y adornado con un diamante de corte brillante, este colgante es un verdadero s\u00edmbolo de sofisticaci\u00f3n. Cuando vistes el colgante Essential Stud Pendant, se convierte en algo m\u00e1s que un lujoso collar para mujer y hombre: se convierte en un preciado art\u00edculo de primera necesidad, un regalo atemporal o un capricho para ti misma. Deja que este colgante sea un recordatorio constante de la belleza refinada y la alegr\u00eda que acompa\u00f1a a cada hito de la vida.<\/p>\n","protected":false},"excerpt":{"rendered":"<p><span style=\"font-weight: 400;\">Referencia: Essential Stud Pendant collar de diamantes para mujer y hombre EH-N008-100WG<\/span><\/p>\n<p><span style=\"font-weight: 400;\">Colecci\u00f3n: Essential<\/span><\/p>\n<p><span style=\"font-weight: 400;\">Tipo de joya: Collar<\/span><\/p>\n<p><span style=\"font-weight: 400;\">Metal: Oro blanco<\/span><\/p>\n<p><span style=\"font-weight: 400;\">Piedras: Diamante<\/span><\/p>\n<p><span style=\"font-weight: 400;\">Peso total del diamante: De 1,08 carats a 1,53 carats<\/span><\/p>\n<p><span style=\"font-weight: 400;\">Categoria: Collar para mujer y hombre<\/span><\/p>\n<p>&nbsp;<\/p>\n<p><span style=\"font-weight: 400;\">Todas las piezas de la colecci\u00f3n Ehthele Jewelry son \u00fanicas. El peso, el tama\u00f1o y el peso en carats de cada pieza pueden variar ligeramente de una creaci\u00f3n a otra.<\/span><\/p>\n","protected":false},"featured_media":23647,"template":"","meta":[],"product_cat":[390],"product_tag":[393],"class_list":{"0":"post-61936","1":"product","2":"type-product","3":"status-publish","4":"has-post-thumbnail","6":"product_cat-collares","7":"product_tag-coleccion-diamantes-essential","9":"first","10":"instock","11":"shipping-taxable","12":"purchasable","13":"product-type-variable","14":"has-default-attributes"},"acf":[],"_links":{"self":[{"href":"https:\/\/www.ehthele.com\/es\/wp-json\/wp\/v2\/product\/61936","targetHints":{"allow":["GET"]}}],"collection":[{"href":"https:\/\/www.ehthele.com\/es\/wp-json\/wp\/v2\/product"}],"about":[{"href":"https:\/\/www.ehthele.com\/es\/wp-json\/wp\/v2\/types\/product"}],"wp:featuredmedia":[{"embeddable":true,"href":"https:\/\/www.ehthele.com\/es\/wp-json\/wp\/v2\/media\/23647"}],"wp:attachment":[{"href":"https:\/\/www.ehthele.com\/es\/wp-json\/wp\/v2\/media?parent=61936"}],"wp:term":[{"taxonomy":"product_cat","embeddable":true,"href":"https:\/\/www.ehthele.com\/es\/wp-json\/wp\/v2\/product_cat?post=61936"},{"taxonomy":"product_tag","embeddable":true,"href":"https:\/\/www.ehthele.com\/es\/wp-json\/wp\/v2\/product_tag?post=61936"}],"curies":[{"name":"wp","href":"https:\/\/api.w.org\/{rel}","templated":true}]}}