{"id":61935,"date":"2023-06-26T11:13:26","date_gmt":"2023-06-26T11:13:26","guid":{"rendered":"https:\/\/www.ehthele.com\/essential-pave-pendant\/"},"modified":"2023-09-13T10:05:10","modified_gmt":"2023-09-13T10:05:10","slug":"essential-pave-pendant","status":"publish","type":"product","link":"https:\/\/www.ehthele.com\/es\/essential-pave-pendant\/","title":{"rendered":"Essential Pav\u00e9 Pendant"},"content":{"rendered":"<p>Ad\u00e9ntrate en el encantador mundo de la joyer\u00eda pav\u00e9 con el Essential Pav\u00e9 Pendant de nuestra colecci\u00f3n Essential. Elaborado en oro blanco de 18 quilates, este colgante est\u00e1 adornado con 19 diamantes de corte brillante, con un total de 0,175 carats, engastados de forma intrincada en estilo pav\u00e9. La delicada disposici\u00f3n de estas peque\u00f1as piedras preciosas crea una superficie fascinante que parece carecer de metal, convirti\u00e9ndola en una exquisita muestra de brillo y artesan\u00eda. Las joyas pav\u00e9 son cada vez m\u00e1s populares debido a su engaste \u00fanico, que da la ilusi\u00f3n de una superficie continua de diamantes. El brillo de los diamantes resplandece con cada movimiento, cautivando la atenci\u00f3n desde cualquier \u00e1ngulo.<\/p>\n","protected":false},"excerpt":{"rendered":"<p><span style=\"font-weight: 400;\">Referencia: Essential Pav\u00e9 Pendant collar de diamantes para mujer y hombre EH-N007WG<\/span><\/p>\n<p><span style=\"font-weight: 400;\">Colecci\u00f3n: Essential<\/span><\/p>\n<p><span style=\"font-weight: 400;\">Tipo de joya: Collar<\/span><\/p>\n<p><span style=\"font-weight: 400;\">Metal: Oro blanco<\/span><\/p>\n<p><span style=\"font-weight: 400;\">Piedras: Diamante<\/span><\/p>\n<p><span style=\"font-weight: 400;\">Peso total diamantes: 0,175 carats <\/span><\/p>\n<p><span style=\"font-weight: 400;\">Categoria: Collar para mujer y hombre<\/span><\/p>\n<p>&nbsp;<\/p>\n<p><span style=\"font-weight: 400;\">Todas las piezas de la colecci\u00f3n Ehthele Jewelry son \u00fanicas. El peso, el tama\u00f1o y el peso en carats de cada pieza pueden variar ligeramente de una creaci\u00f3n a otra.<\/span><\/p>\n","protected":false},"featured_media":23675,"template":"","meta":[],"product_cat":[390],"product_tag":[393],"class_list":{"0":"post-61935","1":"product","2":"type-product","3":"status-publish","4":"has-post-thumbnail","6":"product_cat-collares","7":"product_tag-coleccion-diamantes-essential","9":"first","10":"instock","11":"shipping-taxable","12":"purchasable","13":"product-type-simple"},"acf":[],"_links":{"self":[{"href":"https:\/\/www.ehthele.com\/es\/wp-json\/wp\/v2\/product\/61935","targetHints":{"allow":["GET"]}}],"collection":[{"href":"https:\/\/www.ehthele.com\/es\/wp-json\/wp\/v2\/product"}],"about":[{"href":"https:\/\/www.ehthele.com\/es\/wp-json\/wp\/v2\/types\/product"}],"wp:featuredmedia":[{"embeddable":true,"href":"https:\/\/www.ehthele.com\/es\/wp-json\/wp\/v2\/media\/23675"}],"wp:attachment":[{"href":"https:\/\/www.ehthele.com\/es\/wp-json\/wp\/v2\/media?parent=61935"}],"wp:term":[{"taxonomy":"product_cat","embeddable":true,"href":"https:\/\/www.ehthele.com\/es\/wp-json\/wp\/v2\/product_cat?post=61935"},{"taxonomy":"product_tag","embeddable":true,"href":"https:\/\/www.ehthele.com\/es\/wp-json\/wp\/v2\/product_tag?post=61935"}],"curies":[{"name":"wp","href":"https:\/\/api.w.org\/{rel}","templated":true}]}}