{"id":61931,"date":"2023-06-26T09:22:49","date_gmt":"2023-06-26T09:22:49","guid":{"rendered":"https:\/\/www.ehthele.com\/elixir-pendant\/"},"modified":"2023-09-13T10:02:47","modified_gmt":"2023-09-13T10:02:47","slug":"elixir-pendant","status":"publish","type":"product","link":"https:\/\/www.ehthele.com\/es\/elixir-pendant\/","title":{"rendered":"Elixir Pendant"},"content":{"rendered":"<p>Ad\u00f3rnate con el impresionante Elixir Pendant de la colecci\u00f3n Elixir, el ep\u00edtome de la elegancia y el encanto. Realizado en oro amarillo de 18 quilates, este collar est\u00e1 adornado con 27 diamantes de corte brillante que suman un total de 0,35 carats. La delicada disposici\u00f3n de los diamantes crea un deslumbrante juego de luces que atrae la atenci\u00f3n con su cautivador brillo. S\u00edmbolo de sofisticaci\u00f3n y estilo, es perfecto para a\u00f1adir un toque sofisticado a cualquier conjunto. Tanto si se lleva solo como combinado con otras piezas de la colecci\u00f3n Elixir, este colgante es un compa\u00f1ero radiante para cualquier ocasi\u00f3n.<\/p>\n","protected":false},"excerpt":{"rendered":"<p><span style=\"font-weight: 400;\">Referencia: Elixir Pendant collar de diamantes para mujer y hombre EH-N006YG<\/span><\/p>\n<p><span style=\"font-weight: 400;\">Colecci\u00f3n: Elixir<\/span><\/p>\n<p><span style=\"font-weight: 400;\">Tipo de joya: Collar<\/span><\/p>\n<p><span style=\"font-weight: 400;\">Metal: Oro amarillo<\/span><\/p>\n<p><span style=\"font-weight: 400;\">Piedras: Diamante<\/span><\/p>\n<p><span style=\"font-weight: 400;\">Peso total diamantes: 0,35 carats <\/span><\/p>\n<p><span style=\"font-weight: 400;\">Categoria: Collar para mujer y hombre <\/span><\/p>\n<p>&nbsp;<\/p>\n<p><span style=\"font-weight: 400;\">Todas las piezas de la colecci\u00f3n Ehthele Jewelry son \u00fanicas. El peso, el tama\u00f1o y el peso en carats de cada pieza pueden variar ligeramente de una creaci\u00f3n a otra.<\/span><\/p>\n","protected":false},"featured_media":23465,"template":"","meta":[],"product_cat":[390],"product_tag":[386],"class_list":{"0":"post-61931","1":"product","2":"type-product","3":"status-publish","4":"has-post-thumbnail","6":"product_cat-collares","7":"product_tag-coleccion-diamantes-elixir","9":"first","10":"instock","11":"shipping-taxable","12":"purchasable","13":"product-type-simple"},"acf":[],"_links":{"self":[{"href":"https:\/\/www.ehthele.com\/es\/wp-json\/wp\/v2\/product\/61931","targetHints":{"allow":["GET"]}}],"collection":[{"href":"https:\/\/www.ehthele.com\/es\/wp-json\/wp\/v2\/product"}],"about":[{"href":"https:\/\/www.ehthele.com\/es\/wp-json\/wp\/v2\/types\/product"}],"wp:featuredmedia":[{"embeddable":true,"href":"https:\/\/www.ehthele.com\/es\/wp-json\/wp\/v2\/media\/23465"}],"wp:attachment":[{"href":"https:\/\/www.ehthele.com\/es\/wp-json\/wp\/v2\/media?parent=61931"}],"wp:term":[{"taxonomy":"product_cat","embeddable":true,"href":"https:\/\/www.ehthele.com\/es\/wp-json\/wp\/v2\/product_cat?post=61931"},{"taxonomy":"product_tag","embeddable":true,"href":"https:\/\/www.ehthele.com\/es\/wp-json\/wp\/v2\/product_tag?post=61931"}],"curies":[{"name":"wp","href":"https:\/\/api.w.org\/{rel}","templated":true}]}}