{"id":61927,"date":"2023-06-26T09:55:21","date_gmt":"2023-06-26T09:55:21","guid":{"rendered":"https:\/\/www.ehthele.com\/icon-ring\/"},"modified":"2023-09-13T10:17:53","modified_gmt":"2023-09-13T10:17:53","slug":"icon-ring","status":"publish","type":"product","link":"https:\/\/www.ehthele.com\/es\/icon-ring\/","title":{"rendered":"Icon Ring"},"content":{"rendered":"<p>Icon Ring, o lo que es lo mismo, donde las l\u00edneas n\u00edtidas convergen y se funden a la perfecci\u00f3n. Elaborado en oro amarillo de 18 quilates, este exquisito anillo est\u00e1 engastado con 34 diamantes de corte brillante que suman un total de 0,313 carats. Las definidas l\u00edneas del dise\u00f1o crean una sensaci\u00f3n de energ\u00eda din\u00e1mica, mientras que la suave fusi\u00f3n de los diamantes cultivados en laboratorio a\u00f1ade un toque de elegancia y refinamiento. El oro amarillo, s\u00edmbolo de exquisitez, realza la belleza de los diamantes, proporcionando un brillo c\u00e1lido y radiante. Abraza el estilo y la sofisticaci\u00f3n, siente esta extraordinaria creaci\u00f3n.<\/p>\n","protected":false},"excerpt":{"rendered":"<p><span style=\"font-weight: 400;\">Referencia: Icon Ring anillo de diamantes para mujer y hombre EH-R003YG<\/span><\/p>\n<p><span style=\"font-weight: 400;\">Colecci\u00f3n: Icon <\/span><\/p>\n<p><span style=\"font-weight: 400;\">Tipo de joya: Anillo<\/span><\/p>\n<p><span style=\"font-weight: 400;\">Metal: Oro amarillo<\/span><\/p>\n<p><span style=\"font-weight: 400;\">Piedras: Diamante<\/span><\/p>\n<p><span style=\"font-weight: 400;\">Peso total del diamante: 0,313 carats <\/span><\/p>\n<p><span style=\"font-weight: 400;\">Categoria: Anillo para mujer y hombre <\/span><\/p>\n<p>&nbsp;<\/p>\n<p><span style=\"font-weight: 400;\">Todas las piezas de la colecci\u00f3n Ehthele Jewelry son \u00fanicas. El peso, el tama\u00f1o y el peso en carats de cada pieza pueden variar ligeramente de una creaci\u00f3n a otra.<\/span><\/p>\n","protected":false},"featured_media":23388,"template":"","meta":[],"product_cat":[385],"product_tag":[394],"class_list":{"0":"post-61927","1":"product","2":"type-product","3":"status-publish","4":"has-post-thumbnail","6":"product_cat-anillos","7":"product_tag-coleccion-diamantes-icon","9":"first","10":"instock","11":"shipping-taxable","12":"purchasable","13":"product-type-variable","14":"has-default-attributes"},"acf":[],"_links":{"self":[{"href":"https:\/\/www.ehthele.com\/es\/wp-json\/wp\/v2\/product\/61927","targetHints":{"allow":["GET"]}}],"collection":[{"href":"https:\/\/www.ehthele.com\/es\/wp-json\/wp\/v2\/product"}],"about":[{"href":"https:\/\/www.ehthele.com\/es\/wp-json\/wp\/v2\/types\/product"}],"wp:featuredmedia":[{"embeddable":true,"href":"https:\/\/www.ehthele.com\/es\/wp-json\/wp\/v2\/media\/23388"}],"wp:attachment":[{"href":"https:\/\/www.ehthele.com\/es\/wp-json\/wp\/v2\/media?parent=61927"}],"wp:term":[{"taxonomy":"product_cat","embeddable":true,"href":"https:\/\/www.ehthele.com\/es\/wp-json\/wp\/v2\/product_cat?post=61927"},{"taxonomy":"product_tag","embeddable":true,"href":"https:\/\/www.ehthele.com\/es\/wp-json\/wp\/v2\/product_tag?post=61927"}],"curies":[{"name":"wp","href":"https:\/\/api.w.org\/{rel}","templated":true}]}}