{"id":61922,"date":"2023-06-26T09:42:32","date_gmt":"2023-06-26T09:42:32","guid":{"rendered":"https:\/\/www.ehthele.com\/icon-twin-ring\/"},"modified":"2023-09-19T08:50:13","modified_gmt":"2023-09-19T08:50:13","slug":"icon-twin-ring","status":"publish","type":"product","link":"https:\/\/www.ehthele.com\/es\/icon-twin-ring\/","title":{"rendered":"Icon Twin Ring"},"content":{"rendered":"<p>Icon Twin Ring envuelve tu dedo como una cinta dorada. Elaborado en oro amarillo de 18 quilates, este exquisito anillo est\u00e1 adornado con 74 diamantes de corte brillante que suman un total de 0,675 carats. La disposici\u00f3n r\u00edtmica de los diamantes cultivados en laboratorio refleja la fluidez de tus gestos, a\u00f1adiendo un brillo encantador a cada movimiento. El simb\u00f3lico oro amarillo, sin\u00f3nimo de preciosidad, embellece y acaricia los diamantes, d\u00e1ndoles un toque suave y radiante. Descubre el anillo de diamantes de oro amarillo perfecto, destinado a ser tu fiel compa\u00f1ero en los momentos cotidianos.<\/p>\n","protected":false},"excerpt":{"rendered":"<p><span style=\"font-weight: 400;\">Referencia: Icon Twin Ring anillo de diamantes para mujer y hombre EH-R001YG<\/span><\/p>\n<p><span style=\"font-weight: 400;\">Colecci\u00f3n: Icon <\/span><\/p>\n<p><span style=\"font-weight: 400;\">Tipo de joya: Anillo<\/span><\/p>\n<p><span style=\"font-weight: 400;\">Metal: Oro amarillo<\/span><\/p>\n<p><span style=\"font-weight: 400;\">Piedras: Diamante<\/span><\/p>\n<p><span style=\"font-weight: 400;\">Peso total diamantes: 0,675 carats <\/span><\/p>\n<p><span style=\"font-weight: 400;\">Categoria: Anillo para mujer y hombre <\/span><\/p>\n<p>&nbsp;<\/p>\n<p><span style=\"font-weight: 400;\">Todas las piezas de la colecci\u00f3n Ehthele Jewelry son \u00fanicas. El peso, el tama\u00f1o y el peso en carats de cada pieza pueden variar ligeramente de una creaci\u00f3n a otra.<\/span><\/p>\n","protected":false},"featured_media":23430,"template":"","meta":[],"product_cat":[385],"product_tag":[394],"class_list":{"0":"post-61922","1":"product","2":"type-product","3":"status-publish","4":"has-post-thumbnail","6":"product_cat-anillos","7":"product_tag-coleccion-diamantes-icon","9":"first","10":"instock","11":"shipping-taxable","12":"purchasable","13":"product-type-variable","14":"has-default-attributes"},"acf":[],"_links":{"self":[{"href":"https:\/\/www.ehthele.com\/es\/wp-json\/wp\/v2\/product\/61922","targetHints":{"allow":["GET"]}}],"collection":[{"href":"https:\/\/www.ehthele.com\/es\/wp-json\/wp\/v2\/product"}],"about":[{"href":"https:\/\/www.ehthele.com\/es\/wp-json\/wp\/v2\/types\/product"}],"wp:featuredmedia":[{"embeddable":true,"href":"https:\/\/www.ehthele.com\/es\/wp-json\/wp\/v2\/media\/23430"}],"wp:attachment":[{"href":"https:\/\/www.ehthele.com\/es\/wp-json\/wp\/v2\/media?parent=61922"}],"wp:term":[{"taxonomy":"product_cat","embeddable":true,"href":"https:\/\/www.ehthele.com\/es\/wp-json\/wp\/v2\/product_cat?post=61922"},{"taxonomy":"product_tag","embeddable":true,"href":"https:\/\/www.ehthele.com\/es\/wp-json\/wp\/v2\/product_tag?post=61922"}],"curies":[{"name":"wp","href":"https:\/\/api.w.org\/{rel}","templated":true}]}}