{"id":61917,"date":"2023-06-26T09:31:59","date_gmt":"2023-06-26T09:31:59","guid":{"rendered":"https:\/\/www.ehthele.com\/icon-asymmetry-ring\/"},"modified":"2023-09-13T10:19:10","modified_gmt":"2023-09-13T10:19:10","slug":"icon-asymmetry-ring","status":"publish","type":"product","link":"https:\/\/www.ehthele.com\/es\/icon-asymmetry-ring\/","title":{"rendered":"Icon Asymmetry Ring"},"content":{"rendered":"<p>Da rienda suelta a tu sentido de la individualidad con el cautivador anillo Icon Asymmetry Ring de la colecci\u00f3n Icon. Elaborado en oro amarillo de 18 quilates, este anillo celebra la belleza de la asimetr\u00eda como elemento de elegancia. Pav\u00e9 de 57 diamantes de corte brillante con un total de 0,522 carats, esta pieza emana un encanto \u00fanico que la distingue. La disposici\u00f3n poco convencional de los diamantes cultivados en laboratorio crea un efecto visual fascinante que capta la atenci\u00f3n desde todos los \u00e1ngulos. Meticulosamente elaborado a mano, este anillo muestra el arte de Ehthele en una armoniosa fusi\u00f3n de calidez y esplendor.<\/p>\n","protected":false},"excerpt":{"rendered":"<p><span style=\"font-weight: 400;\">Icon Asymmetry Ring anillo de diamantes para mujer y hombre EH-R002YG<\/span><\/p>\n<p><span style=\"font-weight: 400;\">Colecci\u00f3n: Icon <\/span><\/p>\n<p><span style=\"font-weight: 400;\">Tipo de joya: Anillo<\/span><\/p>\n<p><span style=\"font-weight: 400;\">Metal: Oro amarillo<\/span><\/p>\n<p><span style=\"font-weight: 400;\">Piedras: Diamante<\/span><\/p>\n<p><span style=\"font-weight: 400;\">Peso total diamante: 0.522 carats <\/span><\/p>\n<p><span style=\"font-weight: 400;\">Categoria: Anillo para mujer y hombre <\/span><\/p>\n<p>&nbsp;<\/p>\n<p><span style=\"font-weight: 400;\">Todas las piezas de la colecci\u00f3n Ehthele Jewelry son \u00fanicas. El peso, el tama\u00f1o y el peso en carats de cada pieza pueden variar ligeramente de una creaci\u00f3n a otra.<\/span><\/p>\n","protected":false},"featured_media":23416,"template":"","meta":[],"product_cat":[385],"product_tag":[394],"class_list":{"0":"post-61917","1":"product","2":"type-product","3":"status-publish","4":"has-post-thumbnail","6":"product_cat-anillos","7":"product_tag-coleccion-diamantes-icon","9":"first","10":"instock","11":"shipping-taxable","12":"purchasable","13":"product-type-variable","14":"has-default-attributes"},"acf":[],"_links":{"self":[{"href":"https:\/\/www.ehthele.com\/es\/wp-json\/wp\/v2\/product\/61917","targetHints":{"allow":["GET"]}}],"collection":[{"href":"https:\/\/www.ehthele.com\/es\/wp-json\/wp\/v2\/product"}],"about":[{"href":"https:\/\/www.ehthele.com\/es\/wp-json\/wp\/v2\/types\/product"}],"wp:featuredmedia":[{"embeddable":true,"href":"https:\/\/www.ehthele.com\/es\/wp-json\/wp\/v2\/media\/23416"}],"wp:attachment":[{"href":"https:\/\/www.ehthele.com\/es\/wp-json\/wp\/v2\/media?parent=61917"}],"wp:term":[{"taxonomy":"product_cat","embeddable":true,"href":"https:\/\/www.ehthele.com\/es\/wp-json\/wp\/v2\/product_cat?post=61917"},{"taxonomy":"product_tag","embeddable":true,"href":"https:\/\/www.ehthele.com\/es\/wp-json\/wp\/v2\/product_tag?post=61917"}],"curies":[{"name":"wp","href":"https:\/\/api.w.org\/{rel}","templated":true}]}}