{"id":61913,"date":"2023-06-26T10:58:49","date_gmt":"2023-06-26T10:58:49","guid":{"rendered":"https:\/\/www.ehthele.com\/essential-engagement-ring\/"},"modified":"2023-09-19T08:16:23","modified_gmt":"2023-09-19T08:16:23","slug":"essential-engagement-ring","status":"publish","type":"product","link":"https:\/\/www.ehthele.com\/es\/essential-engagement-ring\/","title":{"rendered":"Essential Engagement Ring"},"content":{"rendered":"<p><span style=\"font-weight: 400;\">La delicada belleza de este anillo de compromiso de oro blanco de 18 quilates, engastado con un \u00fanico diamante de corte brillante de 0,25 carats, irradia discreta elegancia. La fina banda acent\u00faa el brillo del diamante solitario cultivado en laboratorio, creando un punto focal cautivador. Con su dise\u00f1o atemporal y su exquisita artesan\u00eda, este delgado anillo de compromiso solitario es el s\u00edmbolo perfecto de su compromiso eterno.<\/span><\/p>\n","protected":false},"excerpt":{"rendered":"<p><span style=\"font-weight: 400;\">Referencia: Essential Engagement Ring anillo de diamantes para mujer y hombre EH-R010-25WG<\/span><\/p>\n<p><span style=\"font-weight: 400;\">Colecci\u00f3n: Essential <\/span><\/p>\n<p><span style=\"font-weight: 400;\">Tipo de joya: Anillo<\/span><\/p>\n<p><span style=\"font-weight: 400;\">Metal: Oro blanco<\/span><\/p>\n<p><span style=\"font-weight: 400;\">Piedras: Diamante<\/span><\/p>\n<p><span style=\"font-weight: 400;\">Peso total del diamante: 0,25 carats <\/span><\/p>\n<p><span style=\"font-weight: 400;\">Categoria: Anillo para mujer y hombre <\/span><\/p>\n<p>&nbsp;<\/p>\n<p><span style=\"font-weight: 400;\">Todas las piezas de la colecci\u00f3n Ehthele Jewelry son \u00fanicas. El peso, el tama\u00f1o y el peso en carats de cada pieza pueden variar ligeramente de una creaci\u00f3n a otra.<\/span><\/p>\n","protected":false},"featured_media":23703,"template":"","meta":[],"product_cat":[385],"product_tag":[393],"class_list":{"0":"post-61913","1":"product","2":"type-product","3":"status-publish","4":"has-post-thumbnail","6":"product_cat-anillos","7":"product_tag-coleccion-diamantes-essential","9":"first","10":"instock","11":"shipping-taxable","12":"purchasable","13":"product-type-variable","14":"has-default-attributes"},"acf":[],"_links":{"self":[{"href":"https:\/\/www.ehthele.com\/es\/wp-json\/wp\/v2\/product\/61913","targetHints":{"allow":["GET"]}}],"collection":[{"href":"https:\/\/www.ehthele.com\/es\/wp-json\/wp\/v2\/product"}],"about":[{"href":"https:\/\/www.ehthele.com\/es\/wp-json\/wp\/v2\/types\/product"}],"wp:featuredmedia":[{"embeddable":true,"href":"https:\/\/www.ehthele.com\/es\/wp-json\/wp\/v2\/media\/23703"}],"wp:attachment":[{"href":"https:\/\/www.ehthele.com\/es\/wp-json\/wp\/v2\/media?parent=61913"}],"wp:term":[{"taxonomy":"product_cat","embeddable":true,"href":"https:\/\/www.ehthele.com\/es\/wp-json\/wp\/v2\/product_cat?post=61913"},{"taxonomy":"product_tag","embeddable":true,"href":"https:\/\/www.ehthele.com\/es\/wp-json\/wp\/v2\/product_tag?post=61913"}],"curies":[{"name":"wp","href":"https:\/\/api.w.org\/{rel}","templated":true}]}}