{"id":61908,"date":"2023-06-26T10:51:47","date_gmt":"2023-06-26T10:51:47","guid":{"rendered":"https:\/\/www.ehthele.com\/essential-classic-ring\/"},"modified":"2023-09-13T10:08:58","modified_gmt":"2023-09-13T10:08:58","slug":"essential-classic-ring","status":"publish","type":"product","link":"https:\/\/www.ehthele.com\/es\/essential-classic-ring\/","title":{"rendered":"Essential Classic Ring"},"content":{"rendered":"<p><span style=\"font-weight: 400;\">Experimenta la elegancia atemporal del anillo Essential Classic Ring. Elaborado en oro blanco de 18 quilates y engastado con 19 diamantes de corte talla brillante que suman 0,5 carats, este anillo de compromiso irradia sofisticaci\u00f3n y gracia. El diamante solitario cultivado en laboratorio es el protagonista con su fascinante esplendor. El delicado engaste en pav\u00e9 a\u00f1ade un toque de brillo, realzando la belleza general de este anillo solitario cl\u00e1sico. <\/span><\/p>\n","protected":false},"excerpt":{"rendered":"<p><span style=\"font-weight: 400;\">Referencia: Essential Classic Ring anillo de diamantes para mujer y hombre EH-R009-30WG<\/span><\/p>\n<p><span style=\"font-weight: 400;\">Colecci\u00f3n: Essential <\/span><\/p>\n<p><span style=\"font-weight: 400;\">Tipo de joya: Anillo<\/span><\/p>\n<p><span style=\"font-weight: 400;\">Metal: Oro blanco<\/span><\/p>\n<p><span style=\"font-weight: 400;\">Piedras: Diamante<\/span><\/p>\n<p><span style=\"font-weight: 400;\">Peso total del diamante: 0,5 carats <\/span><\/p>\n<p><span style=\"font-weight: 400;\">Categoria: Anillo para mujer y hombre <\/span><\/p>\n<p>&nbsp;<\/p>\n<p><span style=\"font-weight: 400;\">Todas las piezas de la colecci\u00f3n Ehthele Jewelry son \u00fanicas. El peso, el tama\u00f1o y el peso en carats de cada pieza pueden variar ligeramente de una creaci\u00f3n a otra.<\/span><\/p>\n","protected":false},"featured_media":23626,"template":"","meta":[],"product_cat":[385],"product_tag":[393],"class_list":{"0":"post-61908","1":"product","2":"type-product","3":"status-publish","4":"has-post-thumbnail","6":"product_cat-anillos","7":"product_tag-coleccion-diamantes-essential","9":"first","10":"instock","11":"shipping-taxable","12":"purchasable","13":"product-type-variable","14":"has-default-attributes"},"acf":[],"_links":{"self":[{"href":"https:\/\/www.ehthele.com\/es\/wp-json\/wp\/v2\/product\/61908","targetHints":{"allow":["GET"]}}],"collection":[{"href":"https:\/\/www.ehthele.com\/es\/wp-json\/wp\/v2\/product"}],"about":[{"href":"https:\/\/www.ehthele.com\/es\/wp-json\/wp\/v2\/types\/product"}],"wp:featuredmedia":[{"embeddable":true,"href":"https:\/\/www.ehthele.com\/es\/wp-json\/wp\/v2\/media\/23626"}],"wp:attachment":[{"href":"https:\/\/www.ehthele.com\/es\/wp-json\/wp\/v2\/media?parent=61908"}],"wp:term":[{"taxonomy":"product_cat","embeddable":true,"href":"https:\/\/www.ehthele.com\/es\/wp-json\/wp\/v2\/product_cat?post=61908"},{"taxonomy":"product_tag","embeddable":true,"href":"https:\/\/www.ehthele.com\/es\/wp-json\/wp\/v2\/product_tag?post=61908"}],"curies":[{"name":"wp","href":"https:\/\/api.w.org\/{rel}","templated":true}]}}