{"id":61903,"date":"2023-06-26T10:45:02","date_gmt":"2023-06-26T10:45:02","guid":{"rendered":"https:\/\/www.ehthele.com\/essential-trinity-ring\/"},"modified":"2023-09-29T14:22:22","modified_gmt":"2023-09-29T14:22:22","slug":"essential-trinity-ring","status":"publish","type":"product","link":"https:\/\/www.ehthele.com\/es\/essential-trinity-ring\/","title":{"rendered":"Essential Trinity Ring"},"content":{"rendered":"<p><span style=\"font-weight: 400;\">Un juego de tres diamantes cultivados en laboratorio, el Essential Trinity Ring combina una l\u00ednea cl\u00e1sica atemporal con el toque moderno de Ehthele. Envuelve tu dedo en la luz resplandeciente de 3 diamantes de corte brillante, con un total de 0,98 carats. El oro blanco, con su suave brillo met\u00e1lico, realza el dise\u00f1o y destaca el esplendor de las piedras.<\/span><\/p>\n","protected":false},"excerpt":{"rendered":"<p><span style=\"font-weight: 400;\">Referencia: Essential Trinity Ring anillo de diamantes para mujer y hombre EH-R008-30WG<\/span><\/p>\n<p><span style=\"font-weight: 400;\">Colecci\u00f3n: Essential <\/span><\/p>\n<p><span style=\"font-weight: 400;\">Tipo de joya: Anillo<\/span><\/p>\n<p><span style=\"font-weight: 400;\">Metal: Oro blanco<\/span><\/p>\n<p><span style=\"font-weight: 400;\">Piedras: Diamante<\/span><\/p>\n<p><span style=\"font-weight: 400;\">Total diamond weight: 0.98 carats <\/span><\/p>\n<p><span style=\"font-weight: 400;\">Categoria: Anillo para mujer y hombre <\/span><\/p>\n<p>&nbsp;<\/p>\n<p><span style=\"font-weight: 400;\">Todas las piezas de la colecci\u00f3n Ehthele Jewelry son \u00fanicas. El peso, el tama\u00f1o y el peso en carats de cada pieza pueden variar ligeramente de una creaci\u00f3n a otra.<\/span><\/p>\n","protected":false},"featured_media":23738,"template":"","meta":[],"product_cat":[385],"product_tag":[393],"class_list":{"0":"post-61903","1":"product","2":"type-product","3":"status-publish","4":"has-post-thumbnail","6":"product_cat-anillos","7":"product_tag-coleccion-diamantes-essential","9":"first","10":"instock","11":"shipping-taxable","12":"purchasable","13":"product-type-variable","14":"has-default-attributes"},"acf":[],"_links":{"self":[{"href":"https:\/\/www.ehthele.com\/es\/wp-json\/wp\/v2\/product\/61903","targetHints":{"allow":["GET"]}}],"collection":[{"href":"https:\/\/www.ehthele.com\/es\/wp-json\/wp\/v2\/product"}],"about":[{"href":"https:\/\/www.ehthele.com\/es\/wp-json\/wp\/v2\/types\/product"}],"wp:featuredmedia":[{"embeddable":true,"href":"https:\/\/www.ehthele.com\/es\/wp-json\/wp\/v2\/media\/23738"}],"wp:attachment":[{"href":"https:\/\/www.ehthele.com\/es\/wp-json\/wp\/v2\/media?parent=61903"}],"wp:term":[{"taxonomy":"product_cat","embeddable":true,"href":"https:\/\/www.ehthele.com\/es\/wp-json\/wp\/v2\/product_cat?post=61903"},{"taxonomy":"product_tag","embeddable":true,"href":"https:\/\/www.ehthele.com\/es\/wp-json\/wp\/v2\/product_tag?post=61903"}],"curies":[{"name":"wp","href":"https:\/\/api.w.org\/{rel}","templated":true}]}}