{"id":61898,"date":"2023-06-26T10:38:30","date_gmt":"2023-06-26T10:38:30","guid":{"rendered":"https:\/\/www.ehthele.com\/essential-majesty-ring\/"},"modified":"2023-09-13T10:10:28","modified_gmt":"2023-09-13T10:10:28","slug":"essential-majesty-ring","status":"publish","type":"product","link":"https:\/\/www.ehthele.com\/es\/essential-majesty-ring\/","title":{"rendered":"Essential Majesty Ring"},"content":{"rendered":"<p><span style=\"font-weight: 400;\">De nuestro anillo Essential Majesty Ring emana pura emoci\u00f3n. Confeccionado con el m\u00e1ximo cuidado y precisi\u00f3n, esta exquisita pieza es un testimonio de la sencillez y el resplandor del oro blanco. Dise\u00f1ado para llevarlo en el dedo anular o como anillo de diamantes de tama\u00f1o mini combinado con diamantes de gran tama\u00f1o en la popular tendencia de la acumulaci\u00f3n, ofrece versatilidad y elegancia. Sus 86 diamantes de corte brillante est\u00e1n acentuados por una resplandeciente corona de diamantes de corte brillante cultivados en laboratorio.<\/span><\/p>\n","protected":false},"excerpt":{"rendered":"<p><span style=\"font-weight: 400;\">Referencia: Essential Majesty Ring anillo de diamantes para mujer y hombre EH-R007-200WG<\/span><\/p>\n<p><span style=\"font-weight: 400;\">Colecci\u00f3n: Essential <\/span><\/p>\n<p><span style=\"font-weight: 400;\">Tipo de joya: Anillo<\/span><\/p>\n<p><span style=\"font-weight: 400;\">Metal: Oro blanco<\/span><\/p>\n<p><span style=\"font-weight: 400;\">Piedras: Diamante<\/span><\/p>\n<p><span style=\"font-weight: 400;\">Peso total del diamante: De 3,5 carats a 3,63 carats<\/span><\/p>\n<p><span style=\"font-weight: 400;\">Categoria: Anillo para mujer y hombre <\/span><\/p>\n<p>&nbsp;<\/p>\n<p><span style=\"font-weight: 400;\">Todas las piezas de la colecci\u00f3n Ehthele Jewelry son \u00fanicas. El peso, el tama\u00f1o y el peso en carats de cada pieza pueden variar ligeramente de una creaci\u00f3n a otra.<\/span><\/p>\n","protected":false},"featured_media":23654,"template":"","meta":[],"product_cat":[385],"product_tag":[393],"class_list":{"0":"post-61898","1":"product","2":"type-product","3":"status-publish","4":"has-post-thumbnail","6":"product_cat-anillos","7":"product_tag-coleccion-diamantes-essential","9":"first","10":"instock","11":"shipping-taxable","12":"purchasable","13":"product-type-variable","14":"has-default-attributes"},"acf":[],"_links":{"self":[{"href":"https:\/\/www.ehthele.com\/es\/wp-json\/wp\/v2\/product\/61898","targetHints":{"allow":["GET"]}}],"collection":[{"href":"https:\/\/www.ehthele.com\/es\/wp-json\/wp\/v2\/product"}],"about":[{"href":"https:\/\/www.ehthele.com\/es\/wp-json\/wp\/v2\/types\/product"}],"wp:featuredmedia":[{"embeddable":true,"href":"https:\/\/www.ehthele.com\/es\/wp-json\/wp\/v2\/media\/23654"}],"wp:attachment":[{"href":"https:\/\/www.ehthele.com\/es\/wp-json\/wp\/v2\/media?parent=61898"}],"wp:term":[{"taxonomy":"product_cat","embeddable":true,"href":"https:\/\/www.ehthele.com\/es\/wp-json\/wp\/v2\/product_cat?post=61898"},{"taxonomy":"product_tag","embeddable":true,"href":"https:\/\/www.ehthele.com\/es\/wp-json\/wp\/v2\/product_tag?post=61898"}],"curies":[{"name":"wp","href":"https:\/\/api.w.org\/{rel}","templated":true}]}}