{"id":61893,"date":"2023-06-16T11:38:04","date_gmt":"2023-06-16T11:38:04","guid":{"rendered":"https:\/\/www.ehthele.com\/elixir-ring\/"},"modified":"2023-09-13T10:01:35","modified_gmt":"2023-09-13T10:01:35","slug":"elixir-ring","status":"publish","type":"product","link":"https:\/\/www.ehthele.com\/es\/elixir-ring\/","title":{"rendered":"Elixir Ring"},"content":{"rendered":"<p><span style=\"font-weight: 400;\">Este exquisito anillo de la colecci\u00f3n Elixir es un s\u00edmbolo de elegancia atemporal. Elaborado en oro amarillo de 18 quilates, est\u00e1 engastado con 26 diamantes de corte brillante, un total de 0,239 carats, que acent\u00faan su lujoso atractivo. El delicado brillo de los diamantes cultivados en laboratorio a\u00f1ade un toque de glamour a la banda dorada, creando un cautivador juego de luces con cada movimiento. La meticulosa artesan\u00eda y la atenci\u00f3n al detalle son evidentes en esta obra maestra hecha a mano. Tanto si se lleva solo como en combinaci\u00f3n con otros anillos, esta radiante pieza es un verdadero testimonio de la belleza de la alta joyer\u00eda.<\/span><\/p>\n","protected":false},"excerpt":{"rendered":"<p><span style=\"font-weight: 400;\">Referencia: Elixir Ring anillo de diamantes para mujer y hombre EH-R006YG<\/span><\/p>\n<p><span style=\"font-weight: 400;\">Colecci\u00f3n: Elixir<\/span><\/p>\n<p><span style=\"font-weight: 400;\">Tipo de joya: Anillo<\/span><\/p>\n<p><span style=\"font-weight: 400;\">Metal: Oro amarillo<\/span><\/p>\n<p><span style=\"font-weight: 400;\">Piedras: Diamante<\/span><\/p>\n<p><span style=\"font-weight: 400;\">Peso total del diamante: 0,239 carats<\/span><\/p>\n<p><span style=\"font-weight: 400;\">Categoria: Anillo para mujer y hombre <\/span><\/p>\n<p>&nbsp;<\/p>\n<p><span style=\"font-weight: 400;\">Todas las piezas de la colecci\u00f3n Ehthele Jewelry son \u00fanicas. El peso, el tama\u00f1o y el peso en carats de cada pieza pueden variar ligeramente de una creaci\u00f3n a otra.<\/span><\/p>\n","protected":false},"featured_media":23479,"template":"","meta":[],"product_cat":[385],"product_tag":[386],"class_list":{"0":"post-61893","1":"product","2":"type-product","3":"status-publish","4":"has-post-thumbnail","6":"product_cat-anillos","7":"product_tag-coleccion-diamantes-elixir","9":"first","10":"instock","11":"shipping-taxable","12":"purchasable","13":"product-type-variable","14":"has-default-attributes"},"acf":[],"_links":{"self":[{"href":"https:\/\/www.ehthele.com\/es\/wp-json\/wp\/v2\/product\/61893","targetHints":{"allow":["GET"]}}],"collection":[{"href":"https:\/\/www.ehthele.com\/es\/wp-json\/wp\/v2\/product"}],"about":[{"href":"https:\/\/www.ehthele.com\/es\/wp-json\/wp\/v2\/types\/product"}],"wp:featuredmedia":[{"embeddable":true,"href":"https:\/\/www.ehthele.com\/es\/wp-json\/wp\/v2\/media\/23479"}],"wp:attachment":[{"href":"https:\/\/www.ehthele.com\/es\/wp-json\/wp\/v2\/media?parent=61893"}],"wp:term":[{"taxonomy":"product_cat","embeddable":true,"href":"https:\/\/www.ehthele.com\/es\/wp-json\/wp\/v2\/product_cat?post=61893"},{"taxonomy":"product_tag","embeddable":true,"href":"https:\/\/www.ehthele.com\/es\/wp-json\/wp\/v2\/product_tag?post=61893"}],"curies":[{"name":"wp","href":"https:\/\/api.w.org\/{rel}","templated":true}]}}