{"id":62863,"date":"2023-09-29T08:38:51","date_gmt":"2023-09-29T08:38:51","guid":{"rendered":"https:\/\/www.ehthele.com\/condiciones-de-uso\/"},"modified":"2023-09-29T08:58:50","modified_gmt":"2023-09-29T08:58:50","slug":"condiciones-de-uso","status":"publish","type":"page","link":"https:\/\/www.ehthele.com\/es\/condiciones-de-uso\/","title":{"rendered":"Condiciones de uso"},"content":{"rendered":"\t\t<div data-elementor-type=\"wp-page\" data-elementor-id=\"62863\" class=\"elementor elementor-62863 elementor-62832\" data-elementor-post-type=\"page\">\n\t\t\t\t\t\t<section class=\"elementor-section elementor-top-section elementor-element elementor-element-f72efe0 elementor-section-boxed elementor-section-height-default elementor-section-height-default\" data-id=\"f72efe0\" data-element_type=\"section\">\r\n\t\t\t\t\t\t<div class=\"elementor-container elementor-column-gap-default jws_section_\" >\r\n\t\t\t\t<div class=\"elementor-column elementor-col-100 elementor-top-column elementor-element elementor-element-4fcb2c6\" data-id=\"4fcb2c6\" data-element_type=\"column\">\n\t\t\t<div class=\"elementor-widget-wrap elementor-element-populated\">\n\t\t\t\t\t\t<div class=\"elementor-element elementor-element-fc899a9 elementor-widget elementor-widget-text-editor\" data-id=\"fc899a9\" data-element_type=\"widget\" data-widget_type=\"text-editor.default\">\n\t\t\t\t<div class=\"elementor-widget-container\">\n\t\t\t<style>\/*! elementor - v3.21.0 - 26-05-2024 *\/\n.elementor-widget-text-editor.elementor-drop-cap-view-stacked .elementor-drop-cap{background-color:#69727d;color:#fff}.elementor-widget-text-editor.elementor-drop-cap-view-framed .elementor-drop-cap{color:#69727d;border:3px solid;background-color:transparent}.elementor-widget-text-editor:not(.elementor-drop-cap-view-default) .elementor-drop-cap{margin-top:8px}.elementor-widget-text-editor:not(.elementor-drop-cap-view-default) .elementor-drop-cap-letter{width:1em;height:1em}.elementor-widget-text-editor .elementor-drop-cap{float:left;text-align:center;line-height:1;font-size:50px}.elementor-widget-text-editor .elementor-drop-cap-letter{display:inline-block}<\/style>\t\t\t\t<h4><b>CONDICIONES DE USO<\/b><\/h4><h4>\u00a0<\/h4><h6><b>1. Introducci\u00f3n.<\/b><\/h6><p><span style=\"font-weight: 400;\">El presente documento tiene por objeto describir las condiciones de uso de www.ehthele.com (Sitio web) por parte del usuario. Para poder utilizar el Sitio Web, debe leer atentamente y estar de acuerdo con estas condiciones y aceptarlas haciendo clic en el bot\u00f3n de aceptaci\u00f3n. Si no acepta este acuerdo, no podr\u00e1 utilizar el servicio. El uso de este Sitio web implica la aceptaci\u00f3n de estas condiciones de uso.<\/span><\/p><h6><b>2. Inscripci\u00f3n<\/b><\/h6><p><span style=\"font-weight: 400;\">Puede ser necesario para el uso de algunas funcionalidades del Sitio Web el registro del usuario en el sistema. A estos efectos, consulte la Pol\u00edtica de Privacidad para obtener informaci\u00f3n adicional.<\/span><\/p><h6><b>3. Enlaces.<\/b><\/h6><p><span style=\"font-weight: 400;\">Nuestro sitio web puede contener enlaces a sitios web de terceros que pueden o no ser operados por nuestra empresa u otras empresas asociadas. Ehthele no es responsable de los sitios que no est\u00e1n bajo su control y no hace representaciones o garant\u00edas en cuanto a la exactitud o veracidad de la informaci\u00f3n contenida en dichos sitios de terceros. Ehthele no se hace responsable de los da\u00f1os o p\u00e9rdidas sufridos por los usuarios que utilicen enlaces externos a este sitio.<\/span><\/p><h6><b>4. Marcas registradas.<\/b><\/h6><p><span style=\"font-weight: 400;\">Todas las marcas comerciales y logotipos que aparecen en el sitio web son propiedad de Ehthele Limited y no pueden utilizarse sin el permiso previo de la empresa. Nada en este sitio web se interpretar\u00e1 como una concesi\u00f3n de licencia para utilizar o explotar cualquiera de las marcas comerciales, nombres o logotipos de Ehthele, o cualquier marca comercial de terceros, nombres o logotipos que aparecen en este sitio web. Ehthele se reserva todos los derechos no expresamente concedidos sobre el sitio web y su contenido.<\/span><\/p><h6><b>5. Acuerdo completo y admisibilidad.<\/b><\/h6><p><span style=\"font-weight: 400;\">Los T\u00e9rminos y cualesquiera otras condiciones del Sitio Web constituyen la totalidad del acuerdo y entendimiento entre Ehthele y el usuario y sustituyen a todas las comunicaciones y propuestas anteriores entre las partes.<\/span><\/p><h6><b>6. P\u00f3ngase en contacto con nosotros.<\/b><\/h6><p><span style=\"font-weight: 400;\">En caso de comentarios o quejas, puede ponerse en contacto con nuestro equipo en <\/span><a href=\"mailto:contact@ehthele.com\"><span style=\"font-weight: 400;\">contact@ehthele.com<\/span><\/a><span style=\"font-weight: 400;\">.<\/span><\/p><h6><b>7. Divisibilidad.<\/b><\/h6><p><span style=\"font-weight: 400;\">Si se determina que alguna parte de las Condiciones es ilegal, nula o inaplicable, el resto de las disposiciones del acuerdo seguir\u00e1n siendo plenamente v\u00e1lidas, vinculantes y aplicables.<\/span><\/p><h6><b>8. Jurisdicci\u00f3n y ley aplicable.<\/b><\/h6><p><span style=\"font-weight: 400;\">Los tribunales ingleses tendr\u00e1n jurisdicci\u00f3n exclusiva sobre cualquier reclamaci\u00f3n que surja de, o est\u00e9 relacionada con, estos T\u00e9rminos y una visita a nuestro sitio, aunque nos reservamos el derecho de iniciar procedimientos contra usted por incumplimiento de estos T\u00e9rminos en su pa\u00eds de residencia o en cualquier otro pa\u00eds pertinente.<\/span><\/p><p><span style=\"font-weight: 400;\">Estos T\u00e9rminos y cualquier disputa o reclamaci\u00f3n que surja de o en conexi\u00f3n con ellos o su objeto o formaci\u00f3n (incluyendo disputas o reclamaciones no contractuales) se regir\u00e1n e interpretar\u00e1n de acuerdo con la ley de Inglaterra y Gales.<\/span><\/p><h6><b>9. Actividad del usuario.<\/b><\/h6><p><span style=\"font-weight: 400;\">Cada usuario ser\u00e1 personalmente responsable del uso del sitio web y de toda su comunicaci\u00f3n y actividad en y conforme a este sitio web. Si Ehthele determina que el usuario est\u00e1 o ha estado involucrado en actividades prohibidas, no fue respetuoso con los dem\u00e1s usuarios, o de otra manera violado estos T\u00e9rminos, podemos negarle el acceso a este sitio de forma temporal o permanente.<\/span><\/p>\t\t\t\t\t\t<\/div>\n\t\t\t\t<\/div>\n\t\t\t\t\t<\/div>\n\t\t<\/div>\n\t\t\t\t      \r\n            \r\n              \r\n            \r\n            \t\r\n\t\t\t<\/div>\r\n\t\t<\/section>\r\n\t\t\t\t<\/div>\n\t\t","protected":false},"excerpt":{"rendered":"<p>CONDICIONES DE USO \u00a0 1. Introducci\u00f3n. El presente documento tiene por objeto describir las condiciones de uso de www.ehthele.com (Sitio web) por parte del usuario. Para poder utilizar el Sitio Web, debe leer atentamente y estar de acuerdo con estas condiciones y aceptarlas haciendo clic en el bot\u00f3n de aceptaci\u00f3n. Si no acepta este acuerdo, [&hellip;]<\/p>\n","protected":false},"author":1,"featured_media":0,"parent":0,"menu_order":0,"comment_status":"closed","ping_status":"closed","template":"","meta":{"footnotes":""},"class_list":["post-62863","page","type-page","status-publish","hentry"],"acf":[],"_links":{"self":[{"href":"https:\/\/www.ehthele.com\/es\/wp-json\/wp\/v2\/pages\/62863","targetHints":{"allow":["GET"]}}],"collection":[{"href":"https:\/\/www.ehthele.com\/es\/wp-json\/wp\/v2\/pages"}],"about":[{"href":"https:\/\/www.ehthele.com\/es\/wp-json\/wp\/v2\/types\/page"}],"author":[{"embeddable":true,"href":"https:\/\/www.ehthele.com\/es\/wp-json\/wp\/v2\/users\/1"}],"replies":[{"embeddable":true,"href":"https:\/\/www.ehthele.com\/es\/wp-json\/wp\/v2\/comments?post=62863"}],"version-history":[{"count":4,"href":"https:\/\/www.ehthele.com\/es\/wp-json\/wp\/v2\/pages\/62863\/revisions"}],"predecessor-version":[{"id":62867,"href":"https:\/\/www.ehthele.com\/es\/wp-json\/wp\/v2\/pages\/62863\/revisions\/62867"}],"wp:attachment":[{"href":"https:\/\/www.ehthele.com\/es\/wp-json\/wp\/v2\/media?parent=62863"}],"curies":[{"name":"wp","href":"https:\/\/api.w.org\/{rel}","templated":true}]}}