{"id":61687,"date":"2023-06-26T11:13:26","date_gmt":"2023-06-26T11:13:26","guid":{"rendered":"https:\/\/www.ehthele.com\/essential-pave-pendant\/"},"modified":"2023-09-13T10:04:46","modified_gmt":"2023-09-13T10:04:46","slug":"essential-pave-pendant","status":"publish","type":"product","link":"https:\/\/www.ehthele.com\/en-ch\/essential-pave-pendant\/","title":{"rendered":"Essential Pav\u00e9 Pendant"},"content":{"rendered":"<p>Step into the enchanting world of pav\u00e9 jewelry with the Essential Pav\u00e9 Pendant from our Essential collection. Crafted from 18k white gold, this pendant is adorned with 19 brilliant-cut diamonds, totaling 0.175 carats, intricately set in a pav\u00e9 style. The delicate arrangement of these small gemstones creates a mesmerizing surface that seems to lack metal, making it an exquisite display of brilliance and craftsmanship. Pav\u00e9 jewelry has become increasingly popular due to its unique setting, which gives the illusion of a continuous diamond surface. The brilliance of the diamonds shines brilliantly with every movement, captivating attention from every angle.<\/p>\n","protected":false},"excerpt":{"rendered":"<p><span style=\"font-weight: 400;\">Reference: Essential Pav\u00e9 Pendant diamond necklace for women and men EH-N007WG<\/span><\/p>\n<p><span style=\"font-weight: 400;\">Collection: Essential<\/span><\/p>\n<p><span style=\"font-weight: 400;\">Type of jewelry: Necklace<\/span><\/p>\n<p><span style=\"font-weight: 400;\">Metal: White gold<\/span><\/p>\n<p><span style=\"font-weight: 400;\">Stones: Diamond<\/span><\/p>\n<p><span style=\"font-weight: 400;\">Total diamond weight: 0.175 carats <\/span><\/p>\n<p><span style=\"font-weight: 400;\">Category: Necklace for women and men<\/span><\/p>\n<p>&nbsp;<\/p>\n<p><span style=\"font-weight: 400;\">All pieces in the Ehthele Jewelry collection are unique. The weight, size and carat weight of each piece may vary slightly from one creation to another.<\/span><\/p>\n","protected":false},"featured_media":23669,"template":"","meta":[],"product_cat":[344],"product_tag":[377],"class_list":{"0":"post-61687","1":"product","2":"type-product","3":"status-publish","4":"has-post-thumbnail","6":"product_cat-necklaces","7":"product_tag-essential-diamond-collection-en-ch","9":"first","10":"instock","11":"shipping-taxable","12":"purchasable","13":"product-type-simple"},"acf":[],"_links":{"self":[{"href":"https:\/\/www.ehthele.com\/en-ch\/wp-json\/wp\/v2\/product\/61687","targetHints":{"allow":["GET"]}}],"collection":[{"href":"https:\/\/www.ehthele.com\/en-ch\/wp-json\/wp\/v2\/product"}],"about":[{"href":"https:\/\/www.ehthele.com\/en-ch\/wp-json\/wp\/v2\/types\/product"}],"wp:featuredmedia":[{"embeddable":true,"href":"https:\/\/www.ehthele.com\/en-ch\/wp-json\/wp\/v2\/media\/23669"}],"wp:attachment":[{"href":"https:\/\/www.ehthele.com\/en-ch\/wp-json\/wp\/v2\/media?parent=61687"}],"wp:term":[{"taxonomy":"product_cat","embeddable":true,"href":"https:\/\/www.ehthele.com\/en-ch\/wp-json\/wp\/v2\/product_cat?post=61687"},{"taxonomy":"product_tag","embeddable":true,"href":"https:\/\/www.ehthele.com\/en-ch\/wp-json\/wp\/v2\/product_tag?post=61687"}],"curies":[{"name":"wp","href":"https:\/\/api.w.org\/{rel}","templated":true}]}}