{"id":63730,"date":"2023-06-26T09:22:49","date_gmt":"2023-06-26T09:22:49","guid":{"rendered":"https:\/\/www.ehthele.com\/elixir-pendant\/"},"modified":"2023-10-05T11:27:14","modified_gmt":"2023-10-05T11:27:14","slug":"elixir-pendant","status":"publish","type":"product","link":"https:\/\/www.ehthele.com\/de\/elixir-pendant\/","title":{"rendered":"Elixir Pendant"},"content":{"rendered":"<p>Schm\u00fccken Sie sich mit dem atemberaubenden Elixir Pendant aus der Kollektion Elixir, dem Inbegriff von Eleganz und Verf\u00fchrung. Dieses Collier aus 18 Karat Gelbgold ist mit 27 Diamanten im Brillantschliff von insgesamt 0,35 Karat besetzt. Die filigrane Anordnung der Diamanten erzeugt ein schillerndes Lichtspiel, das mit seinem fesselnden Funkeln die Aufmerksamkeit auf sich zieht. Als Symbol f\u00fcr Raffinesse und Stil ist er perfekt geeignet, um jedem Ensemble einen raffinierten Touch zu verleihen. Ob allein oder in Kombination mit anderen Schmuckst\u00fccken aus der Elixir-Kollektion, dieser Anh\u00e4nger ist ein strahlender Begleiter f\u00fcr jede Gelegenheit.    <\/p>\n","protected":false},"excerpt":{"rendered":"<p><span style=\"font-weight: 400;\">Referenz: Elixir Pendant Diamant-Halskette f\u00fcr Damen und Herren EH-N006YG<\/span><\/p>\n<p><span style=\"font-weight: 400;\">Kollektion: Elixir<\/span><\/p>\n<p><span style=\"font-weight: 400;\">Schmuckart: Halskette<\/span><\/p>\n<p><span style=\"font-weight: 400;\">Metall: Gelbgold<\/span><\/p>\n<p><span style=\"font-weight: 400;\">Steine: Diamant<\/span><\/p>\n<p><span style=\"font-weight: 400;\">Gesamtdiamantgewicht: 0,35 Karat <\/span><\/p>\n<p><span style=\"font-weight: 400;\">Kategorie: Halskette f\u00fcr Frauen und M\u00e4nner <\/span><\/p>\n<p>&nbsp;<\/p>\n<p><span style=\"font-weight: 400;\">Alle St\u00fccke der Ehthele Jewelry Kollektion sind einzigartig. Das Gewicht, die Gr\u00f6\u00dfe und das Karatgewicht jedes St\u00fccks k\u00f6nnen von einem zum anderen leicht variieren.<\/span><\/p>\n","protected":false},"featured_media":23463,"template":"","meta":[],"product_cat":[435],"product_tag":[520],"class_list":{"0":"post-63730","1":"product","2":"type-product","3":"status-publish","4":"has-post-thumbnail","6":"product_cat-halsketten","7":"product_tag-elixir-diamant-kollektion","9":"first","10":"instock","11":"shipping-taxable","12":"purchasable","13":"product-type-simple"},"acf":[],"_links":{"self":[{"href":"https:\/\/www.ehthele.com\/de\/wp-json\/wp\/v2\/product\/63730","targetHints":{"allow":["GET"]}}],"collection":[{"href":"https:\/\/www.ehthele.com\/de\/wp-json\/wp\/v2\/product"}],"about":[{"href":"https:\/\/www.ehthele.com\/de\/wp-json\/wp\/v2\/types\/product"}],"wp:featuredmedia":[{"embeddable":true,"href":"https:\/\/www.ehthele.com\/de\/wp-json\/wp\/v2\/media\/23463"}],"wp:attachment":[{"href":"https:\/\/www.ehthele.com\/de\/wp-json\/wp\/v2\/media?parent=63730"}],"wp:term":[{"taxonomy":"product_cat","embeddable":true,"href":"https:\/\/www.ehthele.com\/de\/wp-json\/wp\/v2\/product_cat?post=63730"},{"taxonomy":"product_tag","embeddable":true,"href":"https:\/\/www.ehthele.com\/de\/wp-json\/wp\/v2\/product_tag?post=63730"}],"curies":[{"name":"wp","href":"https:\/\/api.w.org\/{rel}","templated":true}]}}