{"id":63728,"date":"2023-06-26T10:25:21","date_gmt":"2023-06-26T10:25:21","guid":{"rendered":"https:\/\/www.ehthele.com\/icon-necklace-choker-large\/"},"modified":"2023-06-26T10:25:21","modified_gmt":"2023-06-26T10:25:21","slug":"icon-necklace-choker-large","status":"publish","type":"product","link":"https:\/\/www.ehthele.com\/de\/icon-necklace-choker-large\/","title":{"rendered":"Icon Necklace Choker Large"},"content":{"rendered":"<p>Erleben Sie das Wiederaufleben von Gelbgold, das sich seinen Platz in der Welt des feinen Schmucks zur\u00fcckerobert hat. Dieses in sorgf\u00e4ltiger Handarbeit gefertigte Collier aus 18 Karat Gelbgold ist Teil der Diamantkollektion Icon von Ehthele. Es ziert das Dekollet\u00e9 mit Finesse und setzt ein atemberaubendes Statement. Mit der M\u00f6glichkeit, es verl\u00e4ngert oder doppelt geschlungen zu tragen, erg\u00e4nzt dieser Diamantschmuck f\u00fcr Damen und Herren m\u00fchelos sowohl legere Hemden als auch Cocktailkleider und verleiht jedem Outfit einen Hauch von subtiler Raffinesse.   <\/p>\n","protected":false},"excerpt":{"rendered":"<p><span style=\"font-weight: 400;\">Referenz: Icon Necklace Choker Large Diamant-Halskette f\u00fcr Damen und Herren EH-N003YG<\/span><\/p>\n<p><span style=\"font-weight: 400;\">Kollektion: Icon<\/span><\/p>\n<p><span style=\"font-weight: 400;\">Schmuckart: Halskette<\/span><\/p>\n<p><span style=\"font-weight: 400;\">Metall: Gelbgold<\/span><\/p>\n<p><span style=\"font-weight: 400;\">Steine: Diamant<\/span><\/p>\n<p><span style=\"font-weight: 400;\">Gesamtdiamantgewicht: 4,49 Karat <\/span><\/p>\n<p><span style=\"font-weight: 400;\">Kategorie: Halskette f\u00fcr Frauen und M\u00e4nner <\/span><\/p>\n<p>&nbsp;<\/p>\n<p><span style=\"font-weight: 400;\">Alle St\u00fccke der Ehthele Jewelry Kollektion sind einzigartig. Das Gewicht, die Gr\u00f6\u00dfe und das Karatgewicht jedes St\u00fccks k\u00f6nnen von einem zum anderen leicht variieren.<\/span><\/p>\n","protected":false},"featured_media":23400,"template":"","meta":[],"product_cat":[435],"product_tag":[534],"class_list":{"0":"post-63728","1":"product","2":"type-product","3":"status-publish","4":"has-post-thumbnail","6":"product_cat-halsketten","7":"product_tag-icon-diamant-kollektion","9":"first","10":"instock","11":"shipping-taxable","12":"purchasable","13":"product-type-simple"},"acf":[],"_links":{"self":[{"href":"https:\/\/www.ehthele.com\/de\/wp-json\/wp\/v2\/product\/63728","targetHints":{"allow":["GET"]}}],"collection":[{"href":"https:\/\/www.ehthele.com\/de\/wp-json\/wp\/v2\/product"}],"about":[{"href":"https:\/\/www.ehthele.com\/de\/wp-json\/wp\/v2\/types\/product"}],"wp:featuredmedia":[{"embeddable":true,"href":"https:\/\/www.ehthele.com\/de\/wp-json\/wp\/v2\/media\/23400"}],"wp:attachment":[{"href":"https:\/\/www.ehthele.com\/de\/wp-json\/wp\/v2\/media?parent=63728"}],"wp:term":[{"taxonomy":"product_cat","embeddable":true,"href":"https:\/\/www.ehthele.com\/de\/wp-json\/wp\/v2\/product_cat?post=63728"},{"taxonomy":"product_tag","embeddable":true,"href":"https:\/\/www.ehthele.com\/de\/wp-json\/wp\/v2\/product_tag?post=63728"}],"curies":[{"name":"wp","href":"https:\/\/api.w.org\/{rel}","templated":true}]}}