{"id":63726,"date":"2023-06-26T10:27:14","date_gmt":"2023-06-26T10:27:14","guid":{"rendered":"https:\/\/www.ehthele.com\/icon-necklace-choker-cut\/"},"modified":"2023-06-26T10:27:14","modified_gmt":"2023-06-26T10:27:14","slug":"icon-necklace-choker-cut","status":"publish","type":"product","link":"https:\/\/www.ehthele.com\/de\/icon-necklace-choker-cut\/","title":{"rendered":"Icon Necklace Choker Cut"},"content":{"rendered":"<p>Die Icon Necklace Choker Cut aus 18 Karat Gelbgold wird Ihren Stil mit ihrer exquisiten Ausstrahlung und ihrem bleibenden Eindruck aufwerten. Die 286 Diamanten im Brillantschliff mit einem Gesamtgewicht von 2,59 Karat sorgen f\u00fcr einen strahlenden Glanz und ein strahlendes Aussehen. Die sorgf\u00e4ltige Anordnung der Diamanten schafft ein faszinierendes Muster, das die anmutigen Kurven des Colliers betont. Dieses mit Pr\u00e4zision handgefertigte Collier ist ein Beweis f\u00fcr die tadellose Kunstfertigkeit von Ehthele. Sie ist ein echtes Statement, perfekt f\u00fcr alle, die einen Hauch von Glamour und Luxus suchen. Erkunden Sie die Icon-Kollektion online oder besuchen Sie unsere Boutiquen, um weitere au\u00dfergew\u00f6hnliche Kreationen zu entdecken.     <\/p>\n","protected":false},"excerpt":{"rendered":"<p><span style=\"font-weight: 400;\">Referenz: Icon Necklace Choker Cut Diamant-Halskette f\u00fcr Damen und Herren EH-N003YG<\/span><\/p>\n<p><span style=\"font-weight: 400;\">Kollektion: Icon<\/span><\/p>\n<p><span style=\"font-weight: 400;\">Schmuckart: Halskette<\/span><\/p>\n<p><span style=\"font-weight: 400;\">Metall: Gelbgold<\/span><\/p>\n<p><span style=\"font-weight: 400;\">Steine: Diamant<\/span><\/p>\n<p><span style=\"font-weight: 400;\">Gesamtdiamantgewicht: 2,59 Karat <\/span><\/p>\n<p><span style=\"font-weight: 400;\">Kategorie: Halskette f\u00fcr Frauen und M\u00e4nner<\/span><\/p>\n<p>&nbsp;<\/p>\n<p><span style=\"font-weight: 400;\">Alle St\u00fccke der Ehthele Jewelry Kollektion sind einzigartig. Das Gewicht, die Gr\u00f6\u00dfe und das Karatgewicht jedes St\u00fccks k\u00f6nnen von einem zum anderen leicht variieren.<\/span><\/p>\n","protected":false},"featured_media":23400,"template":"","meta":[],"product_cat":[435],"product_tag":[534],"class_list":{"0":"post-63726","1":"product","2":"type-product","3":"status-publish","4":"has-post-thumbnail","6":"product_cat-halsketten","7":"product_tag-icon-diamant-kollektion","9":"first","10":"instock","11":"shipping-taxable","12":"purchasable","13":"product-type-simple"},"acf":[],"_links":{"self":[{"href":"https:\/\/www.ehthele.com\/de\/wp-json\/wp\/v2\/product\/63726","targetHints":{"allow":["GET"]}}],"collection":[{"href":"https:\/\/www.ehthele.com\/de\/wp-json\/wp\/v2\/product"}],"about":[{"href":"https:\/\/www.ehthele.com\/de\/wp-json\/wp\/v2\/types\/product"}],"wp:featuredmedia":[{"embeddable":true,"href":"https:\/\/www.ehthele.com\/de\/wp-json\/wp\/v2\/media\/23400"}],"wp:attachment":[{"href":"https:\/\/www.ehthele.com\/de\/wp-json\/wp\/v2\/media?parent=63726"}],"wp:term":[{"taxonomy":"product_cat","embeddable":true,"href":"https:\/\/www.ehthele.com\/de\/wp-json\/wp\/v2\/product_cat?post=63726"},{"taxonomy":"product_tag","embeddable":true,"href":"https:\/\/www.ehthele.com\/de\/wp-json\/wp\/v2\/product_tag?post=63726"}],"curies":[{"name":"wp","href":"https:\/\/api.w.org\/{rel}","templated":true}]}}