{"id":63337,"date":"2023-06-26T11:21:42","date_gmt":"2023-06-26T11:21:42","guid":{"rendered":"https:\/\/www.ehthele.com\/essential-stud-earrings\/"},"modified":"2023-06-26T11:21:42","modified_gmt":"2023-06-26T11:21:42","slug":"essential-stud-earrings","status":"publish","type":"product","link":"https:\/\/www.ehthele.com\/de\/essential-stud-earrings\/","title":{"rendered":"Essential Stud Earrings"},"content":{"rendered":"<p>Verlieben Sie sich in die exquisiten Essential Stud Earrings aus der Essential-Kollektion. Handgefertigt mit Pr\u00e4zision aus 18K Wei\u00dfgold sind diese Ohrstecker das Sinnbild f\u00fcr Eleganz und Weiblichkeit. Jeder Ohrstecker ist mit 2 brillantgeschliffenen Diamanten als Mittelstein besetzt, der den Teint zart schmeichelt. Diese Diamantohrstecker kombinieren sich anmutig mit dem Essential Stud Pendant und schaffen ein fesselndes Ensemble, das Ihren Stil mit strahlender Einfachheit aufwertet. Als wesentliches Diamantschmuckst\u00fcck sind diese Ohrringe ein Muss in jeder Schmuckschatulle, perfekt f\u00fcr den Alltag und besondere Anl\u00e4sse gleicherma\u00dfen.<\/p>\n","protected":false},"excerpt":{"rendered":"<p><span style=\"font-weight: 400;\">Referenz: Essential Stud Earrings Diamantohrringe f\u00fcr Frauen und M\u00e4nner EH-E008-30WG<\/span><\/p>\n<p><span style=\"font-weight: 400;\">Kollektion: Essential<\/span><\/p>\n<p><span style=\"font-weight: 400;\">Schmuckart: Ohrringe<\/span><\/p>\n<p><span style=\"font-weight: 400;\">Metall: Wei\u00dfgold<\/span><\/p>\n<p><span style=\"font-weight: 400;\">Steine: Diamant<\/span><\/p>\n<p><span style=\"font-weight: 400;\">Gesamtdiamantgewicht: Von 0,67 Karat bis 1,025 Karat <\/span><\/p>\n<p><span style=\"font-weight: 400;\">Kategorie: Ohrringe f\u00fcr Frauen und M\u00e4nner<\/span><\/p>\n<p>&nbsp;<\/p>\n<p><span style=\"font-weight: 400;\">Alle St\u00fccke der Ehthele Jewelry Kollektion sind einzigartig. Das Gewicht, die Gr\u00f6\u00dfe und das Karatgewicht jedes St\u00fccks k\u00f6nnen von einem zum anderen leicht variieren.<\/span><\/p>\n","protected":false},"featured_media":23638,"template":"","meta":[],"product_cat":[436],"product_tag":[529],"class_list":{"0":"post-63337","1":"product","2":"type-product","3":"status-publish","4":"has-post-thumbnail","6":"product_cat-ohrringe","7":"product_tag-essential-diamant-kollektion","9":"first","10":"instock","11":"shipping-taxable","12":"purchasable","13":"product-type-variable","14":"has-default-attributes"},"acf":[],"_links":{"self":[{"href":"https:\/\/www.ehthele.com\/de\/wp-json\/wp\/v2\/product\/63337","targetHints":{"allow":["GET"]}}],"collection":[{"href":"https:\/\/www.ehthele.com\/de\/wp-json\/wp\/v2\/product"}],"about":[{"href":"https:\/\/www.ehthele.com\/de\/wp-json\/wp\/v2\/types\/product"}],"wp:featuredmedia":[{"embeddable":true,"href":"https:\/\/www.ehthele.com\/de\/wp-json\/wp\/v2\/media\/23638"}],"wp:attachment":[{"href":"https:\/\/www.ehthele.com\/de\/wp-json\/wp\/v2\/media?parent=63337"}],"wp:term":[{"taxonomy":"product_cat","embeddable":true,"href":"https:\/\/www.ehthele.com\/de\/wp-json\/wp\/v2\/product_cat?post=63337"},{"taxonomy":"product_tag","embeddable":true,"href":"https:\/\/www.ehthele.com\/de\/wp-json\/wp\/v2\/product_tag?post=63337"}],"curies":[{"name":"wp","href":"https:\/\/api.w.org\/{rel}","templated":true}]}}